{"id":17576,"date":"2024-10-06T18:27:04","date_gmt":"2024-10-06T16:27:04","guid":{"rendered":"https:\/\/9play.de\/shop\/produkt\/barbie-armbanduhr-und-zwei-walkie-talkies\/"},"modified":"2024-10-06T18:27:09","modified_gmt":"2024-10-06T16:27:09","slug":"barbie-armbanduhr-und-zwei-walkie-talkies","status":"publish","type":"product","link":"https:\/\/9play.de\/shop\/produkt\/barbie-armbanduhr-und-zwei-walkie-talkies\/","title":{"rendered":"Barbie Armbanduhr und zwei Walkie Talkies"},"content":{"rendered":"<p>Das Barbie Set mit Armbanduhr und Funkger\u00e4ten ist das perfekte Geschenk f\u00fcr junge M\u00e4dchen, die gerne Abenteuer erleben und mit ihren Freunden in Kontakt bleiben m\u00f6chten.<br \/>Das Set enth\u00e4lt eine elegante Barbie-Armbanduhr mit einem sch\u00f6nen Barbie-Motiv Zifferblatt und Armband.<br \/>Die Armbanduhr ist ein stilvolles Accessoire, das jedes Outfit vervollst\u00e4ndigt. Zus\u00e4tzlich sind im Set zwei Funkger\u00e4te enthalten, die Barbie und ihre Freunde miteinander verbinden.<br \/>Die Funkger\u00e4te sind in einem s\u00fc\u00dfen Design gestaltet und verf\u00fcgen \u00fcber eine Reichweite von bis zu 30 Metern.<br \/>Mit diesen Funkger\u00e4ten k\u00f6nnen die Kinder stundenlanges Vergn\u00fcgen haben, w\u00e4hrend sie Abenteuer erleben und ihre Fantasie ausleben.<br \/>Die Barbie-Armbanduhr und die Funkger\u00e4te sind das ideale Geschenk f\u00fcr alle jungen M\u00e4dchen, die gerne ihre Freundschaft und ihren Spa\u00df mit ihren Freunden teilen m\u00f6chten.<\/p>\n<p>Inhalt: 1x Armbanduhr, 2x Walkie Talkie.<br \/>Altersempfehlung: ab 3 Jahre<br \/>Verpackung: ca. 29,2 x2 1x 5 cm<br \/>Material: Kunststoff<br \/>Uhrgr\u00f6\u00dfe: L. ca. 22 cm<br \/>Funkger\u00e4ten: 30m Reichweite<br \/>Funkger\u00e4te Stromversorgung: Batterie (im Lieferumfang nicht enthalten)<br \/>Uhr Stromversorgung: Batterie (im Lieferumfang enthalten)<\/p>\n<p>Achtung: Nicht f\u00fcr Kinder unter 36 Monaten geeignet wegen verschluckbarer Kleinteile, Erstickungsgefahr.<\/p>\n<p>Hinweis zur Entsorgung von Altbatterien<\/p>\n<p>Der nachfolgende Hinweis richtet sich an diejenigen, die Batterien oder Produkte mit eingebauten Batterien nutzen und in der an sie gelieferten Form nicht mehr weiterver\u00e4u\u00dfern (Endnutzer):<\/p>\n<p>1. Unentgeltliche R\u00fccknahme von Altbatterien<\/p>\n<p>Batterien d\u00fcrfen nicht \u00fcber den Hausm\u00fcll entsorgt werden. Sie sind zur R\u00fcckgabe von Altbatterien gesetzlich verpflichtet, damit eine fachgerechte Entsorgung gew\u00e4hrleistet werden kann. Sie k\u00f6nnen Altbatterien an einer kommunalen Sammelstelle oder im Handel vor Ort abgeben. Auch wir sind als Vertreiber von Batterien zur R\u00fccknahme von Altbatterien verpflichtet, wobei sich unsere R\u00fccknahmeverpflichtung auf Altbatterien der Art beschr\u00e4nkt, die wir als Neubatterien in unserem Sortiment f\u00fchren oder gef\u00fchrt haben. Altbatterien vorgenannter Art k\u00f6nnen Sie daher entweder ausreichend frankiert an uns zur\u00fccksenden oder sie direkt an unserem Versandlager unter der im Impressum genannten Adresse unentgeltlich abgeben.<\/p>\n<p>2. Bedeutung der Batteriesymbole<\/p>\n<p>Batterien sind mit dem Symbol einer durchgekreuzten M\u00fclltonne gekennzeichnet. Dieses Symbol weist darauf hin, dass Batterien nicht in den Hausm\u00fcll gegeben werden d\u00fcrfen. Bei Batterien, die mehr als 0,0005 Masseprozent Quecksilber, mehr als 0,002 Masseprozent Cadmium oder mehr als 0,004 Masseprozent Blei enthalten, befindet sich unter dem M\u00fclltonnen-Symbol die chemische Bezeichnung des jeweils eingesetzten Schadstoffes \u2013 dabei steht &#8222;Cd&#8220; f\u00fcr Cadmium, &#8222;Pb&#8220; steht f\u00fcr Blei, und &#8222;Hg&#8220; f\u00fcr Quecksilber.<\/p>\n","protected":false},"excerpt":{"rendered":"<p>Die Barbie-Armbanduhr und die Funkger\u00e4te sind das ideale Geschenk f\u00fcr alle jungen M\u00e4dchen<\/p>\n","protected":false},"featured_media":17577,"comment_status":"closed","ping_status":"open","template":"","meta":[],"product_brand":[],"product_cat":[497],"product_tag":[],"class_list":{"0":"post-17576","1":"product","2":"type-product","3":"status-publish","4":"has-post-thumbnail","6":"product_cat-uhren","8":"first","9":"instock","10":"shipping-taxable","11":"purchasable","12":"product-type-simple"},"_links":{"self":[{"href":"https:\/\/9play.de\/shop\/wp-json\/wp\/v2\/product\/17576","targetHints":{"allow":["GET"]}}],"collection":[{"href":"https:\/\/9play.de\/shop\/wp-json\/wp\/v2\/product"}],"about":[{"href":"https:\/\/9play.de\/shop\/wp-json\/wp\/v2\/types\/product"}],"replies":[{"embeddable":true,"href":"https:\/\/9play.de\/shop\/wp-json\/wp\/v2\/comments?post=17576"}],"wp:featuredmedia":[{"embeddable":true,"href":"https:\/\/9play.de\/shop\/wp-json\/wp\/v2\/media\/17577"}],"wp:attachment":[{"href":"https:\/\/9play.de\/shop\/wp-json\/wp\/v2\/media?parent=17576"}],"wp:term":[{"taxonomy":"product_brand","embeddable":true,"href":"https:\/\/9play.de\/shop\/wp-json\/wp\/v2\/product_brand?post=17576"},{"taxonomy":"product_cat","embeddable":true,"href":"https:\/\/9play.de\/shop\/wp-json\/wp\/v2\/product_cat?post=17576"},{"taxonomy":"product_tag","embeddable":true,"href":"https:\/\/9play.de\/shop\/wp-json\/wp\/v2\/product_tag?post=17576"}],"curies":[{"name":"wp","href":"https:\/\/api.w.org\/{rel}","templated":true}]}}