{"id":17584,"date":"2024-10-06T18:27:04","date_gmt":"2024-10-06T16:27:04","guid":{"rendered":"https:\/\/9play.de\/shop\/produkt\/baby-besteck-set-loeffel-und-gabel-farbe-blau\/"},"modified":"2024-10-06T18:27:14","modified_gmt":"2024-10-06T16:27:14","slug":"baby-besteck-set-loeffel-und-gabel-farbe-blau","status":"publish","type":"product","link":"https:\/\/9play.de\/shop\/produkt\/baby-besteck-set-loeffel-und-gabel-farbe-blau\/","title":{"rendered":"Baby Besteck Set L\u00f6ffel und Gabel Farbe Blau"},"content":{"rendered":"<p>Das L\u00f6ffel- und Gabelset von Melany Melephant ist speziell f\u00fcr Babys entwickelt, um ihnen das selbstst\u00e4ndige Essen beizubringen.<br \/>Das Set ist in Zusammenarbeit mit Frootimals entstanden und bietet eine niedliche Begleitung w\u00e4hrend der Mahlzeiten.<br \/>Es besteht aus sicherem Silikon und verf\u00fcgt \u00fcber ein Anti-Sk\u00f6der-System, um Verletzungen zu vermeiden.<\/p>\n<p>Inhalt: 1x L\u00f6ffel, 1x Gabel<br \/>Altersempfehlung: ab 6 Monate<br \/>Verpackung: ca. 15,2 \u00d7 18,2 \u00d7 5,5 cm<br \/>Material: Silikon<\/p>\n<p>Achtung: Benutzung unter unmittelbarer Aufsicht von Erwachsenen.<\/p>\n","protected":false},"excerpt":{"rendered":"<p>Es besteht aus sicherem Silikon und verf\u00fcgt \u00fcber ein Anti-Sk\u00f6der-System, um Verletzungen zu vermeiden<\/p>\n","protected":false},"featured_media":17585,"comment_status":"closed","ping_status":"open","template":"","meta":[],"product_brand":[],"product_cat":[533],"product_tag":[],"class_list":{"0":"post-17584","1":"product","2":"type-product","3":"status-publish","4":"has-post-thumbnail","6":"product_cat-ernaehrung","8":"first","9":"instock","10":"shipping-taxable","11":"purchasable","12":"product-type-simple"},"_links":{"self":[{"href":"https:\/\/9play.de\/shop\/wp-json\/wp\/v2\/product\/17584","targetHints":{"allow":["GET"]}}],"collection":[{"href":"https:\/\/9play.de\/shop\/wp-json\/wp\/v2\/product"}],"about":[{"href":"https:\/\/9play.de\/shop\/wp-json\/wp\/v2\/types\/product"}],"replies":[{"embeddable":true,"href":"https:\/\/9play.de\/shop\/wp-json\/wp\/v2\/comments?post=17584"}],"wp:featuredmedia":[{"embeddable":true,"href":"https:\/\/9play.de\/shop\/wp-json\/wp\/v2\/media\/17585"}],"wp:attachment":[{"href":"https:\/\/9play.de\/shop\/wp-json\/wp\/v2\/media?parent=17584"}],"wp:term":[{"taxonomy":"product_brand","embeddable":true,"href":"https:\/\/9play.de\/shop\/wp-json\/wp\/v2\/product_brand?post=17584"},{"taxonomy":"product_cat","embeddable":true,"href":"https:\/\/9play.de\/shop\/wp-json\/wp\/v2\/product_cat?post=17584"},{"taxonomy":"product_tag","embeddable":true,"href":"https:\/\/9play.de\/shop\/wp-json\/wp\/v2\/product_tag?post=17584"}],"curies":[{"name":"wp","href":"https:\/\/api.w.org\/{rel}","templated":true}]}}