{"id":17590,"date":"2024-10-06T18:27:04","date_gmt":"2024-10-06T16:27:04","guid":{"rendered":"https:\/\/9play.de\/shop\/produkt\/baby-silikon-fruchtsauger-gemuesesauger-elefant\/"},"modified":"2024-10-06T18:27:17","modified_gmt":"2024-10-06T16:27:17","slug":"baby-silikon-fruchtsauger-gemuesesauger-elefant","status":"publish","type":"product","link":"https:\/\/9play.de\/shop\/produkt\/baby-silikon-fruchtsauger-gemuesesauger-elefant\/","title":{"rendered":"Baby Silikon Fruchtsauger Gem\u00fcsesauger Elefant"},"content":{"rendered":"<p>Das Silikon-Sauger ist ein Zubeh\u00f6r, das speziell f\u00fcr die F\u00fctterungszeit von Babys entwickelt wurde.<br \/>Es unterst\u00fctzt die fr\u00fche Entwicklung des Babys von fl\u00fcssiger zu fester Nahrung.<br \/>Der Schnuller hat ein Fach, in das feste Fr\u00fcchte gelegt werden k\u00f6nnen, und das Baby lernt nach und nach zu kauen, um das Essen zu bekommen.<br \/>Der Schnuller kann auch im Gefrierschrank gek\u00fchlt werden, um das Zahnfleisch des Babys zu beruhigen, wenn es mit dem Zahnen beginnt.<br \/>Das Silikonmaterial ist sicher f\u00fcr das Baby.<br \/>Melany Melephant empfiehlt das Silikon-Saug als Begleiter f\u00fcr jede Mahlzeit Ihres Babys.&nbsp;<\/p>\n<p>Inhalt: 1x Silikon-Schnuller (Fruchtsauger \/ Gem\u00fcsesauger)<br \/>Altersempfehlung: ab 6 Monate<br \/>Verpackung: ca. 15,6 \u00d7 12,7 x 3 cm<br \/>Material: Silikon<\/p>\n<p>Achtung: Benutzung unter unmittelbarer Aufsicht von Erwachsenen.<\/p>\n","protected":false},"excerpt":{"rendered":"<p>Der Schnuller kann auch im Gefrierschrank gek\u00fchlt werden, um das Zahnfleisch des Babys zu beruhigen<\/p>\n","protected":false},"featured_media":17591,"comment_status":"closed","ping_status":"open","template":"","meta":[],"product_brand":[],"product_cat":[534],"product_tag":[],"class_list":{"0":"post-17590","1":"product","2":"type-product","3":"status-publish","4":"has-post-thumbnail","6":"product_cat-schnuller-beissringe","8":"first","9":"instock","10":"shipping-taxable","11":"purchasable","12":"product-type-simple"},"_links":{"self":[{"href":"https:\/\/9play.de\/shop\/wp-json\/wp\/v2\/product\/17590","targetHints":{"allow":["GET"]}}],"collection":[{"href":"https:\/\/9play.de\/shop\/wp-json\/wp\/v2\/product"}],"about":[{"href":"https:\/\/9play.de\/shop\/wp-json\/wp\/v2\/types\/product"}],"replies":[{"embeddable":true,"href":"https:\/\/9play.de\/shop\/wp-json\/wp\/v2\/comments?post=17590"}],"wp:featuredmedia":[{"embeddable":true,"href":"https:\/\/9play.de\/shop\/wp-json\/wp\/v2\/media\/17591"}],"wp:attachment":[{"href":"https:\/\/9play.de\/shop\/wp-json\/wp\/v2\/media?parent=17590"}],"wp:term":[{"taxonomy":"product_brand","embeddable":true,"href":"https:\/\/9play.de\/shop\/wp-json\/wp\/v2\/product_brand?post=17590"},{"taxonomy":"product_cat","embeddable":true,"href":"https:\/\/9play.de\/shop\/wp-json\/wp\/v2\/product_cat?post=17590"},{"taxonomy":"product_tag","embeddable":true,"href":"https:\/\/9play.de\/shop\/wp-json\/wp\/v2\/product_tag?post=17590"}],"curies":[{"name":"wp","href":"https:\/\/api.w.org\/{rel}","templated":true}]}}