{"id":17599,"date":"2024-10-06T18:27:04","date_gmt":"2024-10-06T16:27:04","guid":{"rendered":"https:\/\/9play.de\/shop\/produkt\/baby-anti-rutsch-teller-schmetterling\/"},"modified":"2024-10-06T18:27:22","modified_gmt":"2024-10-06T16:27:22","slug":"baby-anti-rutsch-teller-schmetterling","status":"publish","type":"product","link":"https:\/\/9play.de\/shop\/produkt\/baby-anti-rutsch-teller-schmetterling\/","title":{"rendered":"Baby Anti Rutsch Teller Schmetterling"},"content":{"rendered":"<p>Die OrangieFly-Silikonplatte ist ein ideales Hilfsmittel f\u00fcr Eltern, die ihre Babys dabei unterst\u00fctzen m\u00f6chten, das Essen eigenst\u00e4ndig zu entdecken und zu genie\u00dfen.<br \/>Dank des Anti-Rutsch-Systems kann die Platte auf jeder Oberfl\u00e4che befestigt werden und sorgt f\u00fcr ein stabiles und sicheres Esserlebnis.<br \/>Die Platte verf\u00fcgt \u00fcber 3 F\u00e4cher, die das Essen perfekt voneinander trennen.<br \/>Ausgestattet mit Silikonmaterial, ist die OrangieFly-Platte leicht und handlich f\u00fcr den einfachen Transport.<\/p>\n<p>Inhalt: 1x Silikon-Teller<br \/>Altersempfehlung: ab 6 Monate<br \/>Verpackung: ca. 27,5 x 19,3 x 3 cm<br \/>Material: Silikon<\/p>\n<p>Achtung: Benutzung unter unmittelbarer Aufsicht von Erwachsenen.<\/p>\n","protected":false},"excerpt":{"rendered":"<p>Die Platte verf\u00fcgt \u00fcber 3 F\u00e4cher, die das Essen perfekt voneinander trennen.<\/p>\n","protected":false},"featured_media":17600,"comment_status":"closed","ping_status":"open","template":"","meta":[],"product_brand":[],"product_cat":[533],"product_tag":[],"class_list":{"0":"post-17599","1":"product","2":"type-product","3":"status-publish","4":"has-post-thumbnail","6":"product_cat-ernaehrung","8":"first","9":"instock","10":"shipping-taxable","11":"purchasable","12":"product-type-simple"},"_links":{"self":[{"href":"https:\/\/9play.de\/shop\/wp-json\/wp\/v2\/product\/17599","targetHints":{"allow":["GET"]}}],"collection":[{"href":"https:\/\/9play.de\/shop\/wp-json\/wp\/v2\/product"}],"about":[{"href":"https:\/\/9play.de\/shop\/wp-json\/wp\/v2\/types\/product"}],"replies":[{"embeddable":true,"href":"https:\/\/9play.de\/shop\/wp-json\/wp\/v2\/comments?post=17599"}],"wp:featuredmedia":[{"embeddable":true,"href":"https:\/\/9play.de\/shop\/wp-json\/wp\/v2\/media\/17600"}],"wp:attachment":[{"href":"https:\/\/9play.de\/shop\/wp-json\/wp\/v2\/media?parent=17599"}],"wp:term":[{"taxonomy":"product_brand","embeddable":true,"href":"https:\/\/9play.de\/shop\/wp-json\/wp\/v2\/product_brand?post=17599"},{"taxonomy":"product_cat","embeddable":true,"href":"https:\/\/9play.de\/shop\/wp-json\/wp\/v2\/product_cat?post=17599"},{"taxonomy":"product_tag","embeddable":true,"href":"https:\/\/9play.de\/shop\/wp-json\/wp\/v2\/product_tag?post=17599"}],"curies":[{"name":"wp","href":"https:\/\/api.w.org\/{rel}","templated":true}]}}