{"id":17605,"date":"2024-10-06T18:27:04","date_gmt":"2024-10-06T16:27:04","guid":{"rendered":"https:\/\/9play.de\/shop\/produkt\/baby-lern-trinkbecher-schmetterling\/"},"modified":"2024-10-06T18:27:25","modified_gmt":"2024-10-06T16:27:25","slug":"baby-lern-trinkbecher-schmetterling","status":"publish","type":"product","link":"https:\/\/9play.de\/shop\/produkt\/baby-lern-trinkbecher-schmetterling\/","title":{"rendered":"Baby Lern Trinkbecher Schmetterling"},"content":{"rendered":"<p>Der Bubba Tropibear-Trainingsbecher ist ein idealer Trinkbecher f\u00fcr Babys, die lernen, alleine aus einem Becher zu trinken. Mit seinen Griffen ist er leicht zu halten und unterst\u00fctzt somit die fr\u00fche Entwicklung des Kindes. Die weiche Silikondeckel&nbsp;erm\u00f6glicht es dem Baby, auf ihr zu kauen, um das Wasser herauszuholen und so zu lernen, wie ein \u00e4lteres Kind zu trinken. Zus\u00e4tzlich kann die Tasse mit dem Silikon in den Gefrierschrank gelegt werden, um das Zahnfleisch des Kindes zu beruhigen, wenn die Z\u00e4hne kommen.<\/p>\n<p>Inhalt: 1x Trinkbecher<br \/>Altersempfehlung: ab 6 Monate<br \/>Verpackung: ca. 11 x 14.6 x 11 cm<br \/>Material: Silikon<\/p>\n<p>Achtung: Benutzung unter unmittelbarer Aufsicht von Erwachsenen.<\/p>\n","protected":false},"excerpt":{"rendered":"<p>Mit seinen Griffen ist er leicht zu halten und unterst\u00fctzt somit die fr\u00fche Entwicklung des Kindes.<\/p>\n","protected":false},"featured_media":17606,"comment_status":"closed","ping_status":"open","template":"","meta":[],"product_brand":[],"product_cat":[533],"product_tag":[],"class_list":{"0":"post-17605","1":"product","2":"type-product","3":"status-publish","4":"has-post-thumbnail","6":"product_cat-ernaehrung","8":"first","9":"instock","10":"shipping-taxable","11":"purchasable","12":"product-type-simple"},"_links":{"self":[{"href":"https:\/\/9play.de\/shop\/wp-json\/wp\/v2\/product\/17605","targetHints":{"allow":["GET"]}}],"collection":[{"href":"https:\/\/9play.de\/shop\/wp-json\/wp\/v2\/product"}],"about":[{"href":"https:\/\/9play.de\/shop\/wp-json\/wp\/v2\/types\/product"}],"replies":[{"embeddable":true,"href":"https:\/\/9play.de\/shop\/wp-json\/wp\/v2\/comments?post=17605"}],"wp:featuredmedia":[{"embeddable":true,"href":"https:\/\/9play.de\/shop\/wp-json\/wp\/v2\/media\/17606"}],"wp:attachment":[{"href":"https:\/\/9play.de\/shop\/wp-json\/wp\/v2\/media?parent=17605"}],"wp:term":[{"taxonomy":"product_brand","embeddable":true,"href":"https:\/\/9play.de\/shop\/wp-json\/wp\/v2\/product_brand?post=17605"},{"taxonomy":"product_cat","embeddable":true,"href":"https:\/\/9play.de\/shop\/wp-json\/wp\/v2\/product_cat?post=17605"},{"taxonomy":"product_tag","embeddable":true,"href":"https:\/\/9play.de\/shop\/wp-json\/wp\/v2\/product_tag?post=17605"}],"curies":[{"name":"wp","href":"https:\/\/api.w.org\/{rel}","templated":true}]}}