{"id":17611,"date":"2024-10-06T18:27:04","date_gmt":"2024-10-06T16:27:04","guid":{"rendered":"https:\/\/9play.de\/shop\/produkt\/baby-silikon-laken-laetzchen-avocado\/"},"modified":"2024-10-06T18:27:28","modified_gmt":"2024-10-06T16:27:28","slug":"baby-silikon-laken-laetzchen-avocado","status":"publish","type":"product","link":"https:\/\/9play.de\/shop\/produkt\/baby-silikon-laken-laetzchen-avocado\/","title":{"rendered":"Baby Silikon Laken L\u00e4tzchen Avocado"},"content":{"rendered":"<p>Die Miss Pio Chickicado L\u00e4tzchen&nbsp;ist ein lustiges und praktisches Accessoire f\u00fcr Babys bei den Mahlzeiten.<br \/>Der Latz verf\u00fcgt \u00fcber eine Vordertasche, die hilft, Lebensmittelabf\u00e4lle zu minimieren, w\u00e4hrend das Kind lernt, selbst zu essen.<br \/>Die verstellbare Befestigung erm\u00f6glicht es, den Latz sicher und bequem um den Hals des Babys zu tragen.<br \/>Hergestellt aus Silikonmaterial, kann der Latz einfach aufgerollt und \u00fcberall hin mitgenommen werden.<\/p>\n<p>Inhalt: 1x L\u00e4tzchen<br \/>Altersempfehlung: ab 6 Monate<br \/>Verpackung: ca. 22,4 x 13,1 x 3 cm<br \/>Material: Silikon<\/p>\n<p>Achtung: Benutzung unter unmittelbarer Aufsicht von Erwachsenen.<\/p>\n","protected":false},"excerpt":{"rendered":"<p>Der Latz verf\u00fcgt \u00fcber eine Vordertasche, die hilft, Lebensmittelabf\u00e4lle zu minimieren<\/p>\n","protected":false},"featured_media":17612,"comment_status":"closed","ping_status":"open","template":"","meta":[],"product_brand":[],"product_cat":[461],"product_tag":[],"class_list":{"0":"post-17611","1":"product","2":"type-product","3":"status-publish","4":"has-post-thumbnail","6":"product_cat-geschirr-besteck","8":"first","9":"instock","10":"shipping-taxable","11":"purchasable","12":"product-type-simple"},"_links":{"self":[{"href":"https:\/\/9play.de\/shop\/wp-json\/wp\/v2\/product\/17611","targetHints":{"allow":["GET"]}}],"collection":[{"href":"https:\/\/9play.de\/shop\/wp-json\/wp\/v2\/product"}],"about":[{"href":"https:\/\/9play.de\/shop\/wp-json\/wp\/v2\/types\/product"}],"replies":[{"embeddable":true,"href":"https:\/\/9play.de\/shop\/wp-json\/wp\/v2\/comments?post=17611"}],"wp:featuredmedia":[{"embeddable":true,"href":"https:\/\/9play.de\/shop\/wp-json\/wp\/v2\/media\/17612"}],"wp:attachment":[{"href":"https:\/\/9play.de\/shop\/wp-json\/wp\/v2\/media?parent=17611"}],"wp:term":[{"taxonomy":"product_brand","embeddable":true,"href":"https:\/\/9play.de\/shop\/wp-json\/wp\/v2\/product_brand?post=17611"},{"taxonomy":"product_cat","embeddable":true,"href":"https:\/\/9play.de\/shop\/wp-json\/wp\/v2\/product_cat?post=17611"},{"taxonomy":"product_tag","embeddable":true,"href":"https:\/\/9play.de\/shop\/wp-json\/wp\/v2\/product_tag?post=17611"}],"curies":[{"name":"wp","href":"https:\/\/api.w.org\/{rel}","templated":true}]}}