{"id":17614,"date":"2024-10-06T18:27:04","date_gmt":"2024-10-06T16:27:04","guid":{"rendered":"https:\/\/9play.de\/shop\/produkt\/baby-silikon-laken-laetzchen-elefant\/"},"modified":"2024-10-06T18:27:30","modified_gmt":"2024-10-06T16:27:30","slug":"baby-silikon-laken-laetzchen-elefant","status":"publish","type":"product","link":"https:\/\/9play.de\/shop\/produkt\/baby-silikon-laken-laetzchen-elefant\/","title":{"rendered":"Baby Silikon Laken L\u00e4tzchen Elefant"},"content":{"rendered":"<p>Melany Melephant ist ein niedliches und praktisches L\u00e4tzchen f\u00fcr Babys, das beim F\u00fcttern eine gro\u00dfe Hilfe ist!<br \/>Die Vordertasche des L\u00e4tzchens minimiert die Lebensmittelverschwendung, indem sie auff\u00e4ngt, was daneben geht.<br \/>Das L\u00e4tzchen ist mit einem verstellbaren Verschluss ausgestattet, der eng um den Hals des Babys passt und das Essen sauber h\u00e4lt.<br \/>Hergestellt aus Silikon, ist es leicht aufrollbar und somit ideal f\u00fcr unterwegs.<br \/>Mit Melany Melephant wird das Essenlernen f\u00fcr Babys einfacher und macht auch noch Spa\u00df!<\/p>\n<p>Inhalt: 1x L\u00e4tzchen<br \/>Altersempfehlung: ab 6 Monate<br \/>Verpackung: ca. 22,4 x 13,1 x 3 cm<br \/>Material: Silikon<\/p>\n<p>Achtung: Benutzung unter unmittelbarer Aufsicht von Erwachsenen.<\/p>\n","protected":false},"excerpt":{"rendered":"<p>Mit Melany Melephant wird das Essenlernen f\u00fcr Babys einfacher und macht auch noch Spa\u00df!<\/p>\n","protected":false},"featured_media":17615,"comment_status":"closed","ping_status":"open","template":"","meta":[],"product_brand":[],"product_cat":[461],"product_tag":[],"class_list":{"0":"post-17614","1":"product","2":"type-product","3":"status-publish","4":"has-post-thumbnail","6":"product_cat-geschirr-besteck","8":"first","9":"instock","10":"shipping-taxable","11":"purchasable","12":"product-type-simple"},"_links":{"self":[{"href":"https:\/\/9play.de\/shop\/wp-json\/wp\/v2\/product\/17614","targetHints":{"allow":["GET"]}}],"collection":[{"href":"https:\/\/9play.de\/shop\/wp-json\/wp\/v2\/product"}],"about":[{"href":"https:\/\/9play.de\/shop\/wp-json\/wp\/v2\/types\/product"}],"replies":[{"embeddable":true,"href":"https:\/\/9play.de\/shop\/wp-json\/wp\/v2\/comments?post=17614"}],"wp:featuredmedia":[{"embeddable":true,"href":"https:\/\/9play.de\/shop\/wp-json\/wp\/v2\/media\/17615"}],"wp:attachment":[{"href":"https:\/\/9play.de\/shop\/wp-json\/wp\/v2\/media?parent=17614"}],"wp:term":[{"taxonomy":"product_brand","embeddable":true,"href":"https:\/\/9play.de\/shop\/wp-json\/wp\/v2\/product_brand?post=17614"},{"taxonomy":"product_cat","embeddable":true,"href":"https:\/\/9play.de\/shop\/wp-json\/wp\/v2\/product_cat?post=17614"},{"taxonomy":"product_tag","embeddable":true,"href":"https:\/\/9play.de\/shop\/wp-json\/wp\/v2\/product_tag?post=17614"}],"curies":[{"name":"wp","href":"https:\/\/api.w.org\/{rel}","templated":true}]}}