{"id":17617,"date":"2024-10-06T18:27:04","date_gmt":"2024-10-06T16:27:04","guid":{"rendered":"https:\/\/9play.de\/shop\/produkt\/baby-silikon-laken-laetzchen-baer\/"},"modified":"2024-10-06T18:27:32","modified_gmt":"2024-10-06T16:27:32","slug":"baby-silikon-laken-laetzchen-baer","status":"publish","type":"product","link":"https:\/\/9play.de\/shop\/produkt\/baby-silikon-laken-laetzchen-baer\/","title":{"rendered":"Baby Silikon Laken L\u00e4tzchen B\u00e4r"},"content":{"rendered":"<p>Bubba Tropibear ist ein praktisches und unterhaltsames L\u00e4tzchen, das Ihr Baby bei jeder Mahlzeit begleitet.<br \/>Das L\u00e4tzchen verf\u00fcgt \u00fcber eine Vordertasche, die dazu beitr\u00e4gt, Lebensmittelverschwendung zu minimieren, w\u00e4hrend Ihr Kind lernt, selbst zu essen.<br \/>Der verstellbare Verschluss sorgt f\u00fcr eine sichere und bequeme Passform um den Hals Ihres Babys.<br \/>Das L\u00e4tzchen besteht aus Silikon und kann leicht aufgerollt und \u00fcberallhin mitgenommen werden.&nbsp;<\/p>\n<p>Inhalt: 1x L\u00e4tzchen<br \/>Altersempfehlung: ab 6 Monate<br \/>Verpackung: ca. 22,4 x 13,1 x 3 cm<br \/>Material: Silikon<\/p>\n<p>Achtung: Benutzung unter unmittelbarer Aufsicht von Erwachsenen.<\/p>\n","protected":false},"excerpt":{"rendered":"<p>Das L\u00e4tzchen besteht aus Silikon und kann leicht aufgerollt und \u00fcberallhin mitgenommen werden<\/p>\n","protected":false},"featured_media":17618,"comment_status":"closed","ping_status":"open","template":"","meta":[],"product_brand":[],"product_cat":[461],"product_tag":[],"class_list":{"0":"post-17617","1":"product","2":"type-product","3":"status-publish","4":"has-post-thumbnail","6":"product_cat-geschirr-besteck","8":"first","9":"instock","10":"shipping-taxable","11":"purchasable","12":"product-type-simple"},"_links":{"self":[{"href":"https:\/\/9play.de\/shop\/wp-json\/wp\/v2\/product\/17617","targetHints":{"allow":["GET"]}}],"collection":[{"href":"https:\/\/9play.de\/shop\/wp-json\/wp\/v2\/product"}],"about":[{"href":"https:\/\/9play.de\/shop\/wp-json\/wp\/v2\/types\/product"}],"replies":[{"embeddable":true,"href":"https:\/\/9play.de\/shop\/wp-json\/wp\/v2\/comments?post=17617"}],"wp:featuredmedia":[{"embeddable":true,"href":"https:\/\/9play.de\/shop\/wp-json\/wp\/v2\/media\/17618"}],"wp:attachment":[{"href":"https:\/\/9play.de\/shop\/wp-json\/wp\/v2\/media?parent=17617"}],"wp:term":[{"taxonomy":"product_brand","embeddable":true,"href":"https:\/\/9play.de\/shop\/wp-json\/wp\/v2\/product_brand?post=17617"},{"taxonomy":"product_cat","embeddable":true,"href":"https:\/\/9play.de\/shop\/wp-json\/wp\/v2\/product_cat?post=17617"},{"taxonomy":"product_tag","embeddable":true,"href":"https:\/\/9play.de\/shop\/wp-json\/wp\/v2\/product_tag?post=17617"}],"curies":[{"name":"wp","href":"https:\/\/api.w.org\/{rel}","templated":true}]}}