{"id":17620,"date":"2024-10-06T18:27:04","date_gmt":"2024-10-06T16:27:04","guid":{"rendered":"https:\/\/9play.de\/shop\/produkt\/baby-schmusetuch-plueschspielzeug-elefant\/"},"modified":"2024-10-06T18:27:33","modified_gmt":"2024-10-06T16:27:33","slug":"baby-schmusetuch-plueschspielzeug-elefant","status":"publish","type":"product","link":"https:\/\/9play.de\/shop\/produkt\/baby-schmusetuch-plueschspielzeug-elefant\/","title":{"rendered":"Baby Schmusetuch Pl\u00fcschspielzeug Elefant"},"content":{"rendered":"<p>Das Melany Melephant Pl\u00fcsch-Doudou ist ein weicher und gem\u00fctlicher Begleiter f\u00fcr Babys, der dabei hilft, sie zu beruhigen und alleine schlafen zu lassen.<br \/>Es ist speziell f\u00fcr unruhige Babys konzipiert.<br \/>Dank seiner weichen Ber\u00fchrung wird es schnell zum besten Freund Ihres Babys und hilft dabei, eine angenehme Schlafumgebung zu schaffen.&nbsp;<\/p>\n<p>Inhalt: 1x Pl\u00fcschtier<br \/>Altersempfehlung: ab 6 Monate<br \/>Verpackung: ca. 14,7 x 26 x 10 cm<br \/>Material: Pl\u00fcsch<\/p>\n<p>Achtung: Benutzung unter unmittelbarer Aufsicht von Erwachsenen.<\/p>\n","protected":false},"excerpt":{"rendered":"<p>Es ist speziell f\u00fcr unruhige Babys konzipiert.<\/p>\n","protected":false},"featured_media":17621,"comment_status":"closed","ping_status":"open","template":"","meta":[],"product_brand":[],"product_cat":[520],"product_tag":[],"class_list":{"0":"post-17620","1":"product","2":"type-product","3":"status-publish","4":"has-post-thumbnail","6":"product_cat-plueschtiere","8":"first","9":"instock","10":"shipping-taxable","11":"purchasable","12":"product-type-simple"},"_links":{"self":[{"href":"https:\/\/9play.de\/shop\/wp-json\/wp\/v2\/product\/17620","targetHints":{"allow":["GET"]}}],"collection":[{"href":"https:\/\/9play.de\/shop\/wp-json\/wp\/v2\/product"}],"about":[{"href":"https:\/\/9play.de\/shop\/wp-json\/wp\/v2\/types\/product"}],"replies":[{"embeddable":true,"href":"https:\/\/9play.de\/shop\/wp-json\/wp\/v2\/comments?post=17620"}],"wp:featuredmedia":[{"embeddable":true,"href":"https:\/\/9play.de\/shop\/wp-json\/wp\/v2\/media\/17621"}],"wp:attachment":[{"href":"https:\/\/9play.de\/shop\/wp-json\/wp\/v2\/media?parent=17620"}],"wp:term":[{"taxonomy":"product_brand","embeddable":true,"href":"https:\/\/9play.de\/shop\/wp-json\/wp\/v2\/product_brand?post=17620"},{"taxonomy":"product_cat","embeddable":true,"href":"https:\/\/9play.de\/shop\/wp-json\/wp\/v2\/product_cat?post=17620"},{"taxonomy":"product_tag","embeddable":true,"href":"https:\/\/9play.de\/shop\/wp-json\/wp\/v2\/product_tag?post=17620"}],"curies":[{"name":"wp","href":"https:\/\/api.w.org\/{rel}","templated":true}]}}