{"id":17623,"date":"2024-10-06T18:27:04","date_gmt":"2024-10-06T16:27:04","guid":{"rendered":"https:\/\/9play.de\/shop\/produkt\/baby-schmusetuch-plueschspielzeug-baer\/"},"modified":"2024-10-06T18:27:35","modified_gmt":"2024-10-06T16:27:35","slug":"baby-schmusetuch-plueschspielzeug-baer","status":"publish","type":"product","link":"https:\/\/9play.de\/shop\/produkt\/baby-schmusetuch-plueschspielzeug-baer\/","title":{"rendered":"Baby Schmusetuch Pl\u00fcschspielzeug B\u00e4r"},"content":{"rendered":"<p>Wenn Ihr Baby unruhig wird, wenn es Zeit ist, schlafen zu gehen, bringen wir Ihnen die L\u00f6sung.<br \/>Dieser Bubba Tropibear Pl\u00fcsch-Doudou wird Ihren Kleinen beruhigen und ihm helfen, alleine zu schlafen.<br \/>Es wird dank seiner weichen und gem\u00fctlichen Ber\u00fchrung sein bester Freund werden.<\/p>\n<p>Inhalt: 1x Pl\u00fcschtier<br \/>Altersempfehlung: ab 6 Monate<br \/>Verpackung: ca. 14,7 x 26 x 10 cm<br \/>Material: Pl\u00fcsch&nbsp;<\/p>\n<p>Achtung: Benutzung unter unmittelbarer Aufsicht von Erwachsenen.<\/p>\n","protected":false},"excerpt":{"rendered":"<p>Wenn Ihr Baby unruhig wird, wenn es Zeit ist, schlafen zu gehen, bringen wir Ihnen die L\u00f6sung.<\/p>\n","protected":false},"featured_media":17624,"comment_status":"closed","ping_status":"open","template":"","meta":[],"product_brand":[],"product_cat":[520],"product_tag":[],"class_list":{"0":"post-17623","1":"product","2":"type-product","3":"status-publish","4":"has-post-thumbnail","6":"product_cat-plueschtiere","8":"first","9":"instock","10":"shipping-taxable","11":"purchasable","12":"product-type-simple"},"_links":{"self":[{"href":"https:\/\/9play.de\/shop\/wp-json\/wp\/v2\/product\/17623","targetHints":{"allow":["GET"]}}],"collection":[{"href":"https:\/\/9play.de\/shop\/wp-json\/wp\/v2\/product"}],"about":[{"href":"https:\/\/9play.de\/shop\/wp-json\/wp\/v2\/types\/product"}],"replies":[{"embeddable":true,"href":"https:\/\/9play.de\/shop\/wp-json\/wp\/v2\/comments?post=17623"}],"wp:featuredmedia":[{"embeddable":true,"href":"https:\/\/9play.de\/shop\/wp-json\/wp\/v2\/media\/17624"}],"wp:attachment":[{"href":"https:\/\/9play.de\/shop\/wp-json\/wp\/v2\/media?parent=17623"}],"wp:term":[{"taxonomy":"product_brand","embeddable":true,"href":"https:\/\/9play.de\/shop\/wp-json\/wp\/v2\/product_brand?post=17623"},{"taxonomy":"product_cat","embeddable":true,"href":"https:\/\/9play.de\/shop\/wp-json\/wp\/v2\/product_cat?post=17623"},{"taxonomy":"product_tag","embeddable":true,"href":"https:\/\/9play.de\/shop\/wp-json\/wp\/v2\/product_tag?post=17623"}],"curies":[{"name":"wp","href":"https:\/\/api.w.org\/{rel}","templated":true}]}}