{"id":17626,"date":"2024-10-06T18:27:38","date_gmt":"2024-10-06T16:27:38","guid":{"rendered":"https:\/\/9play.de\/shop\/produkt\/baby-schuller-mit-einem-plueschspielzeug-elefant\/"},"modified":"2024-10-06T18:27:38","modified_gmt":"2024-10-06T16:27:38","slug":"baby-schuller-mit-einem-plueschspielzeug-elefant","status":"publish","type":"product","link":"https:\/\/9play.de\/shop\/produkt\/baby-schuller-mit-einem-plueschspielzeug-elefant\/","title":{"rendered":"Baby Schuller mit einem Pl\u00fcschspielzeug Elefant"},"content":{"rendered":"<p>Melany Melephant ist ein Pl\u00fcschtier mit einem austauschbaren Schnuller, der als perfekter Schlafbegleiter f\u00fcr Babys dient. Seine weiche und angenehme Ber\u00fchrung bietet Komfort und Unterst\u00fctzung w\u00e4hrend des Schlafes.<br \/>Pl\u00fcschelefantt ist ein beruhigender Begleiter, der dazu beitragen kann, Ihr Baby in eine friedliche und ruhige Nacht zu begleiten und ihm zu helfen, sich w\u00e4hrend des Lernprozesses zu tr\u00f6sten.<\/p>\n<p>Inhalt: 1x Pl\u00fcschtier mit Schnuller<br \/>Altersempfehlung: ab 0 Monate<br \/>Verpackung: ca. 12,7 x 21,2 x 7,1 cm.<br \/>Material: Pl\u00fcsch, Silikon<\/p>\n<p>Achtung: Benutzung unter unmittelbarer Aufsicht von Erwachsenen.<\/p>\n","protected":false},"excerpt":{"rendered":"<p>Seine weiche und angenehme Ber\u00fchrung bietet Komfort und Unterst\u00fctzung w\u00e4hrend des Schlafes.<\/p>\n","protected":false},"featured_media":17627,"comment_status":"closed","ping_status":"open","template":"","meta":[],"product_brand":[],"product_cat":[534],"product_tag":[],"class_list":{"0":"post-17626","1":"product","2":"type-product","3":"status-publish","4":"has-post-thumbnail","6":"product_cat-schnuller-beissringe","8":"first","9":"instock","10":"shipping-taxable","11":"purchasable","12":"product-type-simple"},"_links":{"self":[{"href":"https:\/\/9play.de\/shop\/wp-json\/wp\/v2\/product\/17626","targetHints":{"allow":["GET"]}}],"collection":[{"href":"https:\/\/9play.de\/shop\/wp-json\/wp\/v2\/product"}],"about":[{"href":"https:\/\/9play.de\/shop\/wp-json\/wp\/v2\/types\/product"}],"replies":[{"embeddable":true,"href":"https:\/\/9play.de\/shop\/wp-json\/wp\/v2\/comments?post=17626"}],"wp:featuredmedia":[{"embeddable":true,"href":"https:\/\/9play.de\/shop\/wp-json\/wp\/v2\/media\/17627"}],"wp:attachment":[{"href":"https:\/\/9play.de\/shop\/wp-json\/wp\/v2\/media?parent=17626"}],"wp:term":[{"taxonomy":"product_brand","embeddable":true,"href":"https:\/\/9play.de\/shop\/wp-json\/wp\/v2\/product_brand?post=17626"},{"taxonomy":"product_cat","embeddable":true,"href":"https:\/\/9play.de\/shop\/wp-json\/wp\/v2\/product_cat?post=17626"},{"taxonomy":"product_tag","embeddable":true,"href":"https:\/\/9play.de\/shop\/wp-json\/wp\/v2\/product_tag?post=17626"}],"curies":[{"name":"wp","href":"https:\/\/api.w.org\/{rel}","templated":true}]}}