{"id":17629,"date":"2024-10-06T18:27:38","date_gmt":"2024-10-06T16:27:38","guid":{"rendered":"https:\/\/9play.de\/shop\/produkt\/baby-schuller-mit-einem-plueschspielzeug-baer\/"},"modified":"2024-10-06T18:27:40","modified_gmt":"2024-10-06T16:27:40","slug":"baby-schuller-mit-einem-plueschspielzeug-baer","status":"publish","type":"product","link":"https:\/\/9play.de\/shop\/produkt\/baby-schuller-mit-einem-plueschspielzeug-baer\/","title":{"rendered":"Baby Schuller mit einem Pl\u00fcschspielzeug B\u00e4r"},"content":{"rendered":"<p>Bubba Tropibear ist ein kuscheliger Pl\u00fcschb\u00e4r, der als perfekter Schlafbegleiter f\u00fcr Ihr Baby fungiert.<br \/>Der B\u00e4r hat einen austauschbaren Schnuller, der Ihrem Kind hilft, sich zu beruhigen und leichter einzuschlafen.<br \/>Der Pl\u00fcsch ist weich und angenehm anzufassen, was Ihrem Kind ein Gef\u00fchl von Komfort und Sicherheit gibt.<br \/>Dieser niedliche B\u00e4r ist ein idealer Begleiter f\u00fcr Babys, wenn sie in&nbsp;Ruhe schlafen wollen.<\/p>\n<p>Inhalt: 1x Pl\u00fcschtier mit Schnuller<br \/>Altersempfehlung: ab 0 Monate<br \/>Verpackung: ca. 12,7 x 21,2 x 7,1 cm.<br \/>Material: Pl\u00fcsch, Silikon<\/p>\n<p>Achtung: Benutzung unter unmittelbarer Aufsicht von Erwachsenen.<\/p>\n","protected":false},"excerpt":{"rendered":"<p>Der B\u00e4r hat einen austauschbaren Schnuller, der Ihrem Kind hilft, sich zu beruhigen und leichter einzuschlafen.<\/p>\n","protected":false},"featured_media":17630,"comment_status":"closed","ping_status":"open","template":"","meta":[],"product_brand":[],"product_cat":[534],"product_tag":[],"class_list":{"0":"post-17629","1":"product","2":"type-product","3":"status-publish","4":"has-post-thumbnail","6":"product_cat-schnuller-beissringe","8":"first","9":"instock","10":"shipping-taxable","11":"purchasable","12":"product-type-simple"},"_links":{"self":[{"href":"https:\/\/9play.de\/shop\/wp-json\/wp\/v2\/product\/17629","targetHints":{"allow":["GET"]}}],"collection":[{"href":"https:\/\/9play.de\/shop\/wp-json\/wp\/v2\/product"}],"about":[{"href":"https:\/\/9play.de\/shop\/wp-json\/wp\/v2\/types\/product"}],"replies":[{"embeddable":true,"href":"https:\/\/9play.de\/shop\/wp-json\/wp\/v2\/comments?post=17629"}],"wp:featuredmedia":[{"embeddable":true,"href":"https:\/\/9play.de\/shop\/wp-json\/wp\/v2\/media\/17630"}],"wp:attachment":[{"href":"https:\/\/9play.de\/shop\/wp-json\/wp\/v2\/media?parent=17629"}],"wp:term":[{"taxonomy":"product_brand","embeddable":true,"href":"https:\/\/9play.de\/shop\/wp-json\/wp\/v2\/product_brand?post=17629"},{"taxonomy":"product_cat","embeddable":true,"href":"https:\/\/9play.de\/shop\/wp-json\/wp\/v2\/product_cat?post=17629"},{"taxonomy":"product_tag","embeddable":true,"href":"https:\/\/9play.de\/shop\/wp-json\/wp\/v2\/product_tag?post=17629"}],"curies":[{"name":"wp","href":"https:\/\/api.w.org\/{rel}","templated":true}]}}