{"id":17632,"date":"2024-10-06T18:27:38","date_gmt":"2024-10-06T16:27:38","guid":{"rendered":"https:\/\/9play.de\/shop\/produkt\/baby-beissring-elefant\/"},"modified":"2024-10-06T18:27:42","modified_gmt":"2024-10-06T16:27:42","slug":"baby-beissring-elefant","status":"publish","type":"product","link":"https:\/\/9play.de\/shop\/produkt\/baby-beissring-elefant\/","title":{"rendered":"Baby Bei\u00dfring Elefant"},"content":{"rendered":"<p>Der Melany Melephant Silikon-Bei\u00dfring ist das ideale Spielzeug f\u00fcr Ihr Baby, um seine Entdeckungs- und Spielf\u00e4higkeiten zu entwickeln.<br \/>Aus weichem und sicherem Silikon hergestellt, bietet er Ihrem Baby ein angenehmes Bei\u00dfen und hilft gleichzeitig, das Zahnfleisch zu entlasten.<br \/>W\u00e4hrend des Zahnwachstums k\u00f6nnen Sie den Bei\u00dfring in den Gefrierschrank legen, um die K\u00fchle zu nutzen und Schmerzen zu lindern.<br \/>Der Melany Melephant Silikon-Bei\u00dfring ist ein perfektes Spielzeug, um die Entwicklung Ihres Babys zu unterst\u00fctzen und ihm dabei zu helfen, seine Umgebung zu erkunden.<\/p>\n<p>Inhalt: 1x Bei\u00dfring<br \/>Altersempfehlung: ab 0 Monate<br \/>Verpackung: ca. 12 x 13 x 2,5 cm<br \/>Material: Silikon<\/p>\n<p>Achtung: Benutzung unter unmittelbarer Aufsicht von Erwachsenen.<\/p>\n","protected":false},"excerpt":{"rendered":"<p>Aus weichem und sicherem Silikon hergestellt, bietet er Ihrem Baby ein angenehmes Bei\u00dfen und hilft gleichzeitig, das Zahnfleisch zu entlasten.<\/p>\n","protected":false},"featured_media":17633,"comment_status":"closed","ping_status":"open","template":"","meta":[],"product_brand":[],"product_cat":[534],"product_tag":[],"class_list":{"0":"post-17632","1":"product","2":"type-product","3":"status-publish","4":"has-post-thumbnail","6":"product_cat-schnuller-beissringe","8":"first","9":"instock","10":"shipping-taxable","11":"purchasable","12":"product-type-simple"},"_links":{"self":[{"href":"https:\/\/9play.de\/shop\/wp-json\/wp\/v2\/product\/17632","targetHints":{"allow":["GET"]}}],"collection":[{"href":"https:\/\/9play.de\/shop\/wp-json\/wp\/v2\/product"}],"about":[{"href":"https:\/\/9play.de\/shop\/wp-json\/wp\/v2\/types\/product"}],"replies":[{"embeddable":true,"href":"https:\/\/9play.de\/shop\/wp-json\/wp\/v2\/comments?post=17632"}],"wp:featuredmedia":[{"embeddable":true,"href":"https:\/\/9play.de\/shop\/wp-json\/wp\/v2\/media\/17633"}],"wp:attachment":[{"href":"https:\/\/9play.de\/shop\/wp-json\/wp\/v2\/media?parent=17632"}],"wp:term":[{"taxonomy":"product_brand","embeddable":true,"href":"https:\/\/9play.de\/shop\/wp-json\/wp\/v2\/product_brand?post=17632"},{"taxonomy":"product_cat","embeddable":true,"href":"https:\/\/9play.de\/shop\/wp-json\/wp\/v2\/product_cat?post=17632"},{"taxonomy":"product_tag","embeddable":true,"href":"https:\/\/9play.de\/shop\/wp-json\/wp\/v2\/product_tag?post=17632"}],"curies":[{"name":"wp","href":"https:\/\/api.w.org\/{rel}","templated":true}]}}