{"id":17635,"date":"2024-10-06T18:27:38","date_gmt":"2024-10-06T16:27:38","guid":{"rendered":"https:\/\/9play.de\/shop\/produkt\/baby-beissring-schmetterling\/"},"modified":"2024-10-06T18:27:43","modified_gmt":"2024-10-06T16:27:43","slug":"baby-beissring-schmetterling","status":"publish","type":"product","link":"https:\/\/9play.de\/shop\/produkt\/baby-beissring-schmetterling\/","title":{"rendered":"Baby Bei\u00dfring Schmetterling"},"content":{"rendered":"<p>Der OrangieFly Silikon-Bei\u00dfring ist ein sicheres und weiches Spielzeug f\u00fcr Babys, das speziell entwickelt wurde, um ihre Entdeckungs- und Spielf\u00e4higkeiten zu verbessern und gleichzeitig die Schmerzen beim Zahnen zu lindern.<br \/>Hergestellt aus weichem und sicherem Silikonmaterial, bietet der Bei\u00dfring eine angenehme Textur zum Kauen und beruhigt das Zahnfleisch.<br \/>Wenn Ihr Baby beim Zahnen Schmerzen hat, k\u00f6nnen Sie den Bei\u00dfring in den Gefrierschrank legen, um eine k\u00fchlende Wirkung zu erzielen, die die Schmerzen lindert.<br \/>Der OrangieFly Silikon-Bei\u00dfring ist ein praktisches und sicheres Spielzeug, das Ihrem Baby bei seinen ersten Entdeckungen helfen wird.<\/p>\n<p>Inhalt: 1x Bei\u00dfring<br \/>Altersempfehlung: ab 0 Monate<br \/>Verpackung: ca. 12 x 13 x 2,5 cm<br \/>Material: Silikon<\/p>\n<p>Achtung: Benutzung unter unmittelbarer Aufsicht von Erwachsenen.<\/p>\n","protected":false},"excerpt":{"rendered":"<p>Wenn Ihr Baby beim Zahnen Schmerzen hat, k\u00f6nnen Sie den Bei\u00dfring in den Gefrierschrank legen, um eine k\u00fchlende Wirkung zu erzielen, die die Schmerzen lindert.<\/p>\n","protected":false},"featured_media":17636,"comment_status":"closed","ping_status":"open","template":"","meta":[],"product_brand":[],"product_cat":[534],"product_tag":[],"class_list":{"0":"post-17635","1":"product","2":"type-product","3":"status-publish","4":"has-post-thumbnail","6":"product_cat-schnuller-beissringe","8":"first","9":"instock","10":"shipping-taxable","11":"purchasable","12":"product-type-simple"},"_links":{"self":[{"href":"https:\/\/9play.de\/shop\/wp-json\/wp\/v2\/product\/17635","targetHints":{"allow":["GET"]}}],"collection":[{"href":"https:\/\/9play.de\/shop\/wp-json\/wp\/v2\/product"}],"about":[{"href":"https:\/\/9play.de\/shop\/wp-json\/wp\/v2\/types\/product"}],"replies":[{"embeddable":true,"href":"https:\/\/9play.de\/shop\/wp-json\/wp\/v2\/comments?post=17635"}],"wp:featuredmedia":[{"embeddable":true,"href":"https:\/\/9play.de\/shop\/wp-json\/wp\/v2\/media\/17636"}],"wp:attachment":[{"href":"https:\/\/9play.de\/shop\/wp-json\/wp\/v2\/media?parent=17635"}],"wp:term":[{"taxonomy":"product_brand","embeddable":true,"href":"https:\/\/9play.de\/shop\/wp-json\/wp\/v2\/product_brand?post=17635"},{"taxonomy":"product_cat","embeddable":true,"href":"https:\/\/9play.de\/shop\/wp-json\/wp\/v2\/product_cat?post=17635"},{"taxonomy":"product_tag","embeddable":true,"href":"https:\/\/9play.de\/shop\/wp-json\/wp\/v2\/product_tag?post=17635"}],"curies":[{"name":"wp","href":"https:\/\/api.w.org\/{rel}","templated":true}]}}