{"id":17641,"date":"2024-10-06T18:27:38","date_gmt":"2024-10-06T16:27:38","guid":{"rendered":"https:\/\/9play.de\/shop\/produkt\/babyrassel-plueschspielzeug-elefant\/"},"modified":"2024-10-06T18:27:51","modified_gmt":"2024-10-06T16:27:51","slug":"babyrassel-plueschspielzeug-elefant","status":"publish","type":"product","link":"https:\/\/9play.de\/shop\/produkt\/babyrassel-plueschspielzeug-elefant\/","title":{"rendered":"Babyrassel Pl\u00fcschspielzeug Elefant"},"content":{"rendered":"<p>Die Melany Melephant Rassel ist das perfekte Spielzeug f\u00fcr Babys in der Lern- und Entdeckungsphase.<br \/>Mit verschiedenen Texturen und Ger\u00e4uschen, die die Sinne anregen, hilft die Rassel bei der Entwicklung der Feinmotorik, des H\u00f6r- und Koordinationssinns.<br \/>Die weiche Textur ist angenehm zu ber\u00fchren und der Rasselring kann als Bei\u00dfring verwendet werden, um das Zahnfleisch w\u00e4hrend des Zahnens zu beruhigen.<br \/>Ein gro\u00dfartiges Spielzeug f\u00fcr Babys, um ihre Umgebung zu erkunden und Spa\u00df zu haben.<\/p>\n<p>Inhalt: 1x Rassel<br \/>Altersempfehlung: ab 0 Monate<br \/>Verpackung: ca. 11 x 26 x 7,2 cm<br \/>Material: Pl\u00fcsch, Silikon<\/p>\n<p>Achtung: Benutzung unter unmittelbarer Aufsicht von Erwachsenen.<\/p>\n","protected":false},"excerpt":{"rendered":"<p>Die weiche Textur ist angenehm zu ber\u00fchren und der Rasselring kann als Bei\u00dfring verwendet werden, um das Zahnfleisch w\u00e4hrend des Zahnens zu beruhigen.<\/p>\n","protected":false},"featured_media":17642,"comment_status":"closed","ping_status":"open","template":"","meta":[],"product_brand":[],"product_cat":[446],"product_tag":[],"class_list":{"0":"post-17641","1":"product","2":"type-product","3":"status-publish","4":"has-post-thumbnail","6":"product_cat-babyspielzeug","8":"first","9":"instock","10":"shipping-taxable","11":"purchasable","12":"product-type-simple"},"_links":{"self":[{"href":"https:\/\/9play.de\/shop\/wp-json\/wp\/v2\/product\/17641","targetHints":{"allow":["GET"]}}],"collection":[{"href":"https:\/\/9play.de\/shop\/wp-json\/wp\/v2\/product"}],"about":[{"href":"https:\/\/9play.de\/shop\/wp-json\/wp\/v2\/types\/product"}],"replies":[{"embeddable":true,"href":"https:\/\/9play.de\/shop\/wp-json\/wp\/v2\/comments?post=17641"}],"wp:featuredmedia":[{"embeddable":true,"href":"https:\/\/9play.de\/shop\/wp-json\/wp\/v2\/media\/17642"}],"wp:attachment":[{"href":"https:\/\/9play.de\/shop\/wp-json\/wp\/v2\/media?parent=17641"}],"wp:term":[{"taxonomy":"product_brand","embeddable":true,"href":"https:\/\/9play.de\/shop\/wp-json\/wp\/v2\/product_brand?post=17641"},{"taxonomy":"product_cat","embeddable":true,"href":"https:\/\/9play.de\/shop\/wp-json\/wp\/v2\/product_cat?post=17641"},{"taxonomy":"product_tag","embeddable":true,"href":"https:\/\/9play.de\/shop\/wp-json\/wp\/v2\/product_tag?post=17641"}],"curies":[{"name":"wp","href":"https:\/\/api.w.org\/{rel}","templated":true}]}}