{"id":17644,"date":"2024-10-06T18:27:38","date_gmt":"2024-10-06T16:27:38","guid":{"rendered":"https:\/\/9play.de\/shop\/produkt\/babyrassel-plueschspielzeug-baer\/"},"modified":"2024-10-06T18:27:53","modified_gmt":"2024-10-06T16:27:53","slug":"babyrassel-plueschspielzeug-baer","status":"publish","type":"product","link":"https:\/\/9play.de\/shop\/produkt\/babyrassel-plueschspielzeug-baer\/","title":{"rendered":"Babyrassel Pl\u00fcschspielzeug B\u00e4r"},"content":{"rendered":"<p>Die Bubba Tropibear Rassel ist ein Spielzeug f\u00fcr Babys, das in der Lern- und Entdeckungsphase dazu beitr\u00e4gt, ihre Sinne zu stimulieren.<br \/>Das Spielzeug verf\u00fcgt \u00fcber verschiedene Texturen und Kl\u00e4nge, die dazu beitragen, die Ber\u00fchrung und Feinmotorik des Babys zu f\u00f6rdern.<br \/>Die Rassel dient auch dazu, den H\u00f6r- und Koordinationssinn des Babys zu entwickeln.<br \/>Zus\u00e4tzlich kann der Rasselring auch als Bei\u00dfring verwendet werden, um das Zahnfleisch des Babys zu beruhigen, wenn das Zahnen beginnt.<br \/>Die weiche Textur des Spielzeugs ist f\u00fcr Babys angenehm und sicher zu greifen.<\/p>\n<p>Inhalt: 1x Rassel<br \/>Altersempfehlung: ab 0 Monate<br \/>Verpackung: ca. 11 x 26 x 7,2 cm<br \/>Material: Pl\u00fcsch, Silikon<\/p>\n<p>Achtung: Benutzung unter unmittelbarer Aufsicht von Erwachsenen.<\/p>\n","protected":false},"excerpt":{"rendered":"<p>Die Rassel dient auch dazu, den H\u00f6r- und Koordinationssinn des Babys zu entwickeln.<\/p>\n","protected":false},"featured_media":17645,"comment_status":"closed","ping_status":"open","template":"","meta":[],"product_brand":[],"product_cat":[446],"product_tag":[],"class_list":{"0":"post-17644","1":"product","2":"type-product","3":"status-publish","4":"has-post-thumbnail","6":"product_cat-babyspielzeug","8":"first","9":"instock","10":"shipping-taxable","11":"purchasable","12":"product-type-simple"},"_links":{"self":[{"href":"https:\/\/9play.de\/shop\/wp-json\/wp\/v2\/product\/17644","targetHints":{"allow":["GET"]}}],"collection":[{"href":"https:\/\/9play.de\/shop\/wp-json\/wp\/v2\/product"}],"about":[{"href":"https:\/\/9play.de\/shop\/wp-json\/wp\/v2\/types\/product"}],"replies":[{"embeddable":true,"href":"https:\/\/9play.de\/shop\/wp-json\/wp\/v2\/comments?post=17644"}],"wp:featuredmedia":[{"embeddable":true,"href":"https:\/\/9play.de\/shop\/wp-json\/wp\/v2\/media\/17645"}],"wp:attachment":[{"href":"https:\/\/9play.de\/shop\/wp-json\/wp\/v2\/media?parent=17644"}],"wp:term":[{"taxonomy":"product_brand","embeddable":true,"href":"https:\/\/9play.de\/shop\/wp-json\/wp\/v2\/product_brand?post=17644"},{"taxonomy":"product_cat","embeddable":true,"href":"https:\/\/9play.de\/shop\/wp-json\/wp\/v2\/product_cat?post=17644"},{"taxonomy":"product_tag","embeddable":true,"href":"https:\/\/9play.de\/shop\/wp-json\/wp\/v2\/product_tag?post=17644"}],"curies":[{"name":"wp","href":"https:\/\/api.w.org\/{rel}","templated":true}]}}