{"id":17653,"date":"2024-10-06T18:27:38","date_gmt":"2024-10-06T16:27:38","guid":{"rendered":"https:\/\/9play.de\/shop\/produkt\/baby-steckspielzeug-aus-holz-avocado\/"},"modified":"2024-10-06T18:27:59","modified_gmt":"2024-10-06T16:27:59","slug":"baby-steckspielzeug-aus-holz-avocado","status":"publish","type":"product","link":"https:\/\/9play.de\/shop\/produkt\/baby-steckspielzeug-aus-holz-avocado\/","title":{"rendered":"Baby Steckspielzeug aus Holz Avocado"},"content":{"rendered":"<p>Das Produkt ist ein Holzrad von Miss Pio Chickicado, das als 2-in-1-Set funktioniert.<br \/>Es ist sowohl ein Puzzle als auch ein rollendes Puzzle mit Frootimals-Charakteren.<br \/>Das Spielzeug soll das fr\u00fche Lernen des Kindes anregen, indem es Formen und Farben entdeckt und seine Feinmotorik durch das L\u00f6sen von R\u00e4tseln und dem Spielen mit 9 verschiedenen Farben stimuliert.<\/p>\n<p>Inhalt: 1x Rudes Puzzle, 6x Formen in verschiedenen Farben<br \/>Altersempfehlung: ab 12 Monate<br \/>Verpackung: ca. 18 x 18 x 12 cm<br \/>Material: Holz<\/p>\n<p>Achtung: Benutzung unter unmittelbarer Aufsicht von Erwachsenen.<\/p>\n","protected":false},"excerpt":{"rendered":"<p>Das Spielzeug soll das fr\u00fche Lernen des Kindes anregen, indem es Formen und Farben entdeckt<\/p>\n","protected":false},"featured_media":17654,"comment_status":"closed","ping_status":"open","template":"","meta":[],"product_brand":[],"product_cat":[536],"product_tag":[],"class_list":{"0":"post-17653","1":"product","2":"type-product","3":"status-publish","4":"has-post-thumbnail","6":"product_cat-holz-steckspielzeug","8":"first","9":"instock","10":"shipping-taxable","11":"purchasable","12":"product-type-simple"},"_links":{"self":[{"href":"https:\/\/9play.de\/shop\/wp-json\/wp\/v2\/product\/17653","targetHints":{"allow":["GET"]}}],"collection":[{"href":"https:\/\/9play.de\/shop\/wp-json\/wp\/v2\/product"}],"about":[{"href":"https:\/\/9play.de\/shop\/wp-json\/wp\/v2\/types\/product"}],"replies":[{"embeddable":true,"href":"https:\/\/9play.de\/shop\/wp-json\/wp\/v2\/comments?post=17653"}],"wp:featuredmedia":[{"embeddable":true,"href":"https:\/\/9play.de\/shop\/wp-json\/wp\/v2\/media\/17654"}],"wp:attachment":[{"href":"https:\/\/9play.de\/shop\/wp-json\/wp\/v2\/media?parent=17653"}],"wp:term":[{"taxonomy":"product_brand","embeddable":true,"href":"https:\/\/9play.de\/shop\/wp-json\/wp\/v2\/product_brand?post=17653"},{"taxonomy":"product_cat","embeddable":true,"href":"https:\/\/9play.de\/shop\/wp-json\/wp\/v2\/product_cat?post=17653"},{"taxonomy":"product_tag","embeddable":true,"href":"https:\/\/9play.de\/shop\/wp-json\/wp\/v2\/product_tag?post=17653"}],"curies":[{"name":"wp","href":"https:\/\/api.w.org\/{rel}","templated":true}]}}