{"id":17662,"date":"2024-10-06T18:27:38","date_gmt":"2024-10-06T16:27:38","guid":{"rendered":"https:\/\/9play.de\/shop\/produkt\/aktivitaetswuerfel-aus-holz-mit-5-verschiedenen-aktivitaeten\/"},"modified":"2024-10-06T18:28:09","modified_gmt":"2024-10-06T16:28:09","slug":"aktivitaetswuerfel-aus-holz-mit-5-verschiedenen-aktivitaeten","status":"publish","type":"product","link":"https:\/\/9play.de\/shop\/produkt\/aktivitaetswuerfel-aus-holz-mit-5-verschiedenen-aktivitaeten\/","title":{"rendered":"Aktivit\u00e4tsw\u00fcrfel aus Holz mit 5 verschiedenen Aktivit\u00e4ten"},"content":{"rendered":"<p>Der Aktivit\u00e4tsw\u00fcrfel f\u00fcr Babys ist ein umfassendes Set mit 5 interaktiven und sensorischen Panels, das speziell f\u00fcr die fr\u00fche Stimulation motorischer und Lernf\u00e4higkeiten entwickelt wurde.<br \/>Mit dem W\u00fcrfel kann Ihr Baby seine Feinmotorik verbessern, Zahlen und Fr\u00fcchte entdecken, Formen und Farben erkennen sowie seine Koordination und Genauigkeit verbessern.<br \/>Der W\u00fcrfel ist aus Holz gefertigt und bietet somit eine nachhaltige und sichere M\u00f6glichkeit f\u00fcr Ihr Baby, zu lernen und zu spielen.<\/p>\n<p>Inhalt: 1x Aktivit\u00e4tsw\u00fcrfel mit 5 verschiedenen R\u00e4tseln\/Aufgaben<br \/>Altersempfehlung: ab 9 Monate<br \/>Verpackung: ca. 23 x 23 x 23 cm<br \/>Material: Holz, Metall<\/p>\n<p>Achtung: Benutzung unter unmittelbarer Aufsicht von Erwachsenen.<\/p>\n","protected":false},"excerpt":{"rendered":"<p>Mit dem W\u00fcrfel kann Ihr Baby seine Feinmotorik verbessern, Zahlen und Fr\u00fcchte entdecken, Formen und Farben erkennen sowie seine Koordination und Genauigkeit verbessern<\/p>\n","protected":false},"featured_media":17663,"comment_status":"closed","ping_status":"open","template":"","meta":[],"product_brand":[],"product_cat":[539],"product_tag":[],"class_list":{"0":"post-17662","1":"product","2":"type-product","3":"status-publish","4":"has-post-thumbnail","6":"product_cat-lernspielzeug-aus-holz","8":"first","9":"instock","10":"shipping-taxable","11":"purchasable","12":"product-type-simple"},"_links":{"self":[{"href":"https:\/\/9play.de\/shop\/wp-json\/wp\/v2\/product\/17662","targetHints":{"allow":["GET"]}}],"collection":[{"href":"https:\/\/9play.de\/shop\/wp-json\/wp\/v2\/product"}],"about":[{"href":"https:\/\/9play.de\/shop\/wp-json\/wp\/v2\/types\/product"}],"replies":[{"embeddable":true,"href":"https:\/\/9play.de\/shop\/wp-json\/wp\/v2\/comments?post=17662"}],"wp:featuredmedia":[{"embeddable":true,"href":"https:\/\/9play.de\/shop\/wp-json\/wp\/v2\/media\/17663"}],"wp:attachment":[{"href":"https:\/\/9play.de\/shop\/wp-json\/wp\/v2\/media?parent=17662"}],"wp:term":[{"taxonomy":"product_brand","embeddable":true,"href":"https:\/\/9play.de\/shop\/wp-json\/wp\/v2\/product_brand?post=17662"},{"taxonomy":"product_cat","embeddable":true,"href":"https:\/\/9play.de\/shop\/wp-json\/wp\/v2\/product_cat?post=17662"},{"taxonomy":"product_tag","embeddable":true,"href":"https:\/\/9play.de\/shop\/wp-json\/wp\/v2\/product_tag?post=17662"}],"curies":[{"name":"wp","href":"https:\/\/api.w.org\/{rel}","templated":true}]}}