{"id":17668,"date":"2024-10-06T18:27:38","date_gmt":"2024-10-06T16:27:38","guid":{"rendered":"https:\/\/9play.de\/shop\/produkt\/baby-pluesch-spielball-mit-soundeffekte-ball\/"},"modified":"2024-10-06T18:28:12","modified_gmt":"2024-10-06T16:28:12","slug":"baby-pluesch-spielball-mit-soundeffekte-ball","status":"publish","type":"product","link":"https:\/\/9play.de\/shop\/produkt\/baby-pluesch-spielball-mit-soundeffekte-ball\/","title":{"rendered":"Baby Pl\u00fcsch Spielball mit Soundeffekte Ball"},"content":{"rendered":"<p>Der rootimals-Aktivit\u00e4tsball von Kids Euroswan ist ein weicher und pl\u00fcschiger Spielball, der speziell f\u00fcr Kleinkinder entwickelt wurde, um ihre Sinne zu stimulieren und eine fr\u00fche Stimulation zu f\u00f6rdern!<br \/>Der Ball ist mit Soundeffekten ausgestattet, die die Aufmerksamkeit des Kindes auf sich ziehen und seine Neugier wecken.<br \/>Die sanfte Pl\u00fcsch-Touch-Oberfl\u00e4che macht den Ball angenehm zu greifen und zu halten.<br \/>Mit dem Ball k\u00f6nnen Kinder spielen und gleichzeitig lernen, da er mit Lieblings-Fotimals-Charakteren bedruckt ist.<br \/>Der Aktivit\u00e4tsball wird auf einer Blase verpackt geliefert und ist somit einfach und sicher zu transportieren.<\/p>\n<p>Inhalt: 1x Spielball<br \/>Altersempfehlung: ab 0 Monate<br \/>Verpackung: ca. 15,5 x 26 x 5,6 cm<br \/>Material: Pl\u00fcsch<\/p>\n<p>Achtung: Benutzung unter unmittelbarer Aufsicht von Erwachsenen.<\/p>\n<p>&nbsp;<\/p>\n<p>Hinweis zur Entsorgung von Altbatterien<\/p>\n<p>Der nachfolgende Hinweis richtet sich an diejenigen, die Batterien oder Produkte mit eingebauten Batterien nutzen und in der an sie gelieferten Form nicht mehr weiterver\u00e4u\u00dfern (Endnutzer):<\/p>\n<p>1. Unentgeltliche R\u00fccknahme von Altbatterien<\/p>\n<p>Batterien d\u00fcrfen nicht \u00fcber den Hausm\u00fcll entsorgt werden. Sie sind zur R\u00fcckgabe von Altbatterien gesetzlich verpflichtet, damit eine fachgerechte Entsorgung gew\u00e4hrleistet werden kann. Sie k\u00f6nnen Altbatterien an einer kommunalen Sammelstelle oder im Handel vor Ort abgeben. Auch wir sind als Vertreiber von Batterien zur R\u00fccknahme von Altbatterien verpflichtet, wobei sich unsere R\u00fccknahmeverpflichtung auf Altbatterien der Art beschr\u00e4nkt, die wir als Neubatterien in unserem Sortiment f\u00fchren oder gef\u00fchrt haben. Altbatterien vorgenannter Art k\u00f6nnen Sie daher entweder ausreichend frankiert an uns zur\u00fccksenden oder sie direkt an unserem Versandlager unter der im Impressum genannten Adresse unentgeltlich abgeben.<\/p>\n<p>2. Bedeutung der Batteriesymbole<\/p>\n<p>Batterien sind mit dem Symbol einer durchgekreuzten M\u00fclltonne gekennzeichnet. Dieses Symbol weist darauf hin, dass Batterien nicht in den Hausm\u00fcll gegeben werden d\u00fcrfen. Bei Batterien, die mehr als 0,0005 Masseprozent Quecksilber, mehr als 0,002 Masseprozent Cadmium oder mehr als 0,004 Masseprozent Blei enthalten, befindet sich unter dem M\u00fclltonnen-Symbol die chemische Bezeichnung des jeweils eingesetzten Schadstoffes \u2013 dabei steht &#8222;Cd&#8220; f\u00fcr Cadmium, &#8222;Pb&#8220; steht f\u00fcr Blei, und &#8222;Hg&#8220; f\u00fcr Quecksilber.<\/p>\n","protected":false},"excerpt":{"rendered":"<p>Der Ball ist mit Soundeffekten ausgestattet, die die Aufmerksamkeit des Kindes auf sich ziehen und seine Neugier wecken.<\/p>\n","protected":false},"featured_media":17669,"comment_status":"closed","ping_status":"open","template":"","meta":[],"product_brand":[],"product_cat":[446],"product_tag":[],"class_list":{"0":"post-17668","1":"product","2":"type-product","3":"status-publish","4":"has-post-thumbnail","6":"product_cat-babyspielzeug","8":"first","9":"instock","10":"shipping-taxable","11":"purchasable","12":"product-type-simple"},"_links":{"self":[{"href":"https:\/\/9play.de\/shop\/wp-json\/wp\/v2\/product\/17668","targetHints":{"allow":["GET"]}}],"collection":[{"href":"https:\/\/9play.de\/shop\/wp-json\/wp\/v2\/product"}],"about":[{"href":"https:\/\/9play.de\/shop\/wp-json\/wp\/v2\/types\/product"}],"replies":[{"embeddable":true,"href":"https:\/\/9play.de\/shop\/wp-json\/wp\/v2\/comments?post=17668"}],"wp:featuredmedia":[{"embeddable":true,"href":"https:\/\/9play.de\/shop\/wp-json\/wp\/v2\/media\/17669"}],"wp:attachment":[{"href":"https:\/\/9play.de\/shop\/wp-json\/wp\/v2\/media?parent=17668"}],"wp:term":[{"taxonomy":"product_brand","embeddable":true,"href":"https:\/\/9play.de\/shop\/wp-json\/wp\/v2\/product_brand?post=17668"},{"taxonomy":"product_cat","embeddable":true,"href":"https:\/\/9play.de\/shop\/wp-json\/wp\/v2\/product_cat?post=17668"},{"taxonomy":"product_tag","embeddable":true,"href":"https:\/\/9play.de\/shop\/wp-json\/wp\/v2\/product_tag?post=17668"}],"curies":[{"name":"wp","href":"https:\/\/api.w.org\/{rel}","templated":true}]}}