{"id":17671,"date":"2024-10-06T18:27:38","date_gmt":"2024-10-06T16:27:38","guid":{"rendered":"https:\/\/9play.de\/shop\/produkt\/baby-stapelturm-pluesch-elefant\/"},"modified":"2024-10-06T18:28:14","modified_gmt":"2024-10-06T16:28:14","slug":"baby-stapelturm-pluesch-elefant","status":"publish","type":"product","link":"https:\/\/9play.de\/shop\/produkt\/baby-stapelturm-pluesch-elefant\/","title":{"rendered":"Baby Stapelturm Pl\u00fcsch Elefant"},"content":{"rendered":"<p>Die Melany Melephant stapelbare Pl\u00fcschpyramide ist ein tolles Spielzeug f\u00fcr Babys.<br \/>Es besteht aus mehreren Pl\u00fcschst\u00fccken in verschiedenen Gr\u00f6\u00dfen, die gestapelt werden k\u00f6nnen, um eine Pyramide zu bilden.<br \/>Jedes Pl\u00fcschst\u00fcck hat eine andere Farbe und Textur, was dazu beitr\u00e4gt, die Sinne des Babys zu stimulieren und seine Feinmotorik zu verbessern.<br \/>Das niedliche Design von Melany Melephant, einem Charakter aus der Frootimals-Reihe, wird schnell zum besten Freund Ihres Babys werden.<br \/>Die stapelbare Pl\u00fcschpyramide ist auch leicht zu reinigen und kann problemlos in der Waschmaschine gewaschen werden.<\/p>\n<p>Inhalt: 1x Stapelspielzeug<br \/>Altersempfehlung: ab 6 Monate<br \/>Verpackung: ca. 15 \u00d7 15,5 \u00d7 15,5 cm<br \/>Material: Pl\u00fcsch<\/p>\n<p>Achtung: Benutzung unter unmittelbarer Aufsicht von Erwachsenen.<\/p>\n","protected":false},"excerpt":{"rendered":"<p>Jedes Pl\u00fcschst\u00fcck hat eine andere Farbe und Textur, was dazu beitr\u00e4gt, die Sinne des Babys zu stimulieren und seine Feinmotorik zu verbessern.<\/p>\n","protected":false},"featured_media":17672,"comment_status":"closed","ping_status":"open","template":"","meta":[],"product_brand":[],"product_cat":[450],"product_tag":[],"class_list":{"0":"post-17671","1":"product","2":"type-product","3":"status-publish","4":"has-post-thumbnail","6":"product_cat-steckspielzeug","8":"first","9":"instock","10":"shipping-taxable","11":"purchasable","12":"product-type-simple"},"_links":{"self":[{"href":"https:\/\/9play.de\/shop\/wp-json\/wp\/v2\/product\/17671","targetHints":{"allow":["GET"]}}],"collection":[{"href":"https:\/\/9play.de\/shop\/wp-json\/wp\/v2\/product"}],"about":[{"href":"https:\/\/9play.de\/shop\/wp-json\/wp\/v2\/types\/product"}],"replies":[{"embeddable":true,"href":"https:\/\/9play.de\/shop\/wp-json\/wp\/v2\/comments?post=17671"}],"wp:featuredmedia":[{"embeddable":true,"href":"https:\/\/9play.de\/shop\/wp-json\/wp\/v2\/media\/17672"}],"wp:attachment":[{"href":"https:\/\/9play.de\/shop\/wp-json\/wp\/v2\/media?parent=17671"}],"wp:term":[{"taxonomy":"product_brand","embeddable":true,"href":"https:\/\/9play.de\/shop\/wp-json\/wp\/v2\/product_brand?post=17671"},{"taxonomy":"product_cat","embeddable":true,"href":"https:\/\/9play.de\/shop\/wp-json\/wp\/v2\/product_cat?post=17671"},{"taxonomy":"product_tag","embeddable":true,"href":"https:\/\/9play.de\/shop\/wp-json\/wp\/v2\/product_tag?post=17671"}],"curies":[{"name":"wp","href":"https:\/\/api.w.org\/{rel}","templated":true}]}}