{"id":17678,"date":"2024-10-06T18:27:38","date_gmt":"2024-10-06T16:27:38","guid":{"rendered":"https:\/\/9play.de\/shop\/produkt\/disney-frozen-die-eiskoenigin-brotdose-mit-gabelloeffel-elsa-anna\/"},"modified":"2024-10-06T18:28:17","modified_gmt":"2024-10-06T16:28:17","slug":"disney-frozen-die-eiskoenigin-brotdose-mit-gabelloeffel-elsa-anna","status":"publish","type":"product","link":"https:\/\/9play.de\/shop\/produkt\/disney-frozen-die-eiskoenigin-brotdose-mit-gabelloeffel-elsa-anna\/","title":{"rendered":"Disney Frozen Die Eisk\u00f6nigin Brotdose mit Gabell\u00f6ffel Elsa Anna"},"content":{"rendered":"<p>Die Brotdose mit dem Disney Frozen Motiv zeigt Anna und Elsa und ist perfekt f\u00fcr kleine Fans des Films.<br \/>Sie bietet ausreichend Platz f\u00fcr ein leckeres Pausenbrot und wird mit einem praktischen Gabell\u00f6ffel geliefert, der das Essen zum Kinderspiel macht.<br \/>Die Brotdose ist aus robustem Material gefertigt und l\u00e4sst sich einfach \u00f6ffnen und schlie\u00dfen, so dass sie auch f\u00fcr Kinder leicht zu handhaben ist.<br \/>Ein tolles Accessoire f\u00fcr die Schule oder unterwegs!<\/p>\n<p>Inhalt: 1x Brotdose, 1 Gabel-L\u00f6ffel<br \/>Altersempfehlung: ab 3 Jahre<br \/>Gr\u00f6\u00dfe: ca. 21 x 14 x 6 cm<br \/>Material: Kunststoff<\/p>\n<p>Achtung: Nicht f\u00fcr Kinder unter 36 Monaten geeignet wegen verschluckbarer Kleinteile, Erstickungsgefahr.<\/p>\n","protected":false},"excerpt":{"rendered":"<p>Die Brotdose bietet ausreichend Platz f\u00fcr ein leckeres Pausenbrot und wird mit einem praktischen Gabell\u00f6ffel geliefert, der das Essen zum Kinderspiel macht.<\/p>\n","protected":false},"featured_media":17679,"comment_status":"closed","ping_status":"open","template":"","meta":[],"product_brand":[],"product_cat":[463],"product_tag":[],"class_list":{"0":"post-17678","1":"product","2":"type-product","3":"status-publish","4":"has-post-thumbnail","6":"product_cat-brotdosen","8":"first","9":"instock","10":"shipping-taxable","11":"purchasable","12":"product-type-simple"},"_links":{"self":[{"href":"https:\/\/9play.de\/shop\/wp-json\/wp\/v2\/product\/17678","targetHints":{"allow":["GET"]}}],"collection":[{"href":"https:\/\/9play.de\/shop\/wp-json\/wp\/v2\/product"}],"about":[{"href":"https:\/\/9play.de\/shop\/wp-json\/wp\/v2\/types\/product"}],"replies":[{"embeddable":true,"href":"https:\/\/9play.de\/shop\/wp-json\/wp\/v2\/comments?post=17678"}],"wp:featuredmedia":[{"embeddable":true,"href":"https:\/\/9play.de\/shop\/wp-json\/wp\/v2\/media\/17679"}],"wp:attachment":[{"href":"https:\/\/9play.de\/shop\/wp-json\/wp\/v2\/media?parent=17678"}],"wp:term":[{"taxonomy":"product_brand","embeddable":true,"href":"https:\/\/9play.de\/shop\/wp-json\/wp\/v2\/product_brand?post=17678"},{"taxonomy":"product_cat","embeddable":true,"href":"https:\/\/9play.de\/shop\/wp-json\/wp\/v2\/product_cat?post=17678"},{"taxonomy":"product_tag","embeddable":true,"href":"https:\/\/9play.de\/shop\/wp-json\/wp\/v2\/product_tag?post=17678"}],"curies":[{"name":"wp","href":"https:\/\/api.w.org\/{rel}","templated":true}]}}