{"id":17684,"date":"2024-10-06T18:27:38","date_gmt":"2024-10-06T16:27:38","guid":{"rendered":"https:\/\/9play.de\/shop\/produkt\/disney-frozen-regenschirm-die-eiskoenigin-herbst-durchmesser-70cm-elsa-anna\/"},"modified":"2024-10-06T18:28:21","modified_gmt":"2024-10-06T16:28:21","slug":"disney-frozen-regenschirm-die-eiskoenigin-herbst-durchmesser-70cm-elsa-anna","status":"publish","type":"product","link":"https:\/\/9play.de\/shop\/produkt\/disney-frozen-regenschirm-die-eiskoenigin-herbst-durchmesser-70cm-elsa-anna\/","title":{"rendered":"Disney Frozen Regenschirm Die Eisk\u00f6nigin Herbst Durchmesser 70cm Elsa Anna"},"content":{"rendered":"<p>Der Disney Frozen Regenschirm ist ein wundersch\u00f6ner Schirm mit einem Herbstmotiv im Hintergrund, auf dem Anna und Elsa aus dem beliebten Disney-Film &#8222;Frozen&#8220; zu sehen sind.<br \/>Der Schirm ist ideal f\u00fcr regnerische Tage, um trocken zu bleiben und dabei stilvoll auszusehen.<br \/>Mit einem handlichen Griff ist der Schirm einfach zu bedienen und praktisch f\u00fcr unterwegs.<br \/>Die Bilder von Anna und Elsa machen den Schirm zu einem perfekten Geschenk f\u00fcr Fans des Films.&nbsp;<\/p>\n<p>Inhalt: 1x Schirm<br \/>Altersempfehlung: ab 3 Jahre<br \/>Gr\u00f6\u00dfe: ca. L. 67 cm; \u00d8 70 cm<br \/>Material: Polyester<\/p>\n<p>Achtung: Nicht f\u00fcr Kinder unter 36 Monaten geeignet wegen verschluckbarer Kleinteile, Erstickungsgefahr.<\/p>\n","protected":false},"excerpt":{"rendered":"<p>Die Bilder von Anna und Elsa machen den Schirm zu einem perfekten Geschenk f\u00fcr Fans des Films.<\/p>\n","protected":false},"featured_media":17685,"comment_status":"closed","ping_status":"open","template":"","meta":[],"product_brand":[],"product_cat":[464],"product_tag":[],"class_list":{"0":"post-17684","1":"product","2":"type-product","3":"status-publish","4":"has-post-thumbnail","6":"product_cat-regenschirme","8":"first","9":"instock","10":"shipping-taxable","11":"purchasable","12":"product-type-simple"},"_links":{"self":[{"href":"https:\/\/9play.de\/shop\/wp-json\/wp\/v2\/product\/17684","targetHints":{"allow":["GET"]}}],"collection":[{"href":"https:\/\/9play.de\/shop\/wp-json\/wp\/v2\/product"}],"about":[{"href":"https:\/\/9play.de\/shop\/wp-json\/wp\/v2\/types\/product"}],"replies":[{"embeddable":true,"href":"https:\/\/9play.de\/shop\/wp-json\/wp\/v2\/comments?post=17684"}],"wp:featuredmedia":[{"embeddable":true,"href":"https:\/\/9play.de\/shop\/wp-json\/wp\/v2\/media\/17685"}],"wp:attachment":[{"href":"https:\/\/9play.de\/shop\/wp-json\/wp\/v2\/media?parent=17684"}],"wp:term":[{"taxonomy":"product_brand","embeddable":true,"href":"https:\/\/9play.de\/shop\/wp-json\/wp\/v2\/product_brand?post=17684"},{"taxonomy":"product_cat","embeddable":true,"href":"https:\/\/9play.de\/shop\/wp-json\/wp\/v2\/product_cat?post=17684"},{"taxonomy":"product_tag","embeddable":true,"href":"https:\/\/9play.de\/shop\/wp-json\/wp\/v2\/product_tag?post=17684"}],"curies":[{"name":"wp","href":"https:\/\/api.w.org\/{rel}","templated":true}]}}