{"id":17688,"date":"2024-10-06T18:28:24","date_gmt":"2024-10-06T16:28:24","guid":{"rendered":"https:\/\/9play.de\/shop\/produkt\/disney-frozen-wasserdichte-tasche-rucksack-elsa-anna\/"},"modified":"2024-10-06T18:28:25","modified_gmt":"2024-10-06T16:28:25","slug":"disney-frozen-wasserdichte-tasche-rucksack-elsa-anna","status":"publish","type":"product","link":"https:\/\/9play.de\/shop\/produkt\/disney-frozen-wasserdichte-tasche-rucksack-elsa-anna\/","title":{"rendered":"Disney Frozen Wasserdichte Tasche Rucksack Elsa Anna"},"content":{"rendered":"<p>Dieser wasserdichte Tasche\/Rucksack mit dem Motiv von Anna und Elsa aus Disney Die Eisk\u00f6nigin ist perfekt f\u00fcr alle Fans des Films, die gerne ihre Sachen auf eine stilvolle und sichere Weise aufbewahren m\u00f6chten.<br \/>Mit seinem wasserdichten Material sch\u00fctzt dieser Rucksack Ihre Sachen vor Regen oder Spritzern und ist somit ideal f\u00fcr den Einsatz bei Outdoor-Aktivit\u00e4ten oder am Strand.<br \/>Die verstellbaren Schultergurte sorgen f\u00fcr bequemes Tragen, w\u00e4hrend das s\u00fc\u00dfe Anna- und Elsa-Motiv sicherlich viele Blicke auf sich ziehen wird.<\/p>\n<p>Inhalt: 1x Rucksack<br \/>Altersempfehlung: ab 3 Jahre<br \/>Gr\u00f6\u00dfe: ca. 35 x 18 cm<br \/>Material: Polyester<\/p>\n<p>Achtung: Nicht f\u00fcr Kinder unter 36 Monaten geeignet wegen verschluckbarer Kleinteile, Erstickungsgefahr.<br \/>Achtung: Strangulationsgefahr durch lange Seile.<\/p>\n","protected":false},"excerpt":{"rendered":"<p>Mit seinem wasserdichten Material sch\u00fctzt dieser Rucksack Ihre Sachen vor Regen oder Spritzern und ist somit ideal f\u00fcr den Einsatz bei Outdoor-Aktivit\u00e4ten oder am Strand.<\/p>\n","protected":false},"featured_media":17689,"comment_status":"closed","ping_status":"open","template":"","meta":[],"product_brand":[],"product_cat":[465],"product_tag":[],"class_list":{"0":"post-17688","1":"product","2":"type-product","3":"status-publish","4":"has-post-thumbnail","6":"product_cat-rucksaecke-taschen","8":"first","9":"instock","10":"shipping-taxable","11":"purchasable","12":"product-type-simple"},"_links":{"self":[{"href":"https:\/\/9play.de\/shop\/wp-json\/wp\/v2\/product\/17688","targetHints":{"allow":["GET"]}}],"collection":[{"href":"https:\/\/9play.de\/shop\/wp-json\/wp\/v2\/product"}],"about":[{"href":"https:\/\/9play.de\/shop\/wp-json\/wp\/v2\/types\/product"}],"replies":[{"embeddable":true,"href":"https:\/\/9play.de\/shop\/wp-json\/wp\/v2\/comments?post=17688"}],"wp:featuredmedia":[{"embeddable":true,"href":"https:\/\/9play.de\/shop\/wp-json\/wp\/v2\/media\/17689"}],"wp:attachment":[{"href":"https:\/\/9play.de\/shop\/wp-json\/wp\/v2\/media?parent=17688"}],"wp:term":[{"taxonomy":"product_brand","embeddable":true,"href":"https:\/\/9play.de\/shop\/wp-json\/wp\/v2\/product_brand?post=17688"},{"taxonomy":"product_cat","embeddable":true,"href":"https:\/\/9play.de\/shop\/wp-json\/wp\/v2\/product_cat?post=17688"},{"taxonomy":"product_tag","embeddable":true,"href":"https:\/\/9play.de\/shop\/wp-json\/wp\/v2\/product_tag?post=17688"}],"curies":[{"name":"wp","href":"https:\/\/api.w.org\/{rel}","templated":true}]}}