{"id":17694,"date":"2024-10-06T18:28:24","date_gmt":"2024-10-06T16:28:24","guid":{"rendered":"https:\/\/9play.de\/shop\/produkt\/jurassic-world-malset-mit-bildern-stiften-und-aufklebern\/"},"modified":"2024-10-06T18:28:28","modified_gmt":"2024-10-06T16:28:28","slug":"jurassic-world-malset-mit-bildern-stiften-und-aufklebern","status":"publish","type":"product","link":"https:\/\/9play.de\/shop\/produkt\/jurassic-world-malset-mit-bildern-stiften-und-aufklebern\/","title":{"rendered":"Jurassic World Malset mit Bildern, Stiften und Aufklebern"},"content":{"rendered":"<p>Das Jurassic World Malset ist das perfekte Geschenk f\u00fcr jeden Fan von Dinosauriern und der Jurassic Park-Filmreihe.<br \/>Es enth\u00e4lt 8 Bilder zum Ausmalen, die mit beliebten Charakteren und Szenen aus den Filmen gestaltet sind.<br \/>Au\u00dferdem sind 6 Buntstifte enthalten, die den Kindern ein tolles Malerlebnis bieten.<br \/>Das Set wird durch ein Aufkleber-Set abgerundet, mit dem die Kinder ihre Kunstwerke personalisieren k\u00f6nnen.<br \/>Das Jurassic World Malset ist ein gro\u00dfartiges Geschenk f\u00fcr kreative Kinder, die ihre Fantasie entfalten und dabei stundenlangen Spa\u00df haben m\u00f6chten.<\/p>\n<p>Inhalt: 8 Bilder zum ausmalen, 6 Buntstifte, Aufkleber-Set<br \/>Altersempfehlung: ab 3 Jahre<br \/>Gr\u00f6\u00dfe: ca. 29 x 21 x 1 cm<br \/>Material: Papier<\/p>\n<p>Achtung: Nicht f\u00fcr Kinder unter 36 Monaten geeignet wegen verschluckbarer Kleinteile, Erstickungsgefahr.<\/p>\n","protected":false},"excerpt":{"rendered":"<p>Es enth\u00e4lt 8 Bilder zum Ausmalen, die mit beliebten Charakteren und Szenen aus den Filmen gestaltet sind.<\/p>\n","protected":false},"featured_media":17695,"comment_status":"closed","ping_status":"open","template":"","meta":[],"product_brand":[],"product_cat":[509],"product_tag":[],"class_list":{"0":"post-17694","1":"product","2":"type-product","3":"status-publish","4":"has-post-thumbnail","6":"product_cat-malen-zeichnen","8":"first","9":"instock","10":"shipping-taxable","11":"purchasable","12":"product-type-simple"},"_links":{"self":[{"href":"https:\/\/9play.de\/shop\/wp-json\/wp\/v2\/product\/17694","targetHints":{"allow":["GET"]}}],"collection":[{"href":"https:\/\/9play.de\/shop\/wp-json\/wp\/v2\/product"}],"about":[{"href":"https:\/\/9play.de\/shop\/wp-json\/wp\/v2\/types\/product"}],"replies":[{"embeddable":true,"href":"https:\/\/9play.de\/shop\/wp-json\/wp\/v2\/comments?post=17694"}],"wp:featuredmedia":[{"embeddable":true,"href":"https:\/\/9play.de\/shop\/wp-json\/wp\/v2\/media\/17695"}],"wp:attachment":[{"href":"https:\/\/9play.de\/shop\/wp-json\/wp\/v2\/media?parent=17694"}],"wp:term":[{"taxonomy":"product_brand","embeddable":true,"href":"https:\/\/9play.de\/shop\/wp-json\/wp\/v2\/product_brand?post=17694"},{"taxonomy":"product_cat","embeddable":true,"href":"https:\/\/9play.de\/shop\/wp-json\/wp\/v2\/product_cat?post=17694"},{"taxonomy":"product_tag","embeddable":true,"href":"https:\/\/9play.de\/shop\/wp-json\/wp\/v2\/product_tag?post=17694"}],"curies":[{"name":"wp","href":"https:\/\/api.w.org\/{rel}","templated":true}]}}