{"id":17697,"date":"2024-10-06T18:28:24","date_gmt":"2024-10-06T16:28:24","guid":{"rendered":"https:\/\/9play.de\/shop\/produkt\/jurassic-world-schreibset-mit-stiften-lineal-radiergummi-und-einem-anspitzer\/"},"modified":"2024-10-06T18:28:30","modified_gmt":"2024-10-06T16:28:30","slug":"jurassic-world-schreibset-mit-stiften-lineal-radiergummi-und-einem-anspitzer","status":"publish","type":"product","link":"https:\/\/9play.de\/shop\/produkt\/jurassic-world-schreibset-mit-stiften-lineal-radiergummi-und-einem-anspitzer\/","title":{"rendered":"Jurassic World Schreibset mit Stiften Lineal Radiergummi und einem Anspitzer"},"content":{"rendered":"<p>Das Jurassic World Schreibset besteht aus 13 Teilen und enth\u00e4lt alles, was ein kleiner Dinosaurierfan f\u00fcr den Schreibbedarf ben\u00f6tigt.<br \/>Das Set enth\u00e4lt Buntstifte, Zeichenstifte, ein Lineal, einen Anspitzer und einen Radiergummi.<br \/>Alle Teile sind mit verschiedenen Dinosauriern und Szenen aus der Jurassic World bedruckt, um die Fantasie anzuregen und das Lernen und Schreiben zu einem aufregenden Abenteuer zu machen.<br \/>Das Set ist eine tolle Geschenkidee f\u00fcr Kinder, die gerne zeichnen und schreiben, und es eignet sich perfekt f\u00fcr den Einsatz zu Hause oder in der Schule.&nbsp;<\/p>\n<p>Inhalt: 13 Teile unteranderen Buntstifte, Zeichenstifte, ein Lineal, einen Anspitzer und einen Radiergummi<br \/>Altersempfehlung: ab 3 Jahre<br \/>Verpackung: ca. 25 x 20 x 3 cm<br \/>Material: Papier, Kunststoff<\/p>\n<p>Achtung: Nicht f\u00fcr Kinder unter 36 Monaten geeignet wegen verschluckbarer Kleinteile, Erstickungsgefahr.<\/p>\n","protected":false},"excerpt":{"rendered":"<p>Das Set ist eine tolle Geschenkidee f\u00fcr Kinder, die gerne zeichnen und schreiben, und es eignet sich perfekt f\u00fcr den Einsatz zu Hause oder in der Schule.<\/p>\n","protected":false},"featured_media":17698,"comment_status":"closed","ping_status":"open","template":"","meta":[],"product_brand":[],"product_cat":[509],"product_tag":[],"class_list":{"0":"post-17697","1":"product","2":"type-product","3":"status-publish","4":"has-post-thumbnail","6":"product_cat-malen-zeichnen","8":"first","9":"instock","10":"shipping-taxable","11":"purchasable","12":"product-type-simple"},"_links":{"self":[{"href":"https:\/\/9play.de\/shop\/wp-json\/wp\/v2\/product\/17697","targetHints":{"allow":["GET"]}}],"collection":[{"href":"https:\/\/9play.de\/shop\/wp-json\/wp\/v2\/product"}],"about":[{"href":"https:\/\/9play.de\/shop\/wp-json\/wp\/v2\/types\/product"}],"replies":[{"embeddable":true,"href":"https:\/\/9play.de\/shop\/wp-json\/wp\/v2\/comments?post=17697"}],"wp:featuredmedia":[{"embeddable":true,"href":"https:\/\/9play.de\/shop\/wp-json\/wp\/v2\/media\/17698"}],"wp:attachment":[{"href":"https:\/\/9play.de\/shop\/wp-json\/wp\/v2\/media?parent=17697"}],"wp:term":[{"taxonomy":"product_brand","embeddable":true,"href":"https:\/\/9play.de\/shop\/wp-json\/wp\/v2\/product_brand?post=17697"},{"taxonomy":"product_cat","embeddable":true,"href":"https:\/\/9play.de\/shop\/wp-json\/wp\/v2\/product_cat?post=17697"},{"taxonomy":"product_tag","embeddable":true,"href":"https:\/\/9play.de\/shop\/wp-json\/wp\/v2\/product_tag?post=17697"}],"curies":[{"name":"wp","href":"https:\/\/api.w.org\/{rel}","templated":true}]}}