{"id":17711,"date":"2024-10-06T18:28:24","date_gmt":"2024-10-06T16:28:24","guid":{"rendered":"https:\/\/9play.de\/shop\/produkt\/jurassic-world-regenschirm-dinosaurier-motiv-durchmesser-70cm\/"},"modified":"2024-10-06T18:28:37","modified_gmt":"2024-10-06T16:28:37","slug":"jurassic-world-regenschirm-dinosaurier-motiv-durchmesser-70cm","status":"publish","type":"product","link":"https:\/\/9play.de\/shop\/produkt\/jurassic-world-regenschirm-dinosaurier-motiv-durchmesser-70cm\/","title":{"rendered":"Jurassic World Regenschirm Dinosaurier Motiv Durchmesser 70cm"},"content":{"rendered":"<p>Der gr\u00fcne Jurassic World Regenschirm ist ein Muss f\u00fcr jeden Fan der Jurassic World Filme.<br \/>Mit seinem coolen Dinosaurier-Motiv und dem Durchmesser von 70cm bietet er Schutz vor Regen.<br \/>Der Regenschirm ist robust und langlebig, ideal f\u00fcr den t\u00e4glichen Gebrauch.<br \/>Egal ob auf dem Weg ins Kindergarten oder zur Schule, mit diesem Regenschirm bist du immer stylisch und gut gesch\u00fctzt unterwegs.<\/p>\n<p>Inhalt: 1x Schirm<br \/>Altersempfehlung: ab 3 Jahre<br \/>Gr\u00f6\u00dfe: ca. L. 58 cm; \u00d8 70 cm<br \/>Material: Polyester<\/p>\n<p>Achtung: Nicht f\u00fcr Kinder unter 36 Monaten geeignet wegen verschluckbarer Kleinteile, Erstickungsgefahr.<\/p>\n","protected":false},"excerpt":{"rendered":"<p>Egal ob auf dem Weg ins Kindergarten oder zur Schule, mit diesem Regenschirm bist du immer stylisch und gut gesch\u00fctzt unterwegs.<\/p>\n","protected":false},"featured_media":17712,"comment_status":"closed","ping_status":"open","template":"","meta":[],"product_brand":[],"product_cat":[464],"product_tag":[],"class_list":{"0":"post-17711","1":"product","2":"type-product","3":"status-publish","4":"has-post-thumbnail","6":"product_cat-regenschirme","8":"first","9":"instock","10":"shipping-taxable","11":"purchasable","12":"product-type-simple"},"_links":{"self":[{"href":"https:\/\/9play.de\/shop\/wp-json\/wp\/v2\/product\/17711","targetHints":{"allow":["GET"]}}],"collection":[{"href":"https:\/\/9play.de\/shop\/wp-json\/wp\/v2\/product"}],"about":[{"href":"https:\/\/9play.de\/shop\/wp-json\/wp\/v2\/types\/product"}],"replies":[{"embeddable":true,"href":"https:\/\/9play.de\/shop\/wp-json\/wp\/v2\/comments?post=17711"}],"wp:featuredmedia":[{"embeddable":true,"href":"https:\/\/9play.de\/shop\/wp-json\/wp\/v2\/media\/17712"}],"wp:attachment":[{"href":"https:\/\/9play.de\/shop\/wp-json\/wp\/v2\/media?parent=17711"}],"wp:term":[{"taxonomy":"product_brand","embeddable":true,"href":"https:\/\/9play.de\/shop\/wp-json\/wp\/v2\/product_brand?post=17711"},{"taxonomy":"product_cat","embeddable":true,"href":"https:\/\/9play.de\/shop\/wp-json\/wp\/v2\/product_cat?post=17711"},{"taxonomy":"product_tag","embeddable":true,"href":"https:\/\/9play.de\/shop\/wp-json\/wp\/v2\/product_tag?post=17711"}],"curies":[{"name":"wp","href":"https:\/\/api.w.org\/{rel}","templated":true}]}}