{"id":17713,"date":"2024-10-06T18:28:24","date_gmt":"2024-10-06T16:28:24","guid":{"rendered":"https:\/\/9play.de\/shop\/produkt\/rucksack-mit-schreibwaren-dinosaurier-motiv\/"},"modified":"2024-10-06T18:28:38","modified_gmt":"2024-10-06T16:28:38","slug":"rucksack-mit-schreibwaren-dinosaurier-motiv","status":"publish","type":"product","link":"https:\/\/9play.de\/shop\/produkt\/rucksack-mit-schreibwaren-dinosaurier-motiv\/","title":{"rendered":"Rucksack mit Schreibwaren Dinosaurier Motiv"},"content":{"rendered":"<p>Dieser Rucksack ist perfekt f\u00fcr kleine K\u00fcnstlerinnen und K\u00fcnstler, die gerne unterwegs zeichnen und malen. Der Rucksack enth\u00e4lt ein Stempelset mit verschiedenen Dinosauriermotiven und einem Stempelkissen, sowie eine Auswahl an Buntstiften und Filzstiften in verschiedenen Farben. Es gibt auch Zeichenbl\u00e4tter und Aufkleber mit Dinosauriermotiven, damit Kinder ihrer Kreativit\u00e4t freien Lauf lassen k\u00f6nnen. Der Rucksack ist praktisch und leicht zu tragen, perfekt f\u00fcr Ausfl\u00fcge, Schulausfl\u00fcge und alle anderen Abenteuer.<\/p>\n<p>Inhalt: 1x Rucksack, 4x Stempel, 1x Stempelkissen, 6x Buntstifte, 6x Filzstifte, 5x Zeichenbl\u00e4tter, 6x Aufkleber<br \/>Altersempfehlung: ab 3 Jahre<br \/>Gr\u00f6\u00dfe: ca. 29 x 26 x 7 cm<br \/>Material: Polyester, Papier, Kunststoff<\/p>\n<p>Achtung: Nicht f\u00fcr Kinder unter 36 Monaten geeignet wegen verschluckbarer Kleinteile, Erstickungsgefahr.<br \/>Achtung: Strangulationsgefahr durch lange Seile.<\/p>\n","protected":false},"excerpt":{"rendered":"<p>er Rucksack ist praktisch und leicht zu tragen, perfekt f\u00fcr Ausfl\u00fcge, Schulausfl\u00fcge und alle anderen Abenteuer.<\/p>\n","protected":false},"featured_media":17714,"comment_status":"closed","ping_status":"open","template":"","meta":[],"product_brand":[],"product_cat":[509],"product_tag":[],"class_list":{"0":"post-17713","1":"product","2":"type-product","3":"status-publish","4":"has-post-thumbnail","6":"product_cat-malen-zeichnen","8":"first","9":"instock","10":"shipping-taxable","11":"purchasable","12":"product-type-simple"},"_links":{"self":[{"href":"https:\/\/9play.de\/shop\/wp-json\/wp\/v2\/product\/17713","targetHints":{"allow":["GET"]}}],"collection":[{"href":"https:\/\/9play.de\/shop\/wp-json\/wp\/v2\/product"}],"about":[{"href":"https:\/\/9play.de\/shop\/wp-json\/wp\/v2\/types\/product"}],"replies":[{"embeddable":true,"href":"https:\/\/9play.de\/shop\/wp-json\/wp\/v2\/comments?post=17713"}],"wp:featuredmedia":[{"embeddable":true,"href":"https:\/\/9play.de\/shop\/wp-json\/wp\/v2\/media\/17714"}],"wp:attachment":[{"href":"https:\/\/9play.de\/shop\/wp-json\/wp\/v2\/media?parent=17713"}],"wp:term":[{"taxonomy":"product_brand","embeddable":true,"href":"https:\/\/9play.de\/shop\/wp-json\/wp\/v2\/product_brand?post=17713"},{"taxonomy":"product_cat","embeddable":true,"href":"https:\/\/9play.de\/shop\/wp-json\/wp\/v2\/product_cat?post=17713"},{"taxonomy":"product_tag","embeddable":true,"href":"https:\/\/9play.de\/shop\/wp-json\/wp\/v2\/product_tag?post=17713"}],"curies":[{"name":"wp","href":"https:\/\/api.w.org\/{rel}","templated":true}]}}