{"id":17721,"date":"2024-10-06T18:28:24","date_gmt":"2024-10-06T16:28:24","guid":{"rendered":"https:\/\/9play.de\/shop\/produkt\/rucksack-mit-einem-weltraummotiv-aus-neopren\/"},"modified":"2024-10-06T18:28:41","modified_gmt":"2024-10-06T16:28:41","slug":"rucksack-mit-einem-weltraummotiv-aus-neopren","status":"publish","type":"product","link":"https:\/\/9play.de\/shop\/produkt\/rucksack-mit-einem-weltraummotiv-aus-neopren\/","title":{"rendered":"Rucksack mit einem Weltraummotiv aus Neopren"},"content":{"rendered":"<p>Dieser Kinder Rucksack ist aus strapazierf\u00e4higem Neoprenmaterial gefertigt und verf\u00fcgt \u00fcber ein cooles Raketen- und Planeten-Motiv, das bei kleinen Weltraumliebhabern garantiert f\u00fcr Begeisterung sorgt.<br \/>Der Rucksack hat eine angenehme Gr\u00f6\u00dfe f\u00fcr Kinder und bietet genug Platz f\u00fcr die wichtigsten Dinge wie eine Brotdose, eine Trinkflasche und Spielzeug.<br \/>Mit verstellbaren Schultergurten und einem praktischen Rei\u00dfverschluss ist dieser Rucksack perfekt f\u00fcr den Kindergarten, Ausfl\u00fcge oder den t\u00e4glichen Gebrauch.&nbsp;<\/p>\n<p>Inhalt: 1x Rucksack<br \/>Altersempfehlung: ab 3 Jahre<br \/>Gr\u00f6\u00dfe: ca. 25 cm<br \/>Material: Neopren<\/p>\n<p>Achtung: Nicht f\u00fcr Kinder unter 36 Monaten geeignet wegen verschluckbarer Kleinteile, Erstickungsgefahr.<br \/>Achtung: Strangulationsgefahr durch lange Seile.<\/p>\n","protected":false},"excerpt":{"rendered":"<p>Der Rucksack hat eine angenehme Gr\u00f6\u00dfe f\u00fcr Kinder und bietet genug Platz f\u00fcr die wichtigsten Dinge wie eine Brotdose, eine Trinkflasche und Spielzeug.<\/p>\n","protected":false},"featured_media":17722,"comment_status":"closed","ping_status":"open","template":"","meta":[],"product_brand":[],"product_cat":[465],"product_tag":[],"class_list":{"0":"post-17721","1":"product","2":"type-product","3":"status-publish","4":"has-post-thumbnail","6":"product_cat-rucksaecke-taschen","8":"first","9":"instock","10":"shipping-taxable","11":"purchasable","12":"product-type-simple"},"_links":{"self":[{"href":"https:\/\/9play.de\/shop\/wp-json\/wp\/v2\/product\/17721","targetHints":{"allow":["GET"]}}],"collection":[{"href":"https:\/\/9play.de\/shop\/wp-json\/wp\/v2\/product"}],"about":[{"href":"https:\/\/9play.de\/shop\/wp-json\/wp\/v2\/types\/product"}],"replies":[{"embeddable":true,"href":"https:\/\/9play.de\/shop\/wp-json\/wp\/v2\/comments?post=17721"}],"wp:featuredmedia":[{"embeddable":true,"href":"https:\/\/9play.de\/shop\/wp-json\/wp\/v2\/media\/17722"}],"wp:attachment":[{"href":"https:\/\/9play.de\/shop\/wp-json\/wp\/v2\/media?parent=17721"}],"wp:term":[{"taxonomy":"product_brand","embeddable":true,"href":"https:\/\/9play.de\/shop\/wp-json\/wp\/v2\/product_brand?post=17721"},{"taxonomy":"product_cat","embeddable":true,"href":"https:\/\/9play.de\/shop\/wp-json\/wp\/v2\/product_cat?post=17721"},{"taxonomy":"product_tag","embeddable":true,"href":"https:\/\/9play.de\/shop\/wp-json\/wp\/v2\/product_tag?post=17721"}],"curies":[{"name":"wp","href":"https:\/\/api.w.org\/{rel}","templated":true}]}}