{"id":17723,"date":"2024-10-06T18:28:24","date_gmt":"2024-10-06T16:28:24","guid":{"rendered":"https:\/\/9play.de\/shop\/produkt\/piraten-regenschirm-mit-piraten-symbolen-durchmesser-70cm\/"},"modified":"2024-10-06T18:28:42","modified_gmt":"2024-10-06T16:28:42","slug":"piraten-regenschirm-mit-piraten-symbolen-durchmesser-70cm","status":"publish","type":"product","link":"https:\/\/9play.de\/shop\/produkt\/piraten-regenschirm-mit-piraten-symbolen-durchmesser-70cm\/","title":{"rendered":"Piraten Regenschirm mit Piraten Symbolen Durchmesser 70cm"},"content":{"rendered":"<p>Dieser Kinder Regenschirm mit Piraten Motiv und transparentem Design ist der perfekte Begleiter f\u00fcr kleine Abenteurer an regnerischen Tagen.<br \/>Das Piraten Motiv auf dem Schirm ist farbenfroh und fesselnd, w\u00e4hrend das transparente Material es den Kindern erm\u00f6glicht, ihre Umgebung zu beobachten, w\u00e4hrend sie gesch\u00fctzt bleiben.<br \/>Der Regenschirm ist leicht und einfach zu \u00f6ffnen und zu schlie\u00dfen, was es den Kindern leicht macht, ihn selbst zu benutzen.<br \/>Mit diesem Kinder Regenschirm wird jeder Regentag zu einem Abenteuer!&nbsp;<\/p>\n<p>Inhalt: 1x Schirm<br \/>Altersempfehlung: ab 3 Jahre<br \/>Gr\u00f6\u00dfe: ca. \u00f8 70 x L. 69 cm<br \/>Material: Polyester<\/p>\n<p>Achtung: Nicht f\u00fcr Kinder unter 36 Monaten geeignet wegen verschluckbarer Kleinteile, Erstickungsgefahr.<\/p>\n","protected":false},"excerpt":{"rendered":"<p>Mit diesem Kinder Regenschirm wird jeder Regentag zu einem Abenteuer!<\/p>\n","protected":false},"featured_media":17724,"comment_status":"closed","ping_status":"open","template":"","meta":[],"product_brand":[],"product_cat":[464],"product_tag":[],"class_list":{"0":"post-17723","1":"product","2":"type-product","3":"status-publish","4":"has-post-thumbnail","6":"product_cat-regenschirme","8":"first","9":"instock","10":"shipping-taxable","11":"purchasable","12":"product-type-simple"},"_links":{"self":[{"href":"https:\/\/9play.de\/shop\/wp-json\/wp\/v2\/product\/17723","targetHints":{"allow":["GET"]}}],"collection":[{"href":"https:\/\/9play.de\/shop\/wp-json\/wp\/v2\/product"}],"about":[{"href":"https:\/\/9play.de\/shop\/wp-json\/wp\/v2\/types\/product"}],"replies":[{"embeddable":true,"href":"https:\/\/9play.de\/shop\/wp-json\/wp\/v2\/comments?post=17723"}],"wp:featuredmedia":[{"embeddable":true,"href":"https:\/\/9play.de\/shop\/wp-json\/wp\/v2\/media\/17724"}],"wp:attachment":[{"href":"https:\/\/9play.de\/shop\/wp-json\/wp\/v2\/media?parent=17723"}],"wp:term":[{"taxonomy":"product_brand","embeddable":true,"href":"https:\/\/9play.de\/shop\/wp-json\/wp\/v2\/product_brand?post=17723"},{"taxonomy":"product_cat","embeddable":true,"href":"https:\/\/9play.de\/shop\/wp-json\/wp\/v2\/product_cat?post=17723"},{"taxonomy":"product_tag","embeddable":true,"href":"https:\/\/9play.de\/shop\/wp-json\/wp\/v2\/product_tag?post=17723"}],"curies":[{"name":"wp","href":"https:\/\/api.w.org\/{rel}","templated":true}]}}