{"id":17725,"date":"2024-10-06T18:28:24","date_gmt":"2024-10-06T16:28:24","guid":{"rendered":"https:\/\/9play.de\/shop\/produkt\/brotdose-mit-lustigen-dinosaurier-motiv\/"},"modified":"2024-10-06T18:28:43","modified_gmt":"2024-10-06T16:28:43","slug":"brotdose-mit-lustigen-dinosaurier-motiv","status":"publish","type":"product","link":"https:\/\/9play.de\/shop\/produkt\/brotdose-mit-lustigen-dinosaurier-motiv\/","title":{"rendered":"Brotdose mit lustigen Dinosaurier Motiv"},"content":{"rendered":"<p>Auf der Suche nach einer Brotdose, die Ihrem Kind das Mittagessen zum Abenteuer macht?<br \/>Dann ist unsere Brotdose mit Dinosaurier Motiv genau das Richtige f\u00fcr dich!<br \/>Die robuste und langlebige Brotdose h\u00e4lt das Essen frisch und sicher aufbewahrt, w\u00e4hrend das lustige Dinosaurier Motiv die Fantasie deines Kindes anregt.<br \/>Mit einem ger\u00e4umigen Innenraum und einem einfach zu \u00f6ffnenden Deckel ist diese Brotdose perfekt f\u00fcr unterwegs und f\u00fcr den t\u00e4glichen Gebrauch in der Schule oder auf Ausfl\u00fcgen.<br \/>Mache dein Fr\u00fchst\u00fcck oder das Mittagessen zu einem Dinosaurier-Abenteuer!<\/p>\n<p>Inhalt: 1x Brotdose<br \/>Altersempfehlung: ab 3 Jahre<br \/>Gr\u00f6\u00dfe: ca. 17,5 x 13,5 x 6,5 cm<br \/>Material: Kunststoff<\/p>\n<p>Achtung: Nicht f\u00fcr Kinder unter 36 Monaten geeignet wegen verschluckbarer Kleinteile, Erstickungsgefahr.<\/p>\n","protected":false},"excerpt":{"rendered":"<p>Mit einem ger\u00e4umigen Innenraum und einem einfach zu \u00f6ffnenden Deckel ist diese Brotdose perfekt f\u00fcr unterwegs und f\u00fcr den t\u00e4glichen Gebrauch in der Schule oder auf Ausfl\u00fcgen.<\/p>\n","protected":false},"featured_media":17726,"comment_status":"closed","ping_status":"open","template":"","meta":[],"product_brand":[],"product_cat":[463],"product_tag":[],"class_list":{"0":"post-17725","1":"product","2":"type-product","3":"status-publish","4":"has-post-thumbnail","6":"product_cat-brotdosen","8":"first","9":"instock","10":"shipping-taxable","11":"purchasable","12":"product-type-simple"},"_links":{"self":[{"href":"https:\/\/9play.de\/shop\/wp-json\/wp\/v2\/product\/17725","targetHints":{"allow":["GET"]}}],"collection":[{"href":"https:\/\/9play.de\/shop\/wp-json\/wp\/v2\/product"}],"about":[{"href":"https:\/\/9play.de\/shop\/wp-json\/wp\/v2\/types\/product"}],"replies":[{"embeddable":true,"href":"https:\/\/9play.de\/shop\/wp-json\/wp\/v2\/comments?post=17725"}],"wp:featuredmedia":[{"embeddable":true,"href":"https:\/\/9play.de\/shop\/wp-json\/wp\/v2\/media\/17726"}],"wp:attachment":[{"href":"https:\/\/9play.de\/shop\/wp-json\/wp\/v2\/media?parent=17725"}],"wp:term":[{"taxonomy":"product_brand","embeddable":true,"href":"https:\/\/9play.de\/shop\/wp-json\/wp\/v2\/product_brand?post=17725"},{"taxonomy":"product_cat","embeddable":true,"href":"https:\/\/9play.de\/shop\/wp-json\/wp\/v2\/product_cat?post=17725"},{"taxonomy":"product_tag","embeddable":true,"href":"https:\/\/9play.de\/shop\/wp-json\/wp\/v2\/product_tag?post=17725"}],"curies":[{"name":"wp","href":"https:\/\/api.w.org\/{rel}","templated":true}]}}