{"id":17732,"date":"2024-10-06T18:28:24","date_gmt":"2024-10-06T16:28:24","guid":{"rendered":"https:\/\/9play.de\/shop\/produkt\/dinosaurier-regenschirm-mit-verschiedenen-dinos-durchmesser-70cm\/"},"modified":"2024-10-06T18:28:48","modified_gmt":"2024-10-06T16:28:48","slug":"dinosaurier-regenschirm-mit-verschiedenen-dinos-durchmesser-70cm","status":"publish","type":"product","link":"https:\/\/9play.de\/shop\/produkt\/dinosaurier-regenschirm-mit-verschiedenen-dinos-durchmesser-70cm\/","title":{"rendered":"Dinosaurier Regenschirm mit verschiedenen Dinos Durchmesser 70cm"},"content":{"rendered":"<p>Auf der Suche nach einem kinderfreundlichen Regenschirm, der das nasse Wetter zu einem Abenteuer macht?<br \/>Dann ist unser Dinosaurier Regenschirm genau das Richtige f\u00fcr dich!<br \/>Mit seinem fr\u00f6hlichen Dinosaurier-Motiv und seiner langlebigen Konstruktion ist dieser Regenschirm die perfekte Wahl f\u00fcr kleine Entdecker.<br \/>Der handliche Griff und die kinderleichte Bedienung machen ihn zum idealen Begleiter f\u00fcr Regentage im Freien.<br \/>Also, schnappen Sie sich unseren Dinosaurier Regenschirm und lassen Sie den Spa\u00df beginnen!&nbsp;<\/p>\n<p>Inhalt: 1x Schirm<br \/>Altersempfehlung: ab 3 Jahre<br \/>Gr\u00f6\u00dfe: ca. L. 68 cm; \u00d8 70&nbsp;cm<br \/>Material: Polyester<\/p>\n<p>Achtung: Nicht f\u00fcr Kinder unter 36 Monaten geeignet wegen verschluckbarer Kleinteile, Erstickungsgefahr.<\/p>\n","protected":false},"excerpt":{"rendered":"<p>Mit seinem fr\u00f6hlichen Dinosaurier-Motiv und seiner langlebigen Konstruktion ist dieser Regenschirm die perfekte Wahl f\u00fcr kleine Entdecker.<\/p>\n","protected":false},"featured_media":17733,"comment_status":"closed","ping_status":"open","template":"","meta":[],"product_brand":[],"product_cat":[464],"product_tag":[],"class_list":{"0":"post-17732","1":"product","2":"type-product","3":"status-publish","4":"has-post-thumbnail","6":"product_cat-regenschirme","8":"first","9":"instock","10":"shipping-taxable","11":"purchasable","12":"product-type-simple"},"_links":{"self":[{"href":"https:\/\/9play.de\/shop\/wp-json\/wp\/v2\/product\/17732","targetHints":{"allow":["GET"]}}],"collection":[{"href":"https:\/\/9play.de\/shop\/wp-json\/wp\/v2\/product"}],"about":[{"href":"https:\/\/9play.de\/shop\/wp-json\/wp\/v2\/types\/product"}],"replies":[{"embeddable":true,"href":"https:\/\/9play.de\/shop\/wp-json\/wp\/v2\/comments?post=17732"}],"wp:featuredmedia":[{"embeddable":true,"href":"https:\/\/9play.de\/shop\/wp-json\/wp\/v2\/media\/17733"}],"wp:attachment":[{"href":"https:\/\/9play.de\/shop\/wp-json\/wp\/v2\/media?parent=17732"}],"wp:term":[{"taxonomy":"product_brand","embeddable":true,"href":"https:\/\/9play.de\/shop\/wp-json\/wp\/v2\/product_brand?post=17732"},{"taxonomy":"product_cat","embeddable":true,"href":"https:\/\/9play.de\/shop\/wp-json\/wp\/v2\/product_cat?post=17732"},{"taxonomy":"product_tag","embeddable":true,"href":"https:\/\/9play.de\/shop\/wp-json\/wp\/v2\/product_tag?post=17732"}],"curies":[{"name":"wp","href":"https:\/\/api.w.org\/{rel}","templated":true}]}}