{"id":17743,"date":"2024-10-06T18:28:53","date_gmt":"2024-10-06T16:28:53","guid":{"rendered":"https:\/\/9play.de\/shop\/produkt\/dino-nachtlicht-mit-einem-lustigen-t-rex-im-anzug\/"},"modified":"2024-10-06T18:28:54","modified_gmt":"2024-10-06T16:28:54","slug":"dino-nachtlicht-mit-einem-lustigen-t-rex-im-anzug","status":"publish","type":"product","link":"https:\/\/9play.de\/shop\/produkt\/dino-nachtlicht-mit-einem-lustigen-t-rex-im-anzug\/","title":{"rendered":"Dino Nachtlicht mit einem lustigen T-Rex im Anzug"},"content":{"rendered":"<p>Die Tischlampe mit Dinosaurier Motiv, einem T-Rex im Anzug ist eine einzigartige und lustige Erg\u00e4nzung f\u00fcr jeden Raum.<br \/>Sie ist batteriebetrieben, was bedeutet, dass keine Kabel ben\u00f6tigt werden und die Lampe einfach an jedem Ort platziert werden kann.<br \/>Bitte beachten Sie, dass die Batterien nicht im Lieferumfang enthalten sind und separat erworben werden m\u00fcssen.<br \/>Die Lampe verf\u00fcgt \u00fcber einen Ein-\/Ausschalter und bietet eine angenehme Beleuchtung, um eine gem\u00fctliche Atmosph\u00e4re zu schaffen.<br \/>Die Gr\u00f6\u00dfe der Lampe ist ideal f\u00fcr einen Schreibtisch oder Nachttisch und eignet sich perfekt f\u00fcr Kinderzimmer oder als Geschenk f\u00fcr Dinosaurier-Liebhaber jeden Alters.<br \/>Mit dem T-Rex im Anzug-Motiv wird die Lampe zum Blickfang in jedem Raum und verleiht Ihrem Zuhause einen einzigartigen Charme.<br \/>Wenn Sie auf der Suche nach einer lustigen und originellen Tischlampe sind, dann ist die batteriebetriebene Tischlampe mit Dinosaurier Motiv genau das Richtige f\u00fcr Sie.<\/p>\n<p>Inhalt: 1x Nachtleuchte<br \/>Altersempfehlung: ab 3 Jahre<br \/>Gr\u00f6\u00dfe: ca. \u00d8 9 x 18 cm<br \/>Material: Kunststoff<br \/>Stromversorgung: Batterie ist im Lieferumfang nicht enthalten<\/p>\n<p>Achtung: Nicht f\u00fcr Kinder unter 36 Monaten geeignet wegen verschluckbarer Kleinteile, Erstickungsgefahr.<\/p>\n<p><span style=\"font-size:12pt\"><span style=\"font-family:Times New Roman,serif\">Hinweis zur Entsorgung von Altbatterien<\/span><\/span><\/p>\n<p class=\"Textbody\" style=\"margin-bottom:8px\"><span style=\"font-size:12pt\"><span style=\"font-family:Times New Roman,serif\">Der nachfolgende Hinweis richtet sich an diejenigen, die Batterien oder Produkte mit eingebauten Batterien nutzen und in der an sie gelieferten Form nicht mehr weiterver\u00e4u\u00dfern (Endnutzer):<\/span><\/span><\/p>\n<p class=\"Textbody\" style=\"margin-bottom:8px\"><span style=\"font-size:12pt\"><span style=\"font-family:Times New Roman,serif\">1. Unentgeltliche R\u00fccknahme von Altbatterien<\/span><\/span><\/p>\n<p class=\"Textbody\" style=\"margin-bottom:8px\"><span style=\"font-size:12pt\"><span style=\"font-family:Times New Roman,serif\">Batterien d\u00fcrfen nicht \u00fcber den Hausm\u00fcll entsorgt werden. Sie sind zur R\u00fcckgabe von Altbatterien gesetzlich verpflichtet, damit eine fachgerechte Entsorgung gew\u00e4hrleistet werden kann. Sie k\u00f6nnen Altbatterien an einer kommunalen Sammelstelle oder im Handel vor Ort abgeben. Auch wir sind als Vertreiber von Batterien zur R\u00fccknahme von Altbatterien verpflichtet, wobei sich unsere R\u00fccknahmeverpflichtung auf Altbatterien der Art beschr\u00e4nkt, die wir als Neubatterien in unserem Sortiment f\u00fchren oder gef\u00fchrt haben. Altbatterien vorgenannter Art k\u00f6nnen Sie daher entweder ausreichend frankiert an uns zur\u00fccksenden oder sie direkt an unserem Versandlager unter der im Impressum genannten Adresse unentgeltlich abgeben.<\/span><\/span><\/p>\n<p class=\"Textbody\" style=\"margin-bottom:8px\"><span style=\"font-size:12pt\"><span style=\"font-family:Times New Roman,serif\">2. Bedeutung der Batteriesymbole<\/span><\/span><\/p>\n<p class=\"Textbody\" style=\"margin-bottom:8px\"><span style=\"font-size:12pt\"><span style=\"font-family:Times New Roman,serif\">Batterien sind mit dem Symbol einer durchgekreuzten M\u00fclltonne gekennzeichnet. Dieses Symbol weist darauf hin, dass Batterien nicht in den Hausm\u00fcll gegeben werden d\u00fcrfen. Bei Batterien, die mehr als 0,0005 Masseprozent Quecksilber, mehr als 0,002 Masseprozent Cadmium oder mehr als 0,004 Masseprozent Blei enthalten, befindet sich unter dem M\u00fclltonnen-Symbol die chemische Bezeichnung des jeweils eingesetzten Schadstoffes \u2013 dabei steht &#8222;Cd&#8220; f\u00fcr Cadmium, &#8222;Pb&#8220; steht f\u00fcr Blei, und &#8222;Hg&#8220; f\u00fcr Quecksilber.<\/span><\/span><\/p>\n","protected":false},"excerpt":{"rendered":"<p>Mit dem T-Rex im Anzug-Motiv wird die Lampe zum Blickfang in jedem Raum und verleiht Ihrem Zuhause einen einzigartigen Charme.<\/p>\n","protected":false},"featured_media":17744,"comment_status":"closed","ping_status":"open","template":"","meta":[],"product_brand":[],"product_cat":[501],"product_tag":[],"class_list":{"0":"post-17743","1":"product","2":"type-product","3":"status-publish","4":"has-post-thumbnail","6":"product_cat-nachtleuchten","8":"first","9":"instock","10":"shipping-taxable","11":"purchasable","12":"product-type-simple"},"_links":{"self":[{"href":"https:\/\/9play.de\/shop\/wp-json\/wp\/v2\/product\/17743","targetHints":{"allow":["GET"]}}],"collection":[{"href":"https:\/\/9play.de\/shop\/wp-json\/wp\/v2\/product"}],"about":[{"href":"https:\/\/9play.de\/shop\/wp-json\/wp\/v2\/types\/product"}],"replies":[{"embeddable":true,"href":"https:\/\/9play.de\/shop\/wp-json\/wp\/v2\/comments?post=17743"}],"wp:featuredmedia":[{"embeddable":true,"href":"https:\/\/9play.de\/shop\/wp-json\/wp\/v2\/media\/17744"}],"wp:attachment":[{"href":"https:\/\/9play.de\/shop\/wp-json\/wp\/v2\/media?parent=17743"}],"wp:term":[{"taxonomy":"product_brand","embeddable":true,"href":"https:\/\/9play.de\/shop\/wp-json\/wp\/v2\/product_brand?post=17743"},{"taxonomy":"product_cat","embeddable":true,"href":"https:\/\/9play.de\/shop\/wp-json\/wp\/v2\/product_cat?post=17743"},{"taxonomy":"product_tag","embeddable":true,"href":"https:\/\/9play.de\/shop\/wp-json\/wp\/v2\/product_tag?post=17743"}],"curies":[{"name":"wp","href":"https:\/\/api.w.org\/{rel}","templated":true}]}}