{"id":17752,"date":"2024-10-06T18:28:53","date_gmt":"2024-10-06T16:28:53","guid":{"rendered":"https:\/\/9play.de\/shop\/produkt\/regenschirm-mit-einem-feen-motiv-durchmesser-72cm\/"},"modified":"2024-10-06T18:28:59","modified_gmt":"2024-10-06T16:28:59","slug":"regenschirm-mit-einem-feen-motiv-durchmesser-72cm","status":"publish","type":"product","link":"https:\/\/9play.de\/shop\/produkt\/regenschirm-mit-einem-feen-motiv-durchmesser-72cm\/","title":{"rendered":"Regenschirm mit einem Feen Motiv Durchmesser 72cm"},"content":{"rendered":"<p>Dieser Kinder-Regenschirm mit Feen-Motiv ist ein niedliches Accessoire f\u00fcr kleine M\u00e4dchen an regnerischen Tagen.<br \/>Der Schirm hat einen Durchmesser von etwa 70 cm und eine kindgerechte L\u00e4nge von 68&nbsp;cm.<br \/>Er ist aus robustem Material gefertigt, um den Wetterbedingungen standzuhalten.<br \/>Das Feen-Motiv auf dem Schirm ist farbenfroh und begeistert Kinderherzen. Ein praktischer Tragegriff erleichtert den Transport des Schirms.<br \/>Mit diesem Regenschirm wird jeder Spaziergang im Regen zu einem zauberhaften Erlebnis f\u00fcr kleine M\u00e4dchen.<\/p>\n<p>Inhalt: 1x Schirm<br \/>Altersempfehlung: ab 3 Jahre<br \/>Gr\u00f6\u00dfe: ca. L. 68 cm; \u00d8 72 cm<br \/>Material: Polyester<\/p>\n<p>Achtung: Nicht f\u00fcr Kinder unter 36 Monaten geeignet wegen verschluckbarer Kleinteile, Erstickungsgefahr.<\/p>\n","protected":false},"excerpt":{"rendered":"<p>Das Feen-Motiv auf dem Schirm ist farbenfroh und begeistert Kinderherzen.<\/p>\n","protected":false},"featured_media":17753,"comment_status":"closed","ping_status":"open","template":"","meta":[],"product_brand":[],"product_cat":[464],"product_tag":[],"class_list":{"0":"post-17752","1":"product","2":"type-product","3":"status-publish","4":"has-post-thumbnail","6":"product_cat-regenschirme","8":"first","9":"instock","10":"shipping-taxable","11":"purchasable","12":"product-type-simple"},"_links":{"self":[{"href":"https:\/\/9play.de\/shop\/wp-json\/wp\/v2\/product\/17752","targetHints":{"allow":["GET"]}}],"collection":[{"href":"https:\/\/9play.de\/shop\/wp-json\/wp\/v2\/product"}],"about":[{"href":"https:\/\/9play.de\/shop\/wp-json\/wp\/v2\/types\/product"}],"replies":[{"embeddable":true,"href":"https:\/\/9play.de\/shop\/wp-json\/wp\/v2\/comments?post=17752"}],"wp:featuredmedia":[{"embeddable":true,"href":"https:\/\/9play.de\/shop\/wp-json\/wp\/v2\/media\/17753"}],"wp:attachment":[{"href":"https:\/\/9play.de\/shop\/wp-json\/wp\/v2\/media?parent=17752"}],"wp:term":[{"taxonomy":"product_brand","embeddable":true,"href":"https:\/\/9play.de\/shop\/wp-json\/wp\/v2\/product_brand?post=17752"},{"taxonomy":"product_cat","embeddable":true,"href":"https:\/\/9play.de\/shop\/wp-json\/wp\/v2\/product_cat?post=17752"},{"taxonomy":"product_tag","embeddable":true,"href":"https:\/\/9play.de\/shop\/wp-json\/wp\/v2\/product_tag?post=17752"}],"curies":[{"name":"wp","href":"https:\/\/api.w.org\/{rel}","templated":true}]}}