{"id":17761,"date":"2024-10-06T18:28:53","date_gmt":"2024-10-06T16:28:53","guid":{"rendered":"https:\/\/9play.de\/shop\/produkt\/disney-mickey-mouse-wanduhr-analog\/"},"modified":"2024-10-06T18:29:05","modified_gmt":"2024-10-06T16:29:05","slug":"disney-mickey-mouse-wanduhr-analog","status":"publish","type":"product","link":"https:\/\/9play.de\/shop\/produkt\/disney-mickey-mouse-wanduhr-analog\/","title":{"rendered":"Disney Mickey Mouse Wanduhr Analog"},"content":{"rendered":"<p>Die analoge Wanduhr f\u00fcr das Kinderzimmer ist mit einem farbenfrohen Disney Mickey Mouse Motiv gestaltet und eignet sich perfekt f\u00fcr kleine Fans der beliebten Comicfigur.<br \/>Die Uhr ist aus robustem Material gefertigt und verf\u00fcgt \u00fcber ein pr\u00e4zises Quarz-Uhrwerk, das f\u00fcr eine genaue Zeitanzeige sorgt.<br \/>Die Uhr ist einfach zu installieren und verf\u00fcgt \u00fcber gut erkennbare arabische Ziffern, die Kindern helfen, die Zeit auf spielerische Weise zu lernen.<br \/>Das kindgerechte Design und die hochwertige Verarbeitung machen diese Wanduhr zu einem idealen Accessoire f\u00fcr jedes Kinderzimmer.&nbsp;<\/p>\n<p>Inhalt: 1x Wanduhr<br \/>Altersempfehlung: ab 3 Jahre<br \/>Gr\u00f6\u00dfe: ca. 25 cm<br \/>Material: Kunststoff<br \/>Stromversorgung: Batterie sind nicht im Lieferumfang enthalten&nbsp;<\/p>\n<p>Achtung: Nicht f\u00fcr Kinder unter 36 Monaten geeignet wegen verschluckbarer Kleinteile, Erstickungsgefahr.<\/p>\n<p>&nbsp;<\/p>\n<p>Hinweis zur Entsorgung von Altbatterien<\/p>\n<p>Der nachfolgende Hinweis richtet sich an diejenigen, die Batterien oder Produkte mit eingebauten Batterien nutzen und in der an sie gelieferten Form nicht mehr weiterver\u00e4u\u00dfern (Endnutzer):<\/p>\n<p>1. Unentgeltliche R\u00fccknahme von Altbatterien<\/p>\n<p>Batterien d\u00fcrfen nicht \u00fcber den Hausm\u00fcll entsorgt werden. Sie sind zur R\u00fcckgabe von Altbatterien gesetzlich verpflichtet, damit eine fachgerechte Entsorgung gew\u00e4hrleistet werden kann. Sie k\u00f6nnen Altbatterien an einer kommunalen Sammelstelle oder im Handel vor Ort abgeben. Auch wir sind als Vertreiber von Batterien zur R\u00fccknahme von Altbatterien verpflichtet, wobei sich unsere R\u00fccknahmeverpflichtung auf Altbatterien der Art beschr\u00e4nkt, die wir als Neubatterien in unserem Sortiment f\u00fchren oder gef\u00fchrt haben. Altbatterien vorgenannter Art k\u00f6nnen Sie daher entweder ausreichend frankiert an uns zur\u00fccksenden oder sie direkt an unserem Versandlager unter der im Impressum genannten Adresse unentgeltlich abgeben.<\/p>\n<p>2. Bedeutung der Batteriesymbole<\/p>\n<p>Batterien sind mit dem Symbol einer durchgekreuzten M\u00fclltonne gekennzeichnet. Dieses Symbol weist darauf hin, dass Batterien nicht in den Hausm\u00fcll gegeben werden d\u00fcrfen. Bei Batterien, die mehr als 0,0005 Masseprozent Quecksilber, mehr als 0,002 Masseprozent Cadmium oder mehr als 0,004 Masseprozent Blei enthalten, befindet sich unter dem M\u00fclltonnen-Symbol die chemische Bezeichnung des jeweils eingesetzten Schadstoffes \u2013 dabei steht &#8222;Cd&#8220; f\u00fcr Cadmium, &#8222;Pb&#8220; steht f\u00fcr Blei, und &#8222;Hg&#8220; f\u00fcr Quecksilber.<\/p>\n","protected":false},"excerpt":{"rendered":"<p>Das kindgerechte Design und die hochwertige Verarbeitung machen diese Wanduhr zu einem idealen Accessoire f\u00fcr jedes Kinderzimmer.<\/p>\n","protected":false},"featured_media":17762,"comment_status":"closed","ping_status":"open","template":"","meta":[],"product_brand":[],"product_cat":[514],"product_tag":[],"class_list":{"0":"post-17761","1":"product","2":"type-product","3":"status-publish","4":"has-post-thumbnail","6":"product_cat-wanduhren","8":"first","9":"instock","10":"shipping-taxable","11":"purchasable","12":"product-type-simple"},"_links":{"self":[{"href":"https:\/\/9play.de\/shop\/wp-json\/wp\/v2\/product\/17761","targetHints":{"allow":["GET"]}}],"collection":[{"href":"https:\/\/9play.de\/shop\/wp-json\/wp\/v2\/product"}],"about":[{"href":"https:\/\/9play.de\/shop\/wp-json\/wp\/v2\/types\/product"}],"replies":[{"embeddable":true,"href":"https:\/\/9play.de\/shop\/wp-json\/wp\/v2\/comments?post=17761"}],"wp:featuredmedia":[{"embeddable":true,"href":"https:\/\/9play.de\/shop\/wp-json\/wp\/v2\/media\/17762"}],"wp:attachment":[{"href":"https:\/\/9play.de\/shop\/wp-json\/wp\/v2\/media?parent=17761"}],"wp:term":[{"taxonomy":"product_brand","embeddable":true,"href":"https:\/\/9play.de\/shop\/wp-json\/wp\/v2\/product_brand?post=17761"},{"taxonomy":"product_cat","embeddable":true,"href":"https:\/\/9play.de\/shop\/wp-json\/wp\/v2\/product_cat?post=17761"},{"taxonomy":"product_tag","embeddable":true,"href":"https:\/\/9play.de\/shop\/wp-json\/wp\/v2\/product_tag?post=17761"}],"curies":[{"name":"wp","href":"https:\/\/api.w.org\/{rel}","templated":true}]}}