{"id":17764,"date":"2024-10-06T18:28:53","date_gmt":"2024-10-06T16:28:53","guid":{"rendered":"https:\/\/9play.de\/shop\/produkt\/disney-mickey-mouse-regenschirm-durchmesser-71cm\/"},"modified":"2024-10-06T18:29:06","modified_gmt":"2024-10-06T16:29:06","slug":"disney-mickey-mouse-regenschirm-durchmesser-71cm","status":"publish","type":"product","link":"https:\/\/9play.de\/shop\/produkt\/disney-mickey-mouse-regenschirm-durchmesser-71cm\/","title":{"rendered":"Disney Mickey Mouse Regenschirm Durchmesser 71cm"},"content":{"rendered":"<p>Dieser transparente glockenf\u00f6rmige Regenschirm mit einem Disney Mickey Mouse Motiv und einer Gr\u00f6\u00dfe von \u00d8 71 cm ist perfekt f\u00fcr Kinder, die an regnerischen Tagen trocken bleiben wollen.<br \/>Mit einem einfach zu \u00f6ffnenden Mechanismus k\u00f6nnen Kinder den Regenschirm problemlos selbst \u00f6ffnen und schlie\u00dfen.<br \/>Das s\u00fc\u00dfe Mickey Maus Motiv auf dem Regenschirm macht ihn zu einem Lieblingsaccessoire f\u00fcr kleine Fans der Disney-Charaktere.<br \/>Die Glockenform des Regenschirms bietet ausreichend Platz, um das Kind vor Regen zu sch\u00fctzen, w\u00e4hrend es dennoch eine gute Sicht auf die Umgebung hat.&nbsp;<\/p>\n<p>Inhalt: 1x Schirm<br \/>Altersempfehlung: ab 3 Jahre<br \/>Gr\u00f6\u00dfe: ca. L. 68cm&nbsp; \u00d8 71 cm<br \/>Material: Polyester<\/p>\n<p>Achtung: Nicht f\u00fcr Kinder unter 36 Monaten geeignet wegen verschluckbarer Kleinteile, Erstickungsgefahr.<\/p>\n","protected":false},"excerpt":{"rendered":"<p>Das s\u00fc\u00dfe Mickey Maus Motiv auf dem Regenschirm macht ihn zu einem Lieblingsaccessoire f\u00fcr kleine Fans der Disney-Charaktere.<\/p>\n","protected":false},"featured_media":17765,"comment_status":"closed","ping_status":"open","template":"","meta":[],"product_brand":[],"product_cat":[464],"product_tag":[],"class_list":{"0":"post-17764","1":"product","2":"type-product","3":"status-publish","4":"has-post-thumbnail","6":"product_cat-regenschirme","8":"first","9":"instock","10":"shipping-taxable","11":"purchasable","12":"product-type-simple"},"_links":{"self":[{"href":"https:\/\/9play.de\/shop\/wp-json\/wp\/v2\/product\/17764","targetHints":{"allow":["GET"]}}],"collection":[{"href":"https:\/\/9play.de\/shop\/wp-json\/wp\/v2\/product"}],"about":[{"href":"https:\/\/9play.de\/shop\/wp-json\/wp\/v2\/types\/product"}],"replies":[{"embeddable":true,"href":"https:\/\/9play.de\/shop\/wp-json\/wp\/v2\/comments?post=17764"}],"wp:featuredmedia":[{"embeddable":true,"href":"https:\/\/9play.de\/shop\/wp-json\/wp\/v2\/media\/17765"}],"wp:attachment":[{"href":"https:\/\/9play.de\/shop\/wp-json\/wp\/v2\/media?parent=17764"}],"wp:term":[{"taxonomy":"product_brand","embeddable":true,"href":"https:\/\/9play.de\/shop\/wp-json\/wp\/v2\/product_brand?post=17764"},{"taxonomy":"product_cat","embeddable":true,"href":"https:\/\/9play.de\/shop\/wp-json\/wp\/v2\/product_cat?post=17764"},{"taxonomy":"product_tag","embeddable":true,"href":"https:\/\/9play.de\/shop\/wp-json\/wp\/v2\/product_tag?post=17764"}],"curies":[{"name":"wp","href":"https:\/\/api.w.org\/{rel}","templated":true}]}}