{"id":17772,"date":"2024-10-06T18:28:53","date_gmt":"2024-10-06T16:28:53","guid":{"rendered":"https:\/\/9play.de\/shop\/produkt\/minecraft-regenschirm-mit-vielen-charakteren-aus-dem-spiel-durchmesser-70cm\/"},"modified":"2024-10-06T18:29:10","modified_gmt":"2024-10-06T16:29:10","slug":"minecraft-regenschirm-mit-vielen-charakteren-aus-dem-spiel-durchmesser-70cm","status":"publish","type":"product","link":"https:\/\/9play.de\/shop\/produkt\/minecraft-regenschirm-mit-vielen-charakteren-aus-dem-spiel-durchmesser-70cm\/","title":{"rendered":"Minecraft Regenschirm mit vielen Charakteren aus dem Spiel Durchmesser 70cm"},"content":{"rendered":"<p>Dieser Kinderregenschirm ist perfekt f\u00fcr kleine Minecraft-Fans geeignet, die gerne auch bei Regenwetter drau\u00dfen spielen m\u00f6chten.<br \/>Der Schirm verf\u00fcgt \u00fcber ein farbenfrohes Design mit vielen bekannten Charakteren aus der Minecraft-Welt, das Kindern sicherlich viel Freude bereiten wird.<br \/>Der Schirm ist leicht und einfach zu \u00f6ffnen und schlie\u00dfen, was es auch kleinen H\u00e4nden leicht macht, ihn zu benutzen.<br \/>Mit einem Durchmesser von ca. 70 cm bietet der Schirm ausreichend Schutz vor Regen und h\u00e4lt die Kleinen sch\u00f6n trocken.<br \/>Ein tolles Geschenk f\u00fcr jeden Minecraft-Liebhaber!&nbsp;<\/p>\n<p>Inhalt: 1x Schirm<br \/>Altersempfehlung: ab 3 Jahre<br \/>Gr\u00f6\u00dfe: L. 68 cm; \u00d8 70 cm<br \/>Material: Polyester<\/p>\n<p>Achtung: Nicht f\u00fcr Kinder unter 36 Monaten geeignet wegen verschluckbarer Kleinteile, Erstickungsgefahr.<\/p>\n","protected":false},"excerpt":{"rendered":"<p>er Schirm verf\u00fcgt \u00fcber ein farbenfrohes Design mit vielen bekannten Charakteren aus der Minecraft-Welt, das Kindern sicherlich viel Freude bereiten wird.<\/p>\n","protected":false},"featured_media":17773,"comment_status":"closed","ping_status":"open","template":"","meta":[],"product_brand":[],"product_cat":[540],"product_tag":[],"class_list":{"0":"post-17772","1":"product","2":"type-product","3":"status-publish","4":"has-post-thumbnail","6":"product_cat-outdoor","8":"first","9":"instock","10":"shipping-taxable","11":"purchasable","12":"product-type-simple"},"_links":{"self":[{"href":"https:\/\/9play.de\/shop\/wp-json\/wp\/v2\/product\/17772","targetHints":{"allow":["GET"]}}],"collection":[{"href":"https:\/\/9play.de\/shop\/wp-json\/wp\/v2\/product"}],"about":[{"href":"https:\/\/9play.de\/shop\/wp-json\/wp\/v2\/types\/product"}],"replies":[{"embeddable":true,"href":"https:\/\/9play.de\/shop\/wp-json\/wp\/v2\/comments?post=17772"}],"wp:featuredmedia":[{"embeddable":true,"href":"https:\/\/9play.de\/shop\/wp-json\/wp\/v2\/media\/17773"}],"wp:attachment":[{"href":"https:\/\/9play.de\/shop\/wp-json\/wp\/v2\/media?parent=17772"}],"wp:term":[{"taxonomy":"product_brand","embeddable":true,"href":"https:\/\/9play.de\/shop\/wp-json\/wp\/v2\/product_brand?post=17772"},{"taxonomy":"product_cat","embeddable":true,"href":"https:\/\/9play.de\/shop\/wp-json\/wp\/v2\/product_cat?post=17772"},{"taxonomy":"product_tag","embeddable":true,"href":"https:\/\/9play.de\/shop\/wp-json\/wp\/v2\/product_tag?post=17772"}],"curies":[{"name":"wp","href":"https:\/\/api.w.org\/{rel}","templated":true}]}}