{"id":17782,"date":"2024-10-06T18:28:53","date_gmt":"2024-10-06T16:28:53","guid":{"rendered":"https:\/\/9play.de\/shop\/produkt\/disney-minnie-mouse-rucksack-mit-einem-3d-motiv\/"},"modified":"2024-10-06T18:29:16","modified_gmt":"2024-10-06T16:29:16","slug":"disney-minnie-mouse-rucksack-mit-einem-3d-motiv","status":"publish","type":"product","link":"https:\/\/9play.de\/shop\/produkt\/disney-minnie-mouse-rucksack-mit-einem-3d-motiv\/","title":{"rendered":"Disney Minnie Mouse Rucksack mit einem 3D Motiv"},"content":{"rendered":"<p>Dieser Kinder-Rucksack ist mit einem niedlichen Minnie-Mouse-3D-Motiv gestaltet und hat eine Gr\u00f6\u00dfe von etwa 30 cm.<br \/>Er besteht aus robustem Material und bietet ausreichend Platz f\u00fcr alle wichtigen Dinge, die Kinder auf ihren Abenteuern mitnehmen m\u00f6chten.<br \/>Der Rucksack hat ein Hauptfach mit Rei\u00dfverschluss. Die verstellbaren Schultergurte sind gepolstert, um den Tragekomfort zu erh\u00f6hen, und der Rucksack verf\u00fcgt auch \u00fcber einen praktischen Tragegriff.<br \/>Dieser Rucksack ist eine tolle Wahl f\u00fcr alle kleinen Minnie-Mouse-Fans, die einen praktischen und niedlichen Begleiter f\u00fcr den Alltag suchen.<\/p>\n<p>Inhalt: 1x Rucksack<br \/>Altersempfehlung: ab 3 Jahre<br \/>Gr\u00f6\u00dfe: ca. 30cm<br \/>Material: Polyester<\/p>\n<p>Achtung: Nicht f\u00fcr Kinder unter 36 Monaten geeignet wegen verschluckbarer Kleinteile, Erstickungsgefahr.<br \/>Achtung: Strangulationsgefahr durch lange Seile.<\/p>\n","protected":false},"excerpt":{"rendered":"<p>Dieser Rucksack ist eine tolle Wahl f\u00fcr alle kleinen Minnie-Mouse-Fans, die einen praktischen und niedlichen Begleiter f\u00fcr den Alltag suchen.<\/p>\n","protected":false},"featured_media":17783,"comment_status":"closed","ping_status":"open","template":"","meta":[],"product_brand":[],"product_cat":[465],"product_tag":[],"class_list":{"0":"post-17782","1":"product","2":"type-product","3":"status-publish","4":"has-post-thumbnail","6":"product_cat-rucksaecke-taschen","8":"first","9":"instock","10":"shipping-taxable","11":"purchasable","12":"product-type-simple"},"_links":{"self":[{"href":"https:\/\/9play.de\/shop\/wp-json\/wp\/v2\/product\/17782","targetHints":{"allow":["GET"]}}],"collection":[{"href":"https:\/\/9play.de\/shop\/wp-json\/wp\/v2\/product"}],"about":[{"href":"https:\/\/9play.de\/shop\/wp-json\/wp\/v2\/types\/product"}],"replies":[{"embeddable":true,"href":"https:\/\/9play.de\/shop\/wp-json\/wp\/v2\/comments?post=17782"}],"wp:featuredmedia":[{"embeddable":true,"href":"https:\/\/9play.de\/shop\/wp-json\/wp\/v2\/media\/17783"}],"wp:attachment":[{"href":"https:\/\/9play.de\/shop\/wp-json\/wp\/v2\/media?parent=17782"}],"wp:term":[{"taxonomy":"product_brand","embeddable":true,"href":"https:\/\/9play.de\/shop\/wp-json\/wp\/v2\/product_brand?post=17782"},{"taxonomy":"product_cat","embeddable":true,"href":"https:\/\/9play.de\/shop\/wp-json\/wp\/v2\/product_cat?post=17782"},{"taxonomy":"product_tag","embeddable":true,"href":"https:\/\/9play.de\/shop\/wp-json\/wp\/v2\/product_tag?post=17782"}],"curies":[{"name":"wp","href":"https:\/\/api.w.org\/{rel}","templated":true}]}}