{"id":17784,"date":"2024-10-06T18:28:53","date_gmt":"2024-10-06T16:28:53","guid":{"rendered":"https:\/\/9play.de\/shop\/produkt\/disney-minnie-mouse-brotdose-mit-besteck-i-love-rainbows\/"},"modified":"2024-10-06T18:29:17","modified_gmt":"2024-10-06T16:29:17","slug":"disney-minnie-mouse-brotdose-mit-besteck-i-love-rainbows","status":"publish","type":"product","link":"https:\/\/9play.de\/shop\/produkt\/disney-minnie-mouse-brotdose-mit-besteck-i-love-rainbows\/","title":{"rendered":"Disney Minnie Mouse Brotdose mit Besteck i Love Rainbows"},"content":{"rendered":"<p>Die Kinder Brotdose mit Besteck Minnie Mouse ist ein niedliches und praktisches Set f\u00fcr kleine Fans der ber\u00fchmten Disney-Figur.<br \/>Die Brotdose ist aus robustem Kunststoff gefertigt und verf\u00fcgt \u00fcber einen sicheren Verschluss, zwei F\u00e4cher, um das Essen frisch zu halten.<br \/>Die Brotdose ist mit einem sch\u00f6nen Motiv von Minnie Mouse und ihren typischen roten Schleifen verziert.<br \/>Die Brotdose enth\u00e4lt auch ein passendes Besteckset mit Gabel + L\u00f6ffel.<br \/>Das Besteckset ist ebenfalls mit dem Minnie Mouse-Design verziert und eignet sich perfekt f\u00fcr die Verwendung in der Schule oder beim Ausflug.<br \/>Insgesamt ist die Kinder Brotdose mit Besteck und zwei F\u00e4chern Minnie Mouse eine tolle M\u00f6glichkeit, um Kindern eine Freude zu machen und das Essen unterwegs oder in der Schule praktisch und stilvoll zu transportieren.<\/p>\n<p>Inhalt: 1x Brotdose mit Besteck<br \/>Altersempfehlung: ab 3 Jahre<br \/>Gr\u00f6\u00dfe: ca. 21 x 14 x 6 cm<br \/>Material: Kunststoff<\/p>\n<p>Achtung: Nicht f\u00fcr Kinder unter 36 Monaten geeignet wegen verschluckbarer Kleinteile, Erstickungsgefahr.<\/p>\n","protected":false},"excerpt":{"rendered":"<p>ie Brotdose ist aus robustem Kunststoff gefertigt und verf\u00fcgt \u00fcber einen sicheren Verschluss, zwei F\u00e4cher, um das Essen frisch zu halten<\/p>\n","protected":false},"featured_media":17785,"comment_status":"closed","ping_status":"open","template":"","meta":[],"product_brand":[],"product_cat":[463],"product_tag":[],"class_list":{"0":"post-17784","1":"product","2":"type-product","3":"status-publish","4":"has-post-thumbnail","6":"product_cat-brotdosen","8":"first","9":"instock","10":"shipping-taxable","11":"purchasable","12":"product-type-simple"},"_links":{"self":[{"href":"https:\/\/9play.de\/shop\/wp-json\/wp\/v2\/product\/17784","targetHints":{"allow":["GET"]}}],"collection":[{"href":"https:\/\/9play.de\/shop\/wp-json\/wp\/v2\/product"}],"about":[{"href":"https:\/\/9play.de\/shop\/wp-json\/wp\/v2\/types\/product"}],"replies":[{"embeddable":true,"href":"https:\/\/9play.de\/shop\/wp-json\/wp\/v2\/comments?post=17784"}],"wp:featuredmedia":[{"embeddable":true,"href":"https:\/\/9play.de\/shop\/wp-json\/wp\/v2\/media\/17785"}],"wp:attachment":[{"href":"https:\/\/9play.de\/shop\/wp-json\/wp\/v2\/media?parent=17784"}],"wp:term":[{"taxonomy":"product_brand","embeddable":true,"href":"https:\/\/9play.de\/shop\/wp-json\/wp\/v2\/product_brand?post=17784"},{"taxonomy":"product_cat","embeddable":true,"href":"https:\/\/9play.de\/shop\/wp-json\/wp\/v2\/product_cat?post=17784"},{"taxonomy":"product_tag","embeddable":true,"href":"https:\/\/9play.de\/shop\/wp-json\/wp\/v2\/product_tag?post=17784"}],"curies":[{"name":"wp","href":"https:\/\/api.w.org\/{rel}","templated":true}]}}