{"id":17795,"date":"2024-10-06T18:29:24","date_gmt":"2024-10-06T16:29:24","guid":{"rendered":"https:\/\/9play.de\/shop\/produkt\/paw-patrol-rucksack-mit-einem-3d-motiv\/"},"modified":"2024-10-06T18:29:24","modified_gmt":"2024-10-06T16:29:24","slug":"paw-patrol-rucksack-mit-einem-3d-motiv","status":"publish","type":"product","link":"https:\/\/9play.de\/shop\/produkt\/paw-patrol-rucksack-mit-einem-3d-motiv\/","title":{"rendered":"Paw Patrol Rucksack mit einem 3D Motiv"},"content":{"rendered":"<p>Der Kinder Rucksack mit Paw Patrol 3D Motiv ist perfekt f\u00fcr kleine Fans der beliebten Zeichentrickserie.<br \/>Der Rucksack ist 30 cm gro\u00df und bietet gen\u00fcgend Platz f\u00fcr die wichtigsten Dinge wie Trinkflasche, Snacks und Spielzeug.<br \/>Das 3D-Motiv auf der Vorderseite des Rucksacks zeigt die Paw Patrol-Helden in voller Action. Der Rucksack verf\u00fcgt \u00fcber einen Hauptfach mit Rei\u00dfverschluss.<br \/>Die verstellbaren Schultergurte sorgen f\u00fcr ein bequemes Tragegef\u00fchl, und der Tragegriff oben macht es einfach, den Rucksack aufzunehmen und loszugehen.<br \/>Der Kinder Rucksack mit Paw Patrol 3D Motiv ist ein tolles Geschenk f\u00fcr kleine Abenteurer.&nbsp;<\/p>\n<p>Inhalt: 1x Rucksack<br \/>Altersempfehlung: ab 3 Jahre<br \/>Gr\u00f6\u00dfe: ca. 30 cm<br \/>Material: Polyester<\/p>\n<p>Achtung: Nicht f\u00fcr Kinder unter 36 Monaten geeignet wegen verschluckbarer Kleinteile, Erstickungsgefahr.<br \/>Achtung: Strangulationsgefahr durch lange Seile.<\/p>\n","protected":false},"excerpt":{"rendered":"<p>Der Kinder Rucksack mit Paw Patrol 3D Motiv ist ein tolles Geschenk f\u00fcr kleine Abenteurer.<\/p>\n","protected":false},"featured_media":17796,"comment_status":"closed","ping_status":"open","template":"","meta":[],"product_brand":[],"product_cat":[465],"product_tag":[],"class_list":{"0":"post-17795","1":"product","2":"type-product","3":"status-publish","4":"has-post-thumbnail","6":"product_cat-rucksaecke-taschen","8":"first","9":"instock","10":"shipping-taxable","11":"purchasable","12":"product-type-simple"},"_links":{"self":[{"href":"https:\/\/9play.de\/shop\/wp-json\/wp\/v2\/product\/17795","targetHints":{"allow":["GET"]}}],"collection":[{"href":"https:\/\/9play.de\/shop\/wp-json\/wp\/v2\/product"}],"about":[{"href":"https:\/\/9play.de\/shop\/wp-json\/wp\/v2\/types\/product"}],"replies":[{"embeddable":true,"href":"https:\/\/9play.de\/shop\/wp-json\/wp\/v2\/comments?post=17795"}],"wp:featuredmedia":[{"embeddable":true,"href":"https:\/\/9play.de\/shop\/wp-json\/wp\/v2\/media\/17796"}],"wp:attachment":[{"href":"https:\/\/9play.de\/shop\/wp-json\/wp\/v2\/media?parent=17795"}],"wp:term":[{"taxonomy":"product_brand","embeddable":true,"href":"https:\/\/9play.de\/shop\/wp-json\/wp\/v2\/product_brand?post=17795"},{"taxonomy":"product_cat","embeddable":true,"href":"https:\/\/9play.de\/shop\/wp-json\/wp\/v2\/product_cat?post=17795"},{"taxonomy":"product_tag","embeddable":true,"href":"https:\/\/9play.de\/shop\/wp-json\/wp\/v2\/product_tag?post=17795"}],"curies":[{"name":"wp","href":"https:\/\/api.w.org\/{rel}","templated":true}]}}