{"id":17810,"date":"2024-10-06T18:29:24","date_gmt":"2024-10-06T16:29:24","guid":{"rendered":"https:\/\/9play.de\/shop\/produkt\/paw-patrol-regenschirm-durchmesser-70cm\/"},"modified":"2024-10-06T18:29:31","modified_gmt":"2024-10-06T16:29:31","slug":"paw-patrol-regenschirm-durchmesser-70cm","status":"publish","type":"product","link":"https:\/\/9play.de\/shop\/produkt\/paw-patrol-regenschirm-durchmesser-70cm\/","title":{"rendered":"Paw Patrol Regenschirm Durchmesser 70cm"},"content":{"rendered":"<p>Der Kinder Regenschirm mit Paw Patrol Motiv ist ein farbenfroher und praktischer Begleiter f\u00fcr Regentage. Der Schirm hat eine Gr\u00f6\u00dfe von etwa&nbsp;\u00d8 70&nbsp;cm und bietet somit ausreichend Schutz vor N\u00e4sse.<br \/>Das Motiv der beliebten Kinderserie Paw Patrol ziert den Schirm und wird jedes Kind begeistern.<br \/>Der Schirm ist leicht und handlich. Mit dem kinderfreundlichen Design und der einfachen Handhabung ist der Regenschirm ein tolles Accessoire f\u00fcr jeden kleinen Fan von Paw Patrol.&nbsp;<\/p>\n<p>Inhalt: 1x Schirm<br \/>Altersempfehlung: ab 3 Jahre<br \/>Gr\u00f6\u00dfe: ca. L. 57 cm; \u00d8 70 cm<br \/>Material: Polyester<\/p>\n<p>Achtung: Nicht f\u00fcr Kinder unter 36 Monaten geeignet wegen verschluckbarer Kleinteile, Erstickungsgefahr.<\/p>\n","protected":false},"excerpt":{"rendered":"<p>Mit dem kinderfreundlichen Design und der einfachen Handhabung ist der Regenschirm ein tolles Accessoire f\u00fcr jeden kleinen Fan von Paw Patrol.<\/p>\n","protected":false},"featured_media":17811,"comment_status":"closed","ping_status":"open","template":"","meta":[],"product_brand":[],"product_cat":[464],"product_tag":[],"class_list":{"0":"post-17810","1":"product","2":"type-product","3":"status-publish","4":"has-post-thumbnail","6":"product_cat-regenschirme","8":"first","9":"instock","10":"shipping-taxable","11":"purchasable","12":"product-type-simple"},"_links":{"self":[{"href":"https:\/\/9play.de\/shop\/wp-json\/wp\/v2\/product\/17810","targetHints":{"allow":["GET"]}}],"collection":[{"href":"https:\/\/9play.de\/shop\/wp-json\/wp\/v2\/product"}],"about":[{"href":"https:\/\/9play.de\/shop\/wp-json\/wp\/v2\/types\/product"}],"replies":[{"embeddable":true,"href":"https:\/\/9play.de\/shop\/wp-json\/wp\/v2\/comments?post=17810"}],"wp:featuredmedia":[{"embeddable":true,"href":"https:\/\/9play.de\/shop\/wp-json\/wp\/v2\/media\/17811"}],"wp:attachment":[{"href":"https:\/\/9play.de\/shop\/wp-json\/wp\/v2\/media?parent=17810"}],"wp:term":[{"taxonomy":"product_brand","embeddable":true,"href":"https:\/\/9play.de\/shop\/wp-json\/wp\/v2\/product_brand?post=17810"},{"taxonomy":"product_cat","embeddable":true,"href":"https:\/\/9play.de\/shop\/wp-json\/wp\/v2\/product_cat?post=17810"},{"taxonomy":"product_tag","embeddable":true,"href":"https:\/\/9play.de\/shop\/wp-json\/wp\/v2\/product_tag?post=17810"}],"curies":[{"name":"wp","href":"https:\/\/api.w.org\/{rel}","templated":true}]}}