{"id":17814,"date":"2024-10-06T18:29:24","date_gmt":"2024-10-06T16:29:24","guid":{"rendered":"https:\/\/9play.de\/shop\/produkt\/paw-patrol-aluminium-trinkflasche-mit-bunten-welpen-motiven\/"},"modified":"2024-10-06T18:29:34","modified_gmt":"2024-10-06T16:29:34","slug":"paw-patrol-aluminium-trinkflasche-mit-bunten-welpen-motiven","status":"publish","type":"product","link":"https:\/\/9play.de\/shop\/produkt\/paw-patrol-aluminium-trinkflasche-mit-bunten-welpen-motiven\/","title":{"rendered":"Paw Patrol Aluminium Trinkflasche mit bunten Welpen Motiven"},"content":{"rendered":"<p>Diese Kinder Trinkflasche mit Paw Patrol Motiv ist aus robustem Aluminium gefertigt und eignet sich perfekt f\u00fcr unterwegs.<br \/>Mit einem Fassungsverm\u00f6gen von 500 ml bietet sie ausreichend Platz f\u00fcr Getr\u00e4nke und ist durch den praktischen Drehverschluss auslaufsicher verschlie\u00dfbar.<br \/>Die Flasche&nbsp;kann einfach per Hand gereinigt werden.<br \/>Das Paw Patrol Design wird Kinderherzen h\u00f6her schlagen lassen und f\u00fcr viel Freude sorgen.<\/p>\n<p>Die Farbauswahl erfolgt zuf\u00e4llig, auf Wunsch kann jedoch eine Wunschfarbe bei der Bestellung im Kommentar angegeben werden.<br \/>Inhalt: 1x Trinkflasche<br \/>Altersempfehlung: ab 3 Jahre<br \/>Gr\u00f6\u00dfe: ca. 500ml<br \/>Material: Aluminium, Kunststoff<\/p>\n<p>Achtung: Nicht f\u00fcr Kinder unter 36 Monaten geeignet wegen verschluckbarer Kleinteile, Erstickungsgefahr.<\/p>\n","protected":false},"excerpt":{"rendered":"<p>Das Paw Patrol Design wird Kinderherzen h\u00f6her schlagen lassen und f\u00fcr viel Freude sorgen.<\/p>\n","protected":false},"featured_media":17815,"comment_status":"closed","ping_status":"open","template":"","meta":[],"product_brand":[],"product_cat":[507],"product_tag":[],"class_list":{"0":"post-17814","1":"product","2":"type-product","3":"status-publish","4":"has-post-thumbnail","6":"product_cat-trinkflaschen","8":"first","9":"instock","10":"shipping-taxable","11":"purchasable","12":"product-type-simple"},"_links":{"self":[{"href":"https:\/\/9play.de\/shop\/wp-json\/wp\/v2\/product\/17814","targetHints":{"allow":["GET"]}}],"collection":[{"href":"https:\/\/9play.de\/shop\/wp-json\/wp\/v2\/product"}],"about":[{"href":"https:\/\/9play.de\/shop\/wp-json\/wp\/v2\/types\/product"}],"replies":[{"embeddable":true,"href":"https:\/\/9play.de\/shop\/wp-json\/wp\/v2\/comments?post=17814"}],"wp:featuredmedia":[{"embeddable":true,"href":"https:\/\/9play.de\/shop\/wp-json\/wp\/v2\/media\/17815"}],"wp:attachment":[{"href":"https:\/\/9play.de\/shop\/wp-json\/wp\/v2\/media?parent=17814"}],"wp:term":[{"taxonomy":"product_brand","embeddable":true,"href":"https:\/\/9play.de\/shop\/wp-json\/wp\/v2\/product_brand?post=17814"},{"taxonomy":"product_cat","embeddable":true,"href":"https:\/\/9play.de\/shop\/wp-json\/wp\/v2\/product_cat?post=17814"},{"taxonomy":"product_tag","embeddable":true,"href":"https:\/\/9play.de\/shop\/wp-json\/wp\/v2\/product_tag?post=17814"}],"curies":[{"name":"wp","href":"https:\/\/api.w.org\/{rel}","templated":true}]}}