{"id":17818,"date":"2024-10-06T18:29:24","date_gmt":"2024-10-06T16:29:24","guid":{"rendered":"https:\/\/9play.de\/shop\/produkt\/paw-patrol-schreibset-fuer-kleine-kuenstler\/"},"modified":"2024-10-06T18:29:36","modified_gmt":"2024-10-06T16:29:36","slug":"paw-patrol-schreibset-fuer-kleine-kuenstler","status":"publish","type":"product","link":"https:\/\/9play.de\/shop\/produkt\/paw-patrol-schreibset-fuer-kleine-kuenstler\/","title":{"rendered":"Paw Patrol Schreibset f\u00fcr kleine K\u00fcnstler"},"content":{"rendered":"<p>Dieses Kinder Schreibset mit Paw Patrol Motiv und 52 Teilen ist perfekt f\u00fcr kleine K\u00fcnstlerinnen und K\u00fcnstler, die gerne malen und zeichnen.<br \/>Das Set enth\u00e4lt 10 Aquarellfarben, 24 Buntstifte, Farbstifte und Sharpies, 2 Bl\u00e4tter mit Paw Patrol-Aufklebern, ein Lineal, einen HB Bleistift, einen Bleistiftspitzer, einen Radiergummi, einen Schwamm, eine Mischpalette und einen Pinsel.<br \/>Mit diesem umfangreichen Set k\u00f6nnen Kinder ihrer Kreativit\u00e4t freien Lauf lassen und verschiedene Techniken ausprobieren.<br \/>Ob es darum geht, ein Bild zu malen oder zu zeichnen oder um die Gestaltung von Bastelprojekten, dieses Set bietet alles, was Kinder brauchen, um ihre Kunstwerke zum Leben zu erwecken.<\/p>\n<p>Inhalt: 52 Teile unterwandern 10x Aquarellfarben, 24x Buntstifte, Farbstifte und Sharpies, 2x Bl\u00e4tter mit Paw Patrol-Aufklebern, Lineal, 1x HB Bleistift, 1x Bleistiftspitzer, 1x Radiergummi, 1x Schwamm, 1x Mischpalette, 1x Pinsel<br \/>Altersempfehlung: ab 3 Jahre<br \/>Verpackung: ca. 4 \u00d7 26 \u00d7 46 cm<br \/>Material: Papier, Pappe, Kunststoff<\/p>\n<p>Achtung: Nicht f\u00fcr Kinder unter 36 Monaten geeignet wegen verschluckbarer Kleinteile, Erstickungsgefahr.<\/p>\n","protected":false},"excerpt":{"rendered":"<p>Ob es darum geht, ein Bild zu malen oder zu zeichnen oder um die Gestaltung von Bastelprojekten, dieses Set bietet alles, was Kinder brauchen, um ihre Kunstwerke zum Leben zu erwecken.<\/p>\n","protected":false},"featured_media":17819,"comment_status":"closed","ping_status":"open","template":"","meta":[],"product_brand":[],"product_cat":[509],"product_tag":[],"class_list":{"0":"post-17818","1":"product","2":"type-product","3":"status-publish","4":"has-post-thumbnail","6":"product_cat-malen-zeichnen","8":"first","9":"instock","10":"shipping-taxable","11":"purchasable","12":"product-type-simple"},"_links":{"self":[{"href":"https:\/\/9play.de\/shop\/wp-json\/wp\/v2\/product\/17818","targetHints":{"allow":["GET"]}}],"collection":[{"href":"https:\/\/9play.de\/shop\/wp-json\/wp\/v2\/product"}],"about":[{"href":"https:\/\/9play.de\/shop\/wp-json\/wp\/v2\/types\/product"}],"replies":[{"embeddable":true,"href":"https:\/\/9play.de\/shop\/wp-json\/wp\/v2\/comments?post=17818"}],"wp:featuredmedia":[{"embeddable":true,"href":"https:\/\/9play.de\/shop\/wp-json\/wp\/v2\/media\/17819"}],"wp:attachment":[{"href":"https:\/\/9play.de\/shop\/wp-json\/wp\/v2\/media?parent=17818"}],"wp:term":[{"taxonomy":"product_brand","embeddable":true,"href":"https:\/\/9play.de\/shop\/wp-json\/wp\/v2\/product_brand?post=17818"},{"taxonomy":"product_cat","embeddable":true,"href":"https:\/\/9play.de\/shop\/wp-json\/wp\/v2\/product_cat?post=17818"},{"taxonomy":"product_tag","embeddable":true,"href":"https:\/\/9play.de\/shop\/wp-json\/wp\/v2\/product_tag?post=17818"}],"curies":[{"name":"wp","href":"https:\/\/api.w.org\/{rel}","templated":true}]}}