{"id":17825,"date":"2024-10-06T18:29:24","date_gmt":"2024-10-06T16:29:24","guid":{"rendered":"https:\/\/9play.de\/shop\/produkt\/paw-patrol-lunchset-brotdose-mit-einer-aluminium-trinkflasche\/"},"modified":"2024-10-06T18:29:39","modified_gmt":"2024-10-06T16:29:39","slug":"paw-patrol-lunchset-brotdose-mit-einer-aluminium-trinkflasche","status":"publish","type":"product","link":"https:\/\/9play.de\/shop\/produkt\/paw-patrol-lunchset-brotdose-mit-einer-aluminium-trinkflasche\/","title":{"rendered":"Paw Patrol Lunchset Brotdose mit einer Aluminium Trinkflasche"},"content":{"rendered":"<p>Das Kinder Aluminium Trinkflaschen-Set mit Brotdose und Pad Patrol Motiv ist ein perfektes Set f\u00fcr Schule, Ausfl\u00fcge oder Sportaktivit\u00e4ten.<br \/>Die Trinkflasche ist aus leichtem und robustem Aluminium hergestellt und hat ein Fassungsverm\u00f6gen von 500 ml, was ideal f\u00fcr Kinder ist.<br \/>Die Flasche verf\u00fcgt \u00fcber eine Schraubkappe mit Trinkverschluss, der verhindert, dass Fl\u00fcssigkeit ausl\u00e4uft.<br \/>Die passende Brotdose hat ebenfalls ein Pad Patrol Motiv und ist gro\u00df genug, um eine abwechslungsreiche Mahlzeit aufzunehmen.<br \/>Die Brotdose hat einen Klippverschluss, der das Essen sicher h\u00e4lt.<br \/>Das Pad Patrol Motiv wird bei Kindern sehr beliebt sein und sie werden es gerne zur Schule oder zum Ausflug mitnehmen.<br \/>Das Set ist leicht zu reinigen und sp\u00fclmaschinenfest, was es auch f\u00fcr die Eltern sehr praktisch macht.<\/p>\n<p>Inhalt: 1x Brotdose, 1x Trinkflasche<br \/>Altersempfehlung: ab 3 Jahre<br \/>Verpackung: ca. 22,5 x 8 x 20 cm<br \/>Flasche: ca. 500 ml<br \/>Material: Aluminium, Kunststoff<\/p>\n<p>Achtung: Nicht f\u00fcr Kinder unter 36 Monaten geeignet wegen verschluckbarer Kleinteile, Erstickungsgefahr.<\/p>\n","protected":false},"excerpt":{"rendered":"<p>Das Pad Patrol Motiv wird bei Kindern sehr beliebt sein und sie werden es gerne zur Schule oder zum Ausflug mitnehmen.<\/p>\n","protected":false},"featured_media":17826,"comment_status":"closed","ping_status":"open","template":"","meta":[],"product_brand":[],"product_cat":[463],"product_tag":[],"class_list":{"0":"post-17825","1":"product","2":"type-product","3":"status-publish","4":"has-post-thumbnail","6":"product_cat-brotdosen","8":"first","9":"instock","10":"shipping-taxable","11":"purchasable","12":"product-type-simple"},"_links":{"self":[{"href":"https:\/\/9play.de\/shop\/wp-json\/wp\/v2\/product\/17825","targetHints":{"allow":["GET"]}}],"collection":[{"href":"https:\/\/9play.de\/shop\/wp-json\/wp\/v2\/product"}],"about":[{"href":"https:\/\/9play.de\/shop\/wp-json\/wp\/v2\/types\/product"}],"replies":[{"embeddable":true,"href":"https:\/\/9play.de\/shop\/wp-json\/wp\/v2\/comments?post=17825"}],"wp:featuredmedia":[{"embeddable":true,"href":"https:\/\/9play.de\/shop\/wp-json\/wp\/v2\/media\/17826"}],"wp:attachment":[{"href":"https:\/\/9play.de\/shop\/wp-json\/wp\/v2\/media?parent=17825"}],"wp:term":[{"taxonomy":"product_brand","embeddable":true,"href":"https:\/\/9play.de\/shop\/wp-json\/wp\/v2\/product_brand?post=17825"},{"taxonomy":"product_cat","embeddable":true,"href":"https:\/\/9play.de\/shop\/wp-json\/wp\/v2\/product_cat?post=17825"},{"taxonomy":"product_tag","embeddable":true,"href":"https:\/\/9play.de\/shop\/wp-json\/wp\/v2\/product_tag?post=17825"}],"curies":[{"name":"wp","href":"https:\/\/api.w.org\/{rel}","templated":true}]}}