{"id":17832,"date":"2024-10-06T18:29:24","date_gmt":"2024-10-06T16:29:24","guid":{"rendered":"https:\/\/9play.de\/shop\/produkt\/peppa-wutz-brotdose-mit-vier-faechern\/"},"modified":"2024-10-06T18:29:43","modified_gmt":"2024-10-06T16:29:43","slug":"peppa-wutz-brotdose-mit-vier-faechern","status":"publish","type":"product","link":"https:\/\/9play.de\/shop\/produkt\/peppa-wutz-brotdose-mit-vier-faechern\/","title":{"rendered":"Peppa Wutz Brotdose mit vier F\u00e4chern"},"content":{"rendered":"<p>Diese Kinder Brotdose von Peppa Wutz ist perfekt f\u00fcr den t\u00e4glichen Gebrauch in der Schule oder f\u00fcr Ausfl\u00fcge geeignet.<br \/>Die Brotdose verf\u00fcgt \u00fcber vier F\u00e4cher, die es erm\u00f6glichen, verschiedene Lebensmittel getrennt voneinander aufzubewahren.<br \/>Somit bleibt das Essen frisch und lecker. Das bunte Peppa Pig Motiv auf der Vorderseite der Brotdose wird Kinder begeistern und f\u00fcr gute Laune sorgen.<br \/>Die Brotdose ist aus hochwertigem, langlebigem Kunststoff gefertigt und l\u00e4sst sich einfach reinigen. Mit den praktischen Verschl\u00fcssen l\u00e4sst sich die Brotdose einfach \u00f6ffnen und schlie\u00dfen.<br \/>Eine tolle Wahl f\u00fcr Eltern, die ihren Kindern eine Freude machen m\u00f6chten und gleichzeitig eine praktische L\u00f6sung f\u00fcr die Pausenverpflegung suchen.<\/p>\n<p>Inhalt: 1x Brotdose<br \/>Altersempfehlung: ab 3 Jahre<br \/>Gr\u00f6\u00dfe: ca. 14 x 14 x 8 cm<br \/>Material: Kunststoff<\/p>\n<p>Achtung: Nicht f\u00fcr Kinder unter 36 Monaten geeignet wegen verschluckbarer Kleinteile, Erstickungsgefahr.<\/p>\n","protected":false},"excerpt":{"rendered":"<p>Eine tolle Wahl f\u00fcr Eltern, die ihren Kindern eine Freude machen m\u00f6chten und gleichzeitig eine praktische L\u00f6sung f\u00fcr die Pausenverpflegung suchen.<\/p>\n","protected":false},"featured_media":17833,"comment_status":"closed","ping_status":"open","template":"","meta":[],"product_brand":[],"product_cat":[463],"product_tag":[],"class_list":{"0":"post-17832","1":"product","2":"type-product","3":"status-publish","4":"has-post-thumbnail","6":"product_cat-brotdosen","8":"first","9":"instock","10":"shipping-taxable","11":"purchasable","12":"product-type-simple"},"_links":{"self":[{"href":"https:\/\/9play.de\/shop\/wp-json\/wp\/v2\/product\/17832","targetHints":{"allow":["GET"]}}],"collection":[{"href":"https:\/\/9play.de\/shop\/wp-json\/wp\/v2\/product"}],"about":[{"href":"https:\/\/9play.de\/shop\/wp-json\/wp\/v2\/types\/product"}],"replies":[{"embeddable":true,"href":"https:\/\/9play.de\/shop\/wp-json\/wp\/v2\/comments?post=17832"}],"wp:featuredmedia":[{"embeddable":true,"href":"https:\/\/9play.de\/shop\/wp-json\/wp\/v2\/media\/17833"}],"wp:attachment":[{"href":"https:\/\/9play.de\/shop\/wp-json\/wp\/v2\/media?parent=17832"}],"wp:term":[{"taxonomy":"product_brand","embeddable":true,"href":"https:\/\/9play.de\/shop\/wp-json\/wp\/v2\/product_brand?post=17832"},{"taxonomy":"product_cat","embeddable":true,"href":"https:\/\/9play.de\/shop\/wp-json\/wp\/v2\/product_cat?post=17832"},{"taxonomy":"product_tag","embeddable":true,"href":"https:\/\/9play.de\/shop\/wp-json\/wp\/v2\/product_tag?post=17832"}],"curies":[{"name":"wp","href":"https:\/\/api.w.org\/{rel}","templated":true}]}}