{"id":17836,"date":"2024-10-06T18:29:24","date_gmt":"2024-10-06T16:29:24","guid":{"rendered":"https:\/\/9play.de\/shop\/produkt\/peppa-wutz-aktivitaeten-haus-mit-ton-licht-raetsel-und-puzzle\/"},"modified":"2024-10-06T18:29:45","modified_gmt":"2024-10-06T16:29:45","slug":"peppa-wutz-aktivitaeten-haus-mit-ton-licht-raetsel-und-puzzle","status":"publish","type":"product","link":"https:\/\/9play.de\/shop\/produkt\/peppa-wutz-aktivitaeten-haus-mit-ton-licht-raetsel-und-puzzle\/","title":{"rendered":"Peppa Wutz Aktivit\u00e4ten Haus mit Ton, Licht, R\u00e4tsel und Puzzle"},"content":{"rendered":"<p>Das Kinder Aktivit\u00e4tshaus mit Sound und Licht ist ein interaktives Spielzeug, das speziell f\u00fcr Babys und Kleinkinder entwickelt wurde.<br \/>Es verf\u00fcgt \u00fcber verschiedene R\u00e4tsel und Puzzles, die die kognitive Entwicklung und die Hand-Augen-Koordination f\u00f6rdern.<br \/>Das Haus hat T\u00fcren, hinter denen sich \u00dcberraschungen verbergen. Die Uhr auf der Vorderseite des Hauses hilft den Kindern, die Zeit zu lernen und zu verstehen, w\u00e4hrend die Walscheibe ihnen die M\u00f6glichkeit gibt, verschiedene Farben und Formen zu erkunden.<br \/>Zahnr\u00e4der und andere mechanische Elemente im Haus f\u00f6rdern das Verst\u00e4ndnis f\u00fcr Ursache und Wirkung, w\u00e4hrend die enthaltenen Peppa Pig Figuren den Kindern vertraute Charaktere aus ihrer Lieblingssendung pr\u00e4sentieren.<br \/>Das Aktivit\u00e4tshaus ist mit einem bunten Peppa Wutz Motiv gestaltet, das die Aufmerksamkeit der Kinder auf sich zieht und stundenlangen Spa\u00df und Unterhaltung bietet.<br \/>Es ist ein perfektes Spielzeug f\u00fcr drinnen und drau\u00dfen und eignet sich hervorragend f\u00fcr Einzel- oder Gruppenspiele.<\/p>\n<p>Inhalt: 1x Aktivit\u00e4ten Hhaus<br \/>Altersempfehlung: ab 18 Monate<br \/>Gr\u00f6\u00dfe: ca. 31,5 x 26 19,7 cm<br \/>Verpackung: ca. 33,5 x 41 x 28 cm<br \/>Stromversorgung: Batterie (im Lieferumfang enthalten)<br \/>Material: Kunststoff<\/p>\n<p>Achtung: Benutzung unter unmittelbarer Aufsicht von Erwachsenen.<\/p>\n<p>Hinweis zur Entsorgung von Altbatterien<\/p>\n<p>Der nachfolgende Hinweis richtet sich an diejenigen, die Batterien oder Produkte mit eingebauten Batterien nutzen und in der an sie gelieferten Form nicht mehr weiterver\u00e4u\u00dfern (Endnutzer):<\/p>\n<p>1. Unentgeltliche R\u00fccknahme von Altbatterien<\/p>\n<p>Batterien d\u00fcrfen nicht \u00fcber den Hausm\u00fcll entsorgt werden. Sie sind zur R\u00fcckgabe von Altbatterien gesetzlich verpflichtet, damit eine fachgerechte Entsorgung gew\u00e4hrleistet werden kann. Sie k\u00f6nnen Altbatterien an einer kommunalen Sammelstelle oder im Handel vor Ort abgeben. Auch wir sind als Vertreiber von Batterien zur R\u00fccknahme von Altbatterien verpflichtet, wobei sich unsere R\u00fccknahmeverpflichtung auf Altbatterien der Art beschr\u00e4nkt, die wir als Neubatterien in unserem Sortiment f\u00fchren oder gef\u00fchrt haben. Altbatterien vorgenannter Art k\u00f6nnen Sie daher entweder ausreichend frankiert an uns zur\u00fccksenden oder sie direkt an unserem Versandlager unter der im Impressum genannten Adresse unentgeltlich abgeben.<\/p>\n<p>2. Bedeutung der Batteriesymbole<\/p>\n<p>Batterien sind mit dem Symbol einer durchgekreuzten M\u00fclltonne gekennzeichnet. Dieses Symbol weist darauf hin, dass Batterien nicht in den Hausm\u00fcll gegeben werden d\u00fcrfen. Bei Batterien, die mehr als 0,0005 Masseprozent Quecksilber, mehr als 0,002 Masseprozent Cadmium oder mehr als 0,004 Masseprozent Blei enthalten, befindet sich unter dem M\u00fclltonnen-Symbol die chemische Bezeichnung des jeweils eingesetzten Schadstoffes \u2013 dabei steht &#8222;Cd&#8220; f\u00fcr Cadmium, &#8222;Pb&#8220; steht f\u00fcr Blei, und &#8222;Hg&#8220; f\u00fcr Quecksilber.<\/p>\n","protected":false},"excerpt":{"rendered":"<p>as Aktivit\u00e4tshaus ist mit einem bunten Peppa Pig Motiv gestaltet, das die Aufmerksamkeit der Kinder auf sich zieht und stundenlangen Spa\u00df und Unterhaltung bietet.<\/p>\n","protected":false},"featured_media":17837,"comment_status":"closed","ping_status":"open","template":"","meta":[],"product_brand":[],"product_cat":[541],"product_tag":[],"class_list":{"0":"post-17836","1":"product","2":"type-product","3":"status-publish","4":"has-post-thumbnail","6":"product_cat-baby","8":"first","9":"instock","10":"shipping-taxable","11":"purchasable","12":"product-type-simple"},"_links":{"self":[{"href":"https:\/\/9play.de\/shop\/wp-json\/wp\/v2\/product\/17836","targetHints":{"allow":["GET"]}}],"collection":[{"href":"https:\/\/9play.de\/shop\/wp-json\/wp\/v2\/product"}],"about":[{"href":"https:\/\/9play.de\/shop\/wp-json\/wp\/v2\/types\/product"}],"replies":[{"embeddable":true,"href":"https:\/\/9play.de\/shop\/wp-json\/wp\/v2\/comments?post=17836"}],"wp:featuredmedia":[{"embeddable":true,"href":"https:\/\/9play.de\/shop\/wp-json\/wp\/v2\/media\/17837"}],"wp:attachment":[{"href":"https:\/\/9play.de\/shop\/wp-json\/wp\/v2\/media?parent=17836"}],"wp:term":[{"taxonomy":"product_brand","embeddable":true,"href":"https:\/\/9play.de\/shop\/wp-json\/wp\/v2\/product_brand?post=17836"},{"taxonomy":"product_cat","embeddable":true,"href":"https:\/\/9play.de\/shop\/wp-json\/wp\/v2\/product_cat?post=17836"},{"taxonomy":"product_tag","embeddable":true,"href":"https:\/\/9play.de\/shop\/wp-json\/wp\/v2\/product_tag?post=17836"}],"curies":[{"name":"wp","href":"https:\/\/api.w.org\/{rel}","templated":true}]}}