{"id":17840,"date":"2024-10-06T18:29:24","date_gmt":"2024-10-06T16:29:24","guid":{"rendered":"https:\/\/9play.de\/shop\/produkt\/peppa-wutz-stapelturm-mit-ton-und-licht\/"},"modified":"2024-10-06T18:29:48","modified_gmt":"2024-10-06T16:29:48","slug":"peppa-wutz-stapelturm-mit-ton-und-licht","status":"publish","type":"product","link":"https:\/\/9play.de\/shop\/produkt\/peppa-wutz-stapelturm-mit-ton-und-licht\/","title":{"rendered":"Peppa Wutz Stapelturm mit Ton und Licht"},"content":{"rendered":"<p>Der Stapelturm mit Sound und Licht und Peppa Wutz Motiv ist ein Spielzeug, das speziell f\u00fcr kleine Kinder entwickelt wurde, um ihre Hand-Augen-Koordination und ihre Feinmotorik zu f\u00f6rdern.<br \/>Der Stapelturm besteht aus vier unterschiedlich gro\u00dfen, farbenfrohen Ringen, die aufeinander gestapelt werden k\u00f6nnen, um einen Turm zu bilden.<br \/>Das Spielzeug ist aus hochwertigem Kunststoff gefertigt und ist robust und langlebig, so dass es den rauesten Spielbedingungen standhalten kann.<br \/>Die verschiedenen Gr\u00f6\u00dfen der Ringe erfordern unterschiedliche F\u00e4higkeiten beim Stapeln und f\u00f6rdern die Entwicklung der Hand-Augen-Koordination und die motorischen F\u00e4higkeiten der Kinder.<br \/>Der Stapelturm kann sowohl drinnen als auch drau\u00dfen verwendet werden und ist ein ideales Geschenk f\u00fcr kleine Kinder&nbsp;<\/p>\n<p>Inhalt: 1x Stapelturm<br \/>Altersempfehlung: ab 12 Monate<br \/>Gr\u00f6\u00dfe: ca. 24,5 x 12,5 cm<br \/>Ringe: ca. 8&#215;2,5; 9&#215;2,5; 10&#215;2,5; 11&#215;2,5 cm<br \/>Stromversorgung: 3x AA batteries (im Lieferumfang nicht enthalten)<br \/>Material: Kunststoff<\/p>\n<p>Achtung: Benutzung unter unmittelbarer Aufsicht von Erwachsenen.<\/p>\n<p>Hinweis zur Entsorgung von Altbatterien<\/p>\n<p>Der nachfolgende Hinweis richtet sich an diejenigen, die Batterien oder Produkte mit eingebauten Batterien nutzen und in der an sie gelieferten Form nicht mehr weiterver\u00e4u\u00dfern (Endnutzer):<\/p>\n<p>1. Unentgeltliche R\u00fccknahme von Altbatterien<\/p>\n<p>Batterien d\u00fcrfen nicht \u00fcber den Hausm\u00fcll entsorgt werden. Sie sind zur R\u00fcckgabe von Altbatterien gesetzlich verpflichtet, damit eine fachgerechte Entsorgung gew\u00e4hrleistet werden kann. Sie k\u00f6nnen Altbatterien an einer kommunalen Sammelstelle oder im Handel vor Ort abgeben. Auch wir sind als Vertreiber von Batterien zur R\u00fccknahme von Altbatterien verpflichtet, wobei sich unsere R\u00fccknahmeverpflichtung auf Altbatterien der Art beschr\u00e4nkt, die wir als Neubatterien in unserem Sortiment f\u00fchren oder gef\u00fchrt haben. Altbatterien vorgenannter Art k\u00f6nnen Sie daher entweder ausreichend frankiert an uns zur\u00fccksenden oder sie direkt an unserem Versandlager unter der im Impressum genannten Adresse unentgeltlich abgeben.<\/p>\n<p>2. Bedeutung der Batteriesymbole<\/p>\n<p>Batterien sind mit dem Symbol einer durchgekreuzten M\u00fclltonne gekennzeichnet. Dieses Symbol weist darauf hin, dass Batterien nicht in den Hausm\u00fcll gegeben werden d\u00fcrfen. Bei Batterien, die mehr als 0,0005 Masseprozent Quecksilber, mehr als 0,002 Masseprozent Cadmium oder mehr als 0,004 Masseprozent Blei enthalten, befindet sich unter dem M\u00fclltonnen-Symbol die chemische Bezeichnung des jeweils eingesetzten Schadstoffes \u2013 dabei steht &#8222;Cd&#8220; f\u00fcr Cadmium, &#8222;Pb&#8220; steht f\u00fcr Blei, und &#8222;Hg&#8220; f\u00fcr Quecksilber.<\/p>\n","protected":false},"excerpt":{"rendered":"<p>Die verschiedenen Gr\u00f6\u00dfen der Ringe erfordern unterschiedliche F\u00e4higkeiten beim Stapeln und f\u00f6rdern die Entwicklung der Hand-Augen-Koordination und die motorischen F\u00e4higkeiten der Kinder.<\/p>\n","protected":false},"featured_media":17841,"comment_status":"closed","ping_status":"open","template":"","meta":[],"product_brand":[],"product_cat":[541],"product_tag":[],"class_list":{"0":"post-17840","1":"product","2":"type-product","3":"status-publish","4":"has-post-thumbnail","6":"product_cat-baby","8":"first","9":"instock","10":"shipping-taxable","11":"purchasable","12":"product-type-simple"},"_links":{"self":[{"href":"https:\/\/9play.de\/shop\/wp-json\/wp\/v2\/product\/17840","targetHints":{"allow":["GET"]}}],"collection":[{"href":"https:\/\/9play.de\/shop\/wp-json\/wp\/v2\/product"}],"about":[{"href":"https:\/\/9play.de\/shop\/wp-json\/wp\/v2\/types\/product"}],"replies":[{"embeddable":true,"href":"https:\/\/9play.de\/shop\/wp-json\/wp\/v2\/comments?post=17840"}],"wp:featuredmedia":[{"embeddable":true,"href":"https:\/\/9play.de\/shop\/wp-json\/wp\/v2\/media\/17841"}],"wp:attachment":[{"href":"https:\/\/9play.de\/shop\/wp-json\/wp\/v2\/media?parent=17840"}],"wp:term":[{"taxonomy":"product_brand","embeddable":true,"href":"https:\/\/9play.de\/shop\/wp-json\/wp\/v2\/product_brand?post=17840"},{"taxonomy":"product_cat","embeddable":true,"href":"https:\/\/9play.de\/shop\/wp-json\/wp\/v2\/product_cat?post=17840"},{"taxonomy":"product_tag","embeddable":true,"href":"https:\/\/9play.de\/shop\/wp-json\/wp\/v2\/product_tag?post=17840"}],"curies":[{"name":"wp","href":"https:\/\/api.w.org\/{rel}","templated":true}]}}