{"id":17844,"date":"2024-10-06T18:29:24","date_gmt":"2024-10-06T16:29:24","guid":{"rendered":"https:\/\/9play.de\/shop\/produkt\/peppa-wutz-stehaufmaennchen-mit-ton\/"},"modified":"2024-10-06T18:29:50","modified_gmt":"2024-10-06T16:29:50","slug":"peppa-wutz-stehaufmaennchen-mit-ton","status":"publish","type":"product","link":"https:\/\/9play.de\/shop\/produkt\/peppa-wutz-stehaufmaennchen-mit-ton\/","title":{"rendered":"Peppa Wutz Stehaufm\u00e4nnchen mit Ton"},"content":{"rendered":"<p>Das Peppa Wutz Roly Poly Stehaufm\u00e4nnchen ist ein unterhaltsames und p\u00e4dagogisches Spielzeug f\u00fcr Babys und Kleinkinder.<br \/>Es ist besonders f\u00fcr die Wachstums- und Lernphasen geeignet, da es das H\u00f6r-, Seh- und Ber\u00fchrungsverm\u00f6gen des Kindes stimuliert und trainiert.<br \/>Das Spielzeug ist aus hochwertigem Material gefertigt und hat eine weiche, kindersichere Oberfl\u00e4che.<br \/>Es verf\u00fcgt \u00fcber Klang- und Bewegungsfunktionen, die das Kind dazu ermutigen, es anzustupsen und zu sch\u00fctteln, um seine Neugier und seine motorischen F\u00e4higkeiten zu f\u00f6rdern.<br \/>Dar\u00fcber hinaus hat das Stehaufm\u00e4nnchen ein ansprechendes und farbenfrohes Design mit dem bekannten Peppa-Pig-Charakter, das Ihrem Kind viel Freude bereiten wird.&nbsp;<\/p>\n<p>Info: Artikel ist sortiert, die Auswahl erfolgt per Zufall. Oder Wunschfarbe bei der Bestellung im Kommentar erw\u00e4hnen.<\/p>\n<p>Inhalt: 1x Stehaufm\u00e4nnchen<br \/>Altersempfehlung: ab 0 Monate<br \/>Gr\u00f6\u00dfe: ca. L. 16 x B. 12 cm<br \/>Stromversorgung: Batterie (im Lieferumfang enthalten)<br \/>Material: Kunststoff<\/p>\n<p>Info: Artikel ist sortiert, die Auswahl erfolgt per Zufall. Oder Wunschfarbe bei der Bestellung im Kommentar erw\u00e4hnen.<\/p>\n<p>Achtung: Benutzung unter unmittelbarer Aufsicht von Erwachsenen.<\/p>\n<p>Hinweis zur Entsorgung von Altbatterien<\/p>\n<p>Der nachfolgende Hinweis richtet sich an diejenigen, die Batterien oder Produkte mit eingebauten Batterien nutzen und in der an sie gelieferten Form nicht mehr weiterver\u00e4u\u00dfern (Endnutzer):<\/p>\n<p>1. Unentgeltliche R\u00fccknahme von Altbatterien<\/p>\n<p>Batterien d\u00fcrfen nicht \u00fcber den Hausm\u00fcll entsorgt werden. Sie sind zur R\u00fcckgabe von Altbatterien gesetzlich verpflichtet, damit eine fachgerechte Entsorgung gew\u00e4hrleistet werden kann. Sie k\u00f6nnen Altbatterien an einer kommunalen Sammelstelle oder im Handel vor Ort abgeben. Auch wir sind als Vertreiber von Batterien zur R\u00fccknahme von Altbatterien verpflichtet, wobei sich unsere R\u00fccknahmeverpflichtung auf Altbatterien der Art beschr\u00e4nkt, die wir als Neubatterien in unserem Sortiment f\u00fchren oder gef\u00fchrt haben. Altbatterien vorgenannter Art k\u00f6nnen Sie daher entweder ausreichend frankiert an uns zur\u00fccksenden oder sie direkt an unserem Versandlager unter der im Impressum genannten Adresse unentgeltlich abgeben.<\/p>\n<p>2. Bedeutung der Batteriesymbole<\/p>\n<p>Batterien sind mit dem Symbol einer durchgekreuzten M\u00fclltonne gekennzeichnet. Dieses Symbol weist darauf hin, dass Batterien nicht in den Hausm\u00fcll gegeben werden d\u00fcrfen. Bei Batterien, die mehr als 0,0005 Masseprozent Quecksilber, mehr als 0,002 Masseprozent Cadmium oder mehr als 0,004 Masseprozent Blei enthalten, befindet sich unter dem M\u00fclltonnen-Symbol die chemische Bezeichnung des jeweils eingesetzten Schadstoffes \u2013 dabei steht &#8222;Cd&#8220; f\u00fcr Cadmium, &#8222;Pb&#8220; steht f\u00fcr Blei, und &#8222;Hg&#8220; f\u00fcr Quecksilber.<\/p>\n","protected":false},"excerpt":{"rendered":"<p>Es verf\u00fcgt \u00fcber Klang- und Bewegungsfunktionen, die das Kind dazu ermutigen, es anzustupsen und zu sch\u00fctteln, um seine Neugier und seine motorischen F\u00e4higkeiten zu f\u00f6rdern.<\/p>\n","protected":false},"featured_media":17845,"comment_status":"closed","ping_status":"open","template":"","meta":[],"product_brand":[],"product_cat":[446],"product_tag":[],"class_list":{"0":"post-17844","1":"product","2":"type-product","3":"status-publish","4":"has-post-thumbnail","6":"product_cat-babyspielzeug","8":"first","9":"instock","10":"shipping-taxable","11":"purchasable","12":"product-type-simple"},"_links":{"self":[{"href":"https:\/\/9play.de\/shop\/wp-json\/wp\/v2\/product\/17844","targetHints":{"allow":["GET"]}}],"collection":[{"href":"https:\/\/9play.de\/shop\/wp-json\/wp\/v2\/product"}],"about":[{"href":"https:\/\/9play.de\/shop\/wp-json\/wp\/v2\/types\/product"}],"replies":[{"embeddable":true,"href":"https:\/\/9play.de\/shop\/wp-json\/wp\/v2\/comments?post=17844"}],"wp:featuredmedia":[{"embeddable":true,"href":"https:\/\/9play.de\/shop\/wp-json\/wp\/v2\/media\/17845"}],"wp:attachment":[{"href":"https:\/\/9play.de\/shop\/wp-json\/wp\/v2\/media?parent=17844"}],"wp:term":[{"taxonomy":"product_brand","embeddable":true,"href":"https:\/\/9play.de\/shop\/wp-json\/wp\/v2\/product_brand?post=17844"},{"taxonomy":"product_cat","embeddable":true,"href":"https:\/\/9play.de\/shop\/wp-json\/wp\/v2\/product_cat?post=17844"},{"taxonomy":"product_tag","embeddable":true,"href":"https:\/\/9play.de\/shop\/wp-json\/wp\/v2\/product_tag?post=17844"}],"curies":[{"name":"wp","href":"https:\/\/api.w.org\/{rel}","templated":true}]}}