{"id":17850,"date":"2024-10-06T18:29:24","date_gmt":"2024-10-06T16:29:24","guid":{"rendered":"https:\/\/9play.de\/shop\/produkt\/peppa-wutz-spielbogen-spielmatte\/"},"modified":"2024-10-06T18:29:55","modified_gmt":"2024-10-06T16:29:55","slug":"peppa-wutz-spielbogen-spielmatte","status":"publish","type":"product","link":"https:\/\/9play.de\/shop\/produkt\/peppa-wutz-spielbogen-spielmatte\/","title":{"rendered":"Peppa Wutz Spielbogen Spielmatte"},"content":{"rendered":"<p>Der Spielbogen mit Peppa Wutz Motiv ist ein unterhaltsames und farbenfrohes Spielzeug f\u00fcr Babys und Kleinkinder.<br \/>Er besteht aus einem stabilen Gestell mit verschiedenen H\u00e4ngespielzeugen, die an B\u00e4ndern befestigt sind und herunterbaumeln.<br \/>Die H\u00e4ngespielzeuge sind alle mit beliebten Charakteren aus der Peppa Pig Zeichentrickserie gestaltet, was bei kleinen Fans f\u00fcr Begeisterung sorgt.<br \/>Zu den H\u00e4ngespielzeugen geh\u00f6ren beispielsweise ein Pl\u00fcschtier von Peppa Pig, ein Spielzeugauto und ein Spiegel, der das Baby zum Entdecken und Spielen anregt.<br \/>Der Spielbogen kann einfach auf dem Boden oder auf einer Decke platziert werden und ist ideal f\u00fcr den Einsatz zu Hause oder auf Reisen.<br \/>Er f\u00f6rdert die motorische Entwicklung und das spielerische Lernen des Babys, indem es seine Sinne und seine Hand-Augen-Koordination trainiert.<br \/>Das Peppa Pig Design macht den Spielbogen zu einem niedlichen und unterhaltsamen Accessoire f\u00fcr das Kinderzimmer und sorgt daf\u00fcr, dass das Baby viel Spa\u00df beim Spielen hat.&nbsp;<\/p>\n<p>Info: Artikel ist sortiert, die Auswahl erfolgt per Zufall. Oder Wunschfarbe bei der Bestellung im Kommentar erw\u00e4hnen.<\/p>\n<p>Inhalt: 1x Spielbogen<br \/>Altersempfehlung: ab 18 Monate<br \/>Gr\u00f6\u00dfe: ca. 49,5 x 40 x 8,5 cm<br \/>Material: Kunststoff, Stoff<\/p>\n<p>Info: Artikel ist sortiert, die Auswahl erfolgt per Zufall. Oder Wunschfarbe bei der Bestellung im Kommentar erw\u00e4hnen.<\/p>\n<p>Achtung: Benutzung unter unmittelbarer Aufsicht von Erwachsenen.<\/p>\n","protected":false},"excerpt":{"rendered":"<p>Das Peppa Wutz Design macht den Spielbogen zu einem niedlichen und unterhaltsamen Accessoire f\u00fcr das Kinderzimmer und sorgt daf\u00fcr, dass das Baby viel Spa\u00df beim Spielen hat.<\/p>\n","protected":false},"featured_media":17851,"comment_status":"closed","ping_status":"open","template":"","meta":[],"product_brand":[],"product_cat":[542],"product_tag":[],"class_list":{"0":"post-17850","1":"product","2":"type-product","3":"status-publish","4":"has-post-thumbnail","6":"product_cat-spielmatten","8":"first","9":"instock","10":"shipping-taxable","11":"purchasable","12":"product-type-simple"},"_links":{"self":[{"href":"https:\/\/9play.de\/shop\/wp-json\/wp\/v2\/product\/17850","targetHints":{"allow":["GET"]}}],"collection":[{"href":"https:\/\/9play.de\/shop\/wp-json\/wp\/v2\/product"}],"about":[{"href":"https:\/\/9play.de\/shop\/wp-json\/wp\/v2\/types\/product"}],"replies":[{"embeddable":true,"href":"https:\/\/9play.de\/shop\/wp-json\/wp\/v2\/comments?post=17850"}],"wp:featuredmedia":[{"embeddable":true,"href":"https:\/\/9play.de\/shop\/wp-json\/wp\/v2\/media\/17851"}],"wp:attachment":[{"href":"https:\/\/9play.de\/shop\/wp-json\/wp\/v2\/media?parent=17850"}],"wp:term":[{"taxonomy":"product_brand","embeddable":true,"href":"https:\/\/9play.de\/shop\/wp-json\/wp\/v2\/product_brand?post=17850"},{"taxonomy":"product_cat","embeddable":true,"href":"https:\/\/9play.de\/shop\/wp-json\/wp\/v2\/product_cat?post=17850"},{"taxonomy":"product_tag","embeddable":true,"href":"https:\/\/9play.de\/shop\/wp-json\/wp\/v2\/product_tag?post=17850"}],"curies":[{"name":"wp","href":"https:\/\/api.w.org\/{rel}","templated":true}]}}