{"id":17855,"date":"2024-10-06T18:29:24","date_gmt":"2024-10-06T16:29:24","guid":{"rendered":"https:\/\/9play.de\/shop\/produkt\/peppa-wutz-ball-mit-beissringen-mit-geraeuschen\/"},"modified":"2024-10-06T18:29:59","modified_gmt":"2024-10-06T16:29:59","slug":"peppa-wutz-ball-mit-beissringen-mit-geraeuschen","status":"publish","type":"product","link":"https:\/\/9play.de\/shop\/produkt\/peppa-wutz-ball-mit-beissringen-mit-geraeuschen\/","title":{"rendered":"Peppa Wutz Ball mit Bei\u00dfringen mit Ger\u00e4uschen"},"content":{"rendered":"<p>Der Peppa Wutz Ball mit Bei\u00dfringen ist ein farbenfrohes und stimulierendes Spielzeug f\u00fcr Babys in ihrer Lernphase. Mit verschiedenen Texturen und Ger\u00e4uschen bietet der Ball sensorische Stimulation und f\u00f6rdert die Entwicklung der Seh-, H\u00f6r- und Ber\u00fchrungssinne des Babys. Zus\u00e4tzlich verf\u00fcgt der Ball \u00fcber Bei\u00dfringe, die das Zahnfleisch massieren und lindern k\u00f6nnen, wenn die ersten Z\u00e4hne des Babys zu wachsen beginnen. Das niedliche Peppa Pig Motiv auf dem Ball wird die Aufmerksamkeit des Babys auf sich ziehen und es dazu ermutigen, das Spielzeug zu greifen und zu erkunden. Mit diesem Spielzeug wird das Lernen durch Spielen noch unterhaltsamer und angenehmer f\u00fcr das Baby.<\/p>\n<p>Inhalt: 1x Bei\u00dfring-Ball<br \/>Altersempfehlung: ab 0 Monate<br \/>Gr\u00f6\u00dfe: ca. \u00d816 cm<br \/>Material: Kunststoff<br \/>Stromversorgung: Batterie ist im Leibesumfang enthalten<\/p>\n<p>Achtung: Benutzung unter unmittelbarer Aufsicht von Erwachsenen.<\/p>\n<p>Hinweis zur Entsorgung von Altbatterien<\/p>\n<p>Der nachfolgende Hinweis richtet sich an diejenigen, die Batterien oder Produkte mit eingebauten Batterien nutzen und in der an sie gelieferten Form nicht mehr weiterver\u00e4u\u00dfern (Endnutzer):<\/p>\n<p>1. Unentgeltliche R\u00fccknahme von Altbatterien<\/p>\n<p>Batterien d\u00fcrfen nicht \u00fcber den Hausm\u00fcll entsorgt werden. Sie sind zur R\u00fcckgabe von Altbatterien gesetzlich verpflichtet, damit eine fachgerechte Entsorgung gew\u00e4hrleistet werden kann. Sie k\u00f6nnen Altbatterien an einer kommunalen Sammelstelle oder im Handel vor Ort abgeben. Auch wir sind als Vertreiber von Batterien zur R\u00fccknahme von Altbatterien verpflichtet, wobei sich unsere R\u00fccknahmeverpflichtung auf Altbatterien der Art beschr\u00e4nkt, die wir als Neubatterien in unserem Sortiment f\u00fchren oder gef\u00fchrt haben. Altbatterien vorgenannter Art k\u00f6nnen Sie daher entweder ausreichend frankiert an uns zur\u00fccksenden oder sie direkt an unserem Versandlager unter der im Impressum genannten Adresse unentgeltlich abgeben.<\/p>\n<p>2. Bedeutung der Batteriesymbole<\/p>\n<p>Batterien sind mit dem Symbol einer durchgekreuzten M\u00fclltonne gekennzeichnet. Dieses Symbol weist darauf hin, dass Batterien nicht in den Hausm\u00fcll gegeben werden d\u00fcrfen. Bei Batterien, die mehr als 0,0005 Masseprozent Quecksilber, mehr als 0,002 Masseprozent Cadmium oder mehr als 0,004 Masseprozent Blei enthalten, befindet sich unter dem M\u00fclltonnen-Symbol die chemische Bezeichnung des jeweils eingesetzten Schadstoffes \u2013 dabei steht &#8222;Cd&#8220; f\u00fcr Cadmium, &#8222;Pb&#8220; steht f\u00fcr Blei, und &#8222;Hg&#8220; f\u00fcr Quecksilber.<\/p>\n","protected":false},"excerpt":{"rendered":"<p>Das niedliche Peppa Wutz Motiv auf dem Ball wird die Aufmerksamkeit des Babys auf sich ziehen und es dazu ermutigen, das Spielzeug zu greifen und zu erkunden.<\/p>\n","protected":false},"featured_media":17856,"comment_status":"closed","ping_status":"open","template":"","meta":[],"product_brand":[],"product_cat":[534],"product_tag":[],"class_list":{"0":"post-17855","1":"product","2":"type-product","3":"status-publish","4":"has-post-thumbnail","6":"product_cat-schnuller-beissringe","8":"first","9":"instock","10":"shipping-taxable","11":"purchasable","12":"product-type-simple"},"_links":{"self":[{"href":"https:\/\/9play.de\/shop\/wp-json\/wp\/v2\/product\/17855","targetHints":{"allow":["GET"]}}],"collection":[{"href":"https:\/\/9play.de\/shop\/wp-json\/wp\/v2\/product"}],"about":[{"href":"https:\/\/9play.de\/shop\/wp-json\/wp\/v2\/types\/product"}],"replies":[{"embeddable":true,"href":"https:\/\/9play.de\/shop\/wp-json\/wp\/v2\/comments?post=17855"}],"wp:featuredmedia":[{"embeddable":true,"href":"https:\/\/9play.de\/shop\/wp-json\/wp\/v2\/media\/17856"}],"wp:attachment":[{"href":"https:\/\/9play.de\/shop\/wp-json\/wp\/v2\/media?parent=17855"}],"wp:term":[{"taxonomy":"product_brand","embeddable":true,"href":"https:\/\/9play.de\/shop\/wp-json\/wp\/v2\/product_brand?post=17855"},{"taxonomy":"product_cat","embeddable":true,"href":"https:\/\/9play.de\/shop\/wp-json\/wp\/v2\/product_cat?post=17855"},{"taxonomy":"product_tag","embeddable":true,"href":"https:\/\/9play.de\/shop\/wp-json\/wp\/v2\/product_tag?post=17855"}],"curies":[{"name":"wp","href":"https:\/\/api.w.org\/{rel}","templated":true}]}}