{"id":17861,"date":"2024-10-06T18:30:04","date_gmt":"2024-10-06T16:30:04","guid":{"rendered":"https:\/\/9play.de\/shop\/produkt\/peppa-wutz-brotdose-mit-besteck\/"},"modified":"2024-10-06T18:30:04","modified_gmt":"2024-10-06T16:30:04","slug":"peppa-wutz-brotdose-mit-besteck","status":"publish","type":"product","link":"https:\/\/9play.de\/shop\/produkt\/peppa-wutz-brotdose-mit-besteck\/","title":{"rendered":"Peppa Wutz Brotdose mit Besteck"},"content":{"rendered":"<p>Die Brotdose mit Peppa Wutz Motiv besteht aus hochwertigem Kunststoff und verf\u00fcgt \u00fcber zwei F\u00e4cher, die ausreichend Platz f\u00fcr eine Mahlzeit bieten.<br \/>Die Brotdose wird mit einem passenden Besteckset geliefert. Das Besteckset besteht aus einer Gabel + L\u00f6ffel und ist perfekt auf die Gr\u00f6\u00dfe der Brotdose abgestimmt.<br \/>Die Brotdose ist leicht zu \u00f6ffnen und zu schlie\u00dfen und l\u00e4sst sich einfach reinigen.<br \/>Sie ist nicht nur praktisch, sondern auch ein lustiger Blickfang f\u00fcr jedes Kindergarten- oder Schulbrot.<\/p>\n<p>Inhalt: 1x Brotdose mit Besteck<br \/>Altersempfehlung: ab 3 Jahre<br \/>Gr\u00f6\u00dfe: ca. 21 x 14 x 6 cm<br \/>Material: Kunststoff<\/p>\n<p>Achtung: Nicht f\u00fcr Kinder unter 36 Monaten geeignet wegen verschluckbarer Kleinteile, Erstickungsgefahr.<\/p>\n","protected":false},"excerpt":{"rendered":"<p>Die Brotdose ist nicht nur praktisch, sondern auch ein lustiger Blickfang f\u00fcr jedes Kindergarten- oder Schulbrot<\/p>\n","protected":false},"featured_media":17862,"comment_status":"closed","ping_status":"open","template":"","meta":[],"product_brand":[],"product_cat":[463],"product_tag":[],"class_list":{"0":"post-17861","1":"product","2":"type-product","3":"status-publish","4":"has-post-thumbnail","6":"product_cat-brotdosen","8":"first","9":"instock","10":"shipping-taxable","11":"purchasable","12":"product-type-simple"},"_links":{"self":[{"href":"https:\/\/9play.de\/shop\/wp-json\/wp\/v2\/product\/17861","targetHints":{"allow":["GET"]}}],"collection":[{"href":"https:\/\/9play.de\/shop\/wp-json\/wp\/v2\/product"}],"about":[{"href":"https:\/\/9play.de\/shop\/wp-json\/wp\/v2\/types\/product"}],"replies":[{"embeddable":true,"href":"https:\/\/9play.de\/shop\/wp-json\/wp\/v2\/comments?post=17861"}],"wp:featuredmedia":[{"embeddable":true,"href":"https:\/\/9play.de\/shop\/wp-json\/wp\/v2\/media\/17862"}],"wp:attachment":[{"href":"https:\/\/9play.de\/shop\/wp-json\/wp\/v2\/media?parent=17861"}],"wp:term":[{"taxonomy":"product_brand","embeddable":true,"href":"https:\/\/9play.de\/shop\/wp-json\/wp\/v2\/product_brand?post=17861"},{"taxonomy":"product_cat","embeddable":true,"href":"https:\/\/9play.de\/shop\/wp-json\/wp\/v2\/product_cat?post=17861"},{"taxonomy":"product_tag","embeddable":true,"href":"https:\/\/9play.de\/shop\/wp-json\/wp\/v2\/product_tag?post=17861"}],"curies":[{"name":"wp","href":"https:\/\/api.w.org\/{rel}","templated":true}]}}